{"id":4050,"date":"2025-10-09T14:57:06","date_gmt":"2025-10-09T17:57:06","guid":{"rendered":"https:\/\/espaginasweb.com\/sinalergia\/?post_type=product&#038;p=4050"},"modified":"2025-10-09T15:01:24","modified_gmt":"2025-10-09T18:01:24","slug":"limpiador-pisos-adms-floorwash-946ml","status":"publish","type":"product","link":"https:\/\/espaginasweb.com\/sinalergia\/tienda\/limpiador-pisos-adms-floorwash-946ml\/","title":{"rendered":"Limpiador de pisos antial\u00e9rgico ADMS Floorwash 946 ml"},"content":{"rendered":"<p>ADMS Floor Wash 32 oz es un potente tratamiento para el cuidado de pisos que con un solo paso neutraliza de forma segura los al\u00e9rgenos de fuentes inertes, como polvo, \u00e1caros, caspa de mascotas, otros al\u00e9rgenos y polen, mientras limpia sus pisos. Limpia la grasa y elimina la suciedad.<\/p>\n<p>Para usar en superficies duras y no porosas.<\/p>\n<p>Botella de 946 ml rinde hasta cuatro veces m\u00e1s de limpiador para pisos.<\/p>\n<p>Elimina la grasa y la suciedad.<\/p>\n<p>Alivio r\u00e1pido y efectivo.<\/p>\n<p>Para usar en superficies duras y no porosas como pisos, baldosas y madera sellada.<\/p>\n<p>Limpia la grasa y la suciedad a la vez que neutraliza los al\u00e9rgenos de fuentes no vivas.<\/p>\n<p>\u00a1Limpieza de alergias simplificada!<\/p>\n<p>Direcci\u00f3n de Uso:<\/p>\n<p>Mezcle 1\/4 de taza (2 oz) con un gal\u00f3n de agua a temperatura ambiente. Trapee y deje secar.<\/p>\n<p>No es necesario enjuagar.<\/p>\n","protected":false},"excerpt":{"rendered":"<p>ADMS Floor Wash es un potente tratamiento para el cuidado de pisos que con un solo paso neutraliza de forma segura los al\u00e9rgenos de fuentes inertes, como polvo, \u00e1caros, caspa de mascotas, otros al\u00e9rgenos y polen, mientras limpia sus pisos. Limpia la grasa y elimina la suciedad.<\/p>\n<p>Para usar en superficies duras y no porosas.<\/p>\n","protected":false},"featured_media":4051,"template":"","meta":[],"product_brand":[],"product_cat":[79],"product_tag":[122,124,125,123],"class_list":{"0":"post-4050","1":"product","2":"type-product","3":"status-publish","4":"has-post-thumbnail","6":"product_cat-antiacaros-hogar","7":"product_tag-acaros","8":"product_tag-caspa-de-animales","9":"product_tag-moho","10":"product_tag-polen","12":"first","13":"instock","14":"featured","15":"shipping-taxable","16":"purchasable","17":"product-type-simple"},"_links":{"self":[{"href":"https:\/\/espaginasweb.com\/sinalergia\/wp-json\/wp\/v2\/product\/4050","targetHints":{"allow":["GET"]}}],"collection":[{"href":"https:\/\/espaginasweb.com\/sinalergia\/wp-json\/wp\/v2\/product"}],"about":[{"href":"https:\/\/espaginasweb.com\/sinalergia\/wp-json\/wp\/v2\/types\/product"}],"wp:featuredmedia":[{"embeddable":true,"href":"https:\/\/espaginasweb.com\/sinalergia\/wp-json\/wp\/v2\/media\/4051"}],"wp:attachment":[{"href":"https:\/\/espaginasweb.com\/sinalergia\/wp-json\/wp\/v2\/media?parent=4050"}],"wp:term":[{"taxonomy":"product_brand","embeddable":true,"href":"https:\/\/espaginasweb.com\/sinalergia\/wp-json\/wp\/v2\/product_brand?post=4050"},{"taxonomy":"product_cat","embeddable":true,"href":"https:\/\/espaginasweb.com\/sinalergia\/wp-json\/wp\/v2\/product_cat?post=4050"},{"taxonomy":"product_tag","embeddable":true,"href":"https:\/\/espaginasweb.com\/sinalergia\/wp-json\/wp\/v2\/product_tag?post=4050"}],"curies":[{"name":"wp","href":"https:\/\/api.w.org\/{rel}","templated":true}]}}