{"id":4025,"date":"2025-09-10T12:19:38","date_gmt":"2025-09-10T15:19:38","guid":{"rendered":"https:\/\/espaginasweb.com\/sinalergia\/?post_type=product&#038;p=4025"},"modified":"2025-09-10T12:27:58","modified_gmt":"2025-09-10T15:27:58","slug":"parche-repelente-insecto-4pack-6un","status":"publish","type":"product","link":"https:\/\/espaginasweb.com\/sinalergia\/tienda\/parche-repelente-insecto-4pack-6un\/","title":{"rendered":"Parche repelente de insectos 4 sets de 6 un"},"content":{"rendered":"<p>Evite las picaduras de los Mosquitos, Zancudos, Abejas y T\u00e1banos. Entre otros insectos<\/p>\n<p>4 sets de 6 parches cada uno.<\/p>\n<p>No t\u00f3xicas y 100% Natural. 10 d\u00edas de protecci\u00f3n.<\/p>\n<p>Modo de uso: quite la l\u00e1mina protectora y pegue el adhesivo a su ropa o una ubicaci\u00f3n cerca del cuerpo tal como medias, el \u00e1rea de los hombros, dentro del pantal\u00f3n, falda o en el borde de una mesa o cama.<\/p>\n","protected":false},"excerpt":{"rendered":"<p>Ayuda a evitar las picaduras de los Mosquitos, Zancudos, Abejas y T\u00e1banos. Pegados a tu ropa entregan una protecci\u00f3n 100% Natural. Pack 4 sets de 6 parches cada uno (varios dise\u00f1os). No contiene DEET.<\/p>\n","protected":false},"featured_media":4029,"template":"","meta":[],"product_brand":[],"product_cat":[90],"product_tag":[127],"class_list":{"0":"post-4025","1":"product","2":"type-product","3":"status-publish","4":"has-post-thumbnail","6":"product_cat-repelentes","7":"product_tag-picadura-insecto","9":"first","10":"instock","11":"shipping-taxable","12":"purchasable","13":"product-type-variable"},"_links":{"self":[{"href":"https:\/\/espaginasweb.com\/sinalergia\/wp-json\/wp\/v2\/product\/4025","targetHints":{"allow":["GET"]}}],"collection":[{"href":"https:\/\/espaginasweb.com\/sinalergia\/wp-json\/wp\/v2\/product"}],"about":[{"href":"https:\/\/espaginasweb.com\/sinalergia\/wp-json\/wp\/v2\/types\/product"}],"wp:featuredmedia":[{"embeddable":true,"href":"https:\/\/espaginasweb.com\/sinalergia\/wp-json\/wp\/v2\/media\/4029"}],"wp:attachment":[{"href":"https:\/\/espaginasweb.com\/sinalergia\/wp-json\/wp\/v2\/media?parent=4025"}],"wp:term":[{"taxonomy":"product_brand","embeddable":true,"href":"https:\/\/espaginasweb.com\/sinalergia\/wp-json\/wp\/v2\/product_brand?post=4025"},{"taxonomy":"product_cat","embeddable":true,"href":"https:\/\/espaginasweb.com\/sinalergia\/wp-json\/wp\/v2\/product_cat?post=4025"},{"taxonomy":"product_tag","embeddable":true,"href":"https:\/\/espaginasweb.com\/sinalergia\/wp-json\/wp\/v2\/product_tag?post=4025"}],"curies":[{"name":"wp","href":"https:\/\/api.w.org\/{rel}","templated":true}]}}