{"id":4015,"date":"2025-09-10T12:06:06","date_gmt":"2025-09-10T15:06:06","guid":{"rendered":"https:\/\/espaginasweb.com\/sinalergia\/?post_type=product&#038;p=4015"},"modified":"2025-09-10T12:19:22","modified_gmt":"2025-09-10T15:19:22","slug":"pack-pulseras-repelentes-mosquitos","status":"publish","type":"product","link":"https:\/\/espaginasweb.com\/sinalergia\/tienda\/pack-pulseras-repelentes-mosquitos\/","title":{"rendered":"Pulseras repelentes mosquitos Pack 4 unidades"},"content":{"rendered":"<p>Pulseras repelentes de mosquitos<\/p>\n<p>Seg\u00fan disponibilidad las pulseras pueden ser multicolores, se indica el color predominante de la pulsera.<br \/>\nAyuda a evitar las picaduras de los Mosquitos, Zancudos, Abejas y T\u00e1banos.<br \/>\nSon a prueba de agua, no t\u00f3xicas y 100% Natural. Duran sobre las 250 horas, se recomienda guardarla en su envase original cuando no est\u00e9 us\u00e1ndose.<br \/>\nLivianas, para uso dentro o fuera de interiores, para colocarse en la mu\u00f1eca y\/o tobillo.<br \/>\nDe una sola medida que se ajusta a ni\u00f1os y adultos.<br \/>\nPara camping, pesca, viajes, alpinismo, etc.<br \/>\nSin abrir el envase, el producto dura 3 a\u00f1os.<br \/>\nPrecauci\u00f3n:<br \/>\n1.- En caso de irritaci\u00f3n en el \u00e1rea de la pulsera, deje de usarla. No se rasque. Asee con agua limpia<br \/>\n2.- Si se es sensible a los cosm\u00e9ticos, no usar el producto<br \/>\n3.- El efecto de la pulsera va a ser menos si se usa con perfumes o alcohol<br \/>\n4.- Aunque alg\u00fan s\u00edntoma de alergia es rar\u00edsimo (como enrojecimiento o inflamaci\u00f3n), consulte con un m\u00e9dico<\/p>\n<p>Ingredientes:<br \/>\nAceite de citronela y silicona<\/p>\n","protected":false},"excerpt":{"rendered":"<p>Ayuda a evitar las picaduras de los Mosquitos, Zancudos, Abejas y T\u00e1banos. Son a prueba de agua, no t\u00f3xicas y 100% Natural. Duraci\u00f3n: 250 horas. No contiene DEET.<\/p>\n","protected":false},"featured_media":4024,"template":"","meta":[],"product_brand":[],"product_cat":[90],"product_tag":[127],"class_list":{"0":"post-4015","1":"product","2":"type-product","3":"status-publish","4":"has-post-thumbnail","6":"product_cat-repelentes","7":"product_tag-picadura-insecto","8":"pa_color-14-color-celeste","9":"pa_color-fucsia","10":"pa_color-morado","11":"pa_color-naranjo","12":"pa_color-24-color-rosado","13":"pa_color-verde","14":"pa_color-11-color-negro","15":"pa_color-16-color-amarillo","17":"first","18":"instock","19":"shipping-taxable","20":"purchasable","21":"product-type-variable"},"_links":{"self":[{"href":"https:\/\/espaginasweb.com\/sinalergia\/wp-json\/wp\/v2\/product\/4015","targetHints":{"allow":["GET"]}}],"collection":[{"href":"https:\/\/espaginasweb.com\/sinalergia\/wp-json\/wp\/v2\/product"}],"about":[{"href":"https:\/\/espaginasweb.com\/sinalergia\/wp-json\/wp\/v2\/types\/product"}],"wp:featuredmedia":[{"embeddable":true,"href":"https:\/\/espaginasweb.com\/sinalergia\/wp-json\/wp\/v2\/media\/4024"}],"wp:attachment":[{"href":"https:\/\/espaginasweb.com\/sinalergia\/wp-json\/wp\/v2\/media?parent=4015"}],"wp:term":[{"taxonomy":"product_brand","embeddable":true,"href":"https:\/\/espaginasweb.com\/sinalergia\/wp-json\/wp\/v2\/product_brand?post=4015"},{"taxonomy":"product_cat","embeddable":true,"href":"https:\/\/espaginasweb.com\/sinalergia\/wp-json\/wp\/v2\/product_cat?post=4015"},{"taxonomy":"product_tag","embeddable":true,"href":"https:\/\/espaginasweb.com\/sinalergia\/wp-json\/wp\/v2\/product_tag?post=4015"}],"curies":[{"name":"wp","href":"https:\/\/api.w.org\/{rel}","templated":true}]}}