{"id":4002,"date":"2025-09-04T20:43:16","date_gmt":"2025-09-04T20:43:16","guid":{"rendered":"https:\/\/espaginasweb.com\/sinalergia\/?post_type=product&#038;p=4002"},"modified":"2025-09-10T11:21:36","modified_gmt":"2025-09-10T14:21:36","slug":"sinus-rinse-pediatrico-recarga-120","status":"publish","type":"product","link":"https:\/\/espaginasweb.com\/sinalergia\/tienda\/sinus-rinse-pediatrico-recarga-120\/","title":{"rendered":"Sinus Rinse Pediatrico Recarga 120 sachets"},"content":{"rendered":"<p>Contiene 120 recargas para kit Sinus Rinse pedi\u00e1trico.<\/p>\n<p>No contiene frasco.<\/p>\n<p>Utilice para aliviar:<\/p>\n<p>\u2022 S\u00edntomas nasales del resfriado, gripe.<\/p>\n<p>\u2022 Alergias y congesti\u00f3n nasal.<\/p>\n<p>\u2022 Las alergias provenientes del polvo en lugar de trabajo o en casa, caspa de animales, plantas, polen, smog, etc.<\/p>\n<p>\u2022 Presi\u00f3n en los senos nasales y congesti\u00f3n nasal.<\/p>\n<p>\u2022 Asma.<\/p>\n<p>\u2022 Ronquidos y apnea del sue\u00f1o.<\/p>\n<p>\u2022 Casi cualquier condici\u00f3n aguda o cr\u00f3nica, donde uno siente mucosidad excesiva en las fosas nasales y senos paranasales.<\/p>\n<p>Ventajas<\/p>\n<p>\u2022 Ayuda a tu hijo a respirar mejor en el d\u00eda o en la noche.<\/p>\n<p>\u2022 Lavado calmante, sin ardor ni picaz\u00f3n de gran volumen y Sistema de Baja Presi\u00f3n \u2122 para una hidrataci\u00f3n e higiene nasal diaria mediante soluci\u00f3n salina.<\/p>\n<p>\u2022 Sobres premezclados de Cloruro de sodio y bicarbonato de sodio de grado USP (nivel de pureza del 99% o superior)<\/p>\n<p>\u2022 PH equilibrado e isot\u00f3nica o hipert\u00f3nica con dos o m\u00e1s sobres.<\/p>\n<p>\u2022 120 sobres de una mezcla (de pH equilibrado, ingredientes naturales, isot\u00f3nica, sin conservante ni yodo) de cloruro de sodio y bicarbonato de sodio de grado USP (nivel de pureza 99% o superior)<\/p>\n<p>\u2022 Folleto educativo con instrucciones de uso.<\/p>\n","protected":false},"excerpt":{"rendered":"<p>120 recargas para tu tratamiento Sinus Rinse pedi\u00e1trico. Especialmente dise\u00f1ado para ni\u00f1os, de higiene e hidrataci\u00f3n diaria para las fosas nasales y senos paranasales en base a una soluci\u00f3n salina con sistema de lavado de gran volumen y baja presi\u00f3n<\/p>\n","protected":false},"featured_media":4004,"template":"","meta":[],"product_brand":[],"product_cat":[89],"product_tag":[137],"class_list":{"0":"post-4002","1":"product","2":"type-product","3":"status-publish","4":"has-post-thumbnail","6":"product_cat-limpieza-nasal","7":"product_tag-rinitis-alergica","9":"first","10":"instock","11":"shipping-taxable","12":"purchasable","13":"product-type-simple"},"_links":{"self":[{"href":"https:\/\/espaginasweb.com\/sinalergia\/wp-json\/wp\/v2\/product\/4002","targetHints":{"allow":["GET"]}}],"collection":[{"href":"https:\/\/espaginasweb.com\/sinalergia\/wp-json\/wp\/v2\/product"}],"about":[{"href":"https:\/\/espaginasweb.com\/sinalergia\/wp-json\/wp\/v2\/types\/product"}],"wp:featuredmedia":[{"embeddable":true,"href":"https:\/\/espaginasweb.com\/sinalergia\/wp-json\/wp\/v2\/media\/4004"}],"wp:attachment":[{"href":"https:\/\/espaginasweb.com\/sinalergia\/wp-json\/wp\/v2\/media?parent=4002"}],"wp:term":[{"taxonomy":"product_brand","embeddable":true,"href":"https:\/\/espaginasweb.com\/sinalergia\/wp-json\/wp\/v2\/product_brand?post=4002"},{"taxonomy":"product_cat","embeddable":true,"href":"https:\/\/espaginasweb.com\/sinalergia\/wp-json\/wp\/v2\/product_cat?post=4002"},{"taxonomy":"product_tag","embeddable":true,"href":"https:\/\/espaginasweb.com\/sinalergia\/wp-json\/wp\/v2\/product_tag?post=4002"}],"curies":[{"name":"wp","href":"https:\/\/api.w.org\/{rel}","templated":true}]}}