{"id":3986,"date":"2025-06-06T23:00:28","date_gmt":"2025-06-06T23:00:28","guid":{"rendered":"https:\/\/espaginasweb.com\/sinalergia\/?post_type=product&#038;p=3986"},"modified":"2025-09-04T20:20:08","modified_gmt":"2025-09-04T20:20:08","slug":"pack-hbm-alumbre-esponja-jabon-carbon-activado","status":"publish","type":"product","link":"https:\/\/espaginasweb.com\/sinalergia\/tienda\/pack-hbm-alumbre-esponja-jabon-carbon-activado\/","title":{"rendered":"Pack HBM Desodorante + Jab\u00f3n y Esponja carb\u00f3n activado"},"content":{"rendered":"<p>El pack perfecto con un desodorante hipoalerg\u00e9nico, un jab\u00f3n para una piel seca y sensible y una esponja que ofrece una exfoliaci\u00f3n suave y efectiva. Elimina impurezas y mejora la absorci\u00f3n de cremas y serums.<\/p>\n","protected":false},"excerpt":{"rendered":"<p>El pack perfecto con un desodorante hipoalerg\u00e9nico, un jab\u00f3n para una piel seca y sensible y una esponja que ofrece una exfoliaci\u00f3n suave y efectiva. Elimina impurezas y mejora la absorci\u00f3n de cremas y serums<\/p>\n","protected":false},"featured_media":3987,"template":"","meta":[],"product_brand":[],"product_cat":[97,98],"product_tag":[121],"class_list":{"0":"post-3986","1":"product","2":"type-product","3":"status-publish","4":"has-post-thumbnail","6":"product_cat-cuidado-personal","7":"product_cat-cuidado-de-la-piel","8":"product_tag-piel-sensible","10":"first","11":"instock","12":"shipping-taxable","13":"purchasable","14":"product-type-simple"},"_links":{"self":[{"href":"https:\/\/espaginasweb.com\/sinalergia\/wp-json\/wp\/v2\/product\/3986","targetHints":{"allow":["GET"]}}],"collection":[{"href":"https:\/\/espaginasweb.com\/sinalergia\/wp-json\/wp\/v2\/product"}],"about":[{"href":"https:\/\/espaginasweb.com\/sinalergia\/wp-json\/wp\/v2\/types\/product"}],"wp:featuredmedia":[{"embeddable":true,"href":"https:\/\/espaginasweb.com\/sinalergia\/wp-json\/wp\/v2\/media\/3987"}],"wp:attachment":[{"href":"https:\/\/espaginasweb.com\/sinalergia\/wp-json\/wp\/v2\/media?parent=3986"}],"wp:term":[{"taxonomy":"product_brand","embeddable":true,"href":"https:\/\/espaginasweb.com\/sinalergia\/wp-json\/wp\/v2\/product_brand?post=3986"},{"taxonomy":"product_cat","embeddable":true,"href":"https:\/\/espaginasweb.com\/sinalergia\/wp-json\/wp\/v2\/product_cat?post=3986"},{"taxonomy":"product_tag","embeddable":true,"href":"https:\/\/espaginasweb.com\/sinalergia\/wp-json\/wp\/v2\/product_tag?post=3986"}],"curies":[{"name":"wp","href":"https:\/\/api.w.org\/{rel}","templated":true}]}}