{"id":3984,"date":"2025-06-06T22:51:35","date_gmt":"2025-06-06T22:51:35","guid":{"rendered":"https:\/\/espaginasweb.com\/sinalergia\/?post_type=product&#038;p=3984"},"modified":"2025-06-06T23:00:03","modified_gmt":"2025-06-06T23:00:03","slug":"pack-hbm-alumbre-esponja-jabon-aloe-vera","status":"publish","type":"product","link":"https:\/\/espaginasweb.com\/sinalergia\/tienda\/pack-hbm-alumbre-esponja-jabon-aloe-vera\/","title":{"rendered":"Pack HBM Desodorante + Jab\u00f3n Aloe vera + Esponja natural"},"content":{"rendered":"<p>El pack perfecto con un desodorante hipoalerg\u00e9nico, un jab\u00f3n para una piel grasa y sensible que adem\u00e1s\u00a0contiene aceite de \u00e1rbol de t\u00e9 para repararla y eliminar impurezas. La esponja de carb\u00f3n elimina las toxinas y\u00a0es anti bacteriana.<\/p>\n","protected":false},"excerpt":{"rendered":"<p>El pack perfecto con un desodorante hipoalerg\u00e9nico, un jab\u00f3n para una piel grasa y sensible que adem\u00e1s contiene aceite de \u00e1rbol de t\u00e9 para repararla y eliminar impurezas. La esponja de carb\u00f3n elimina las toxinas y es anti bacteriana<\/p>\n","protected":false},"featured_media":3985,"template":"","meta":[],"product_brand":[],"product_cat":[97,98],"product_tag":[121],"class_list":{"0":"post-3984","1":"product","2":"type-product","3":"status-publish","4":"has-post-thumbnail","6":"product_cat-cuidado-personal","7":"product_cat-cuidado-de-la-piel","8":"product_tag-piel-sensible","10":"first","11":"instock","12":"shipping-taxable","13":"purchasable","14":"product-type-simple"},"_links":{"self":[{"href":"https:\/\/espaginasweb.com\/sinalergia\/wp-json\/wp\/v2\/product\/3984","targetHints":{"allow":["GET"]}}],"collection":[{"href":"https:\/\/espaginasweb.com\/sinalergia\/wp-json\/wp\/v2\/product"}],"about":[{"href":"https:\/\/espaginasweb.com\/sinalergia\/wp-json\/wp\/v2\/types\/product"}],"wp:featuredmedia":[{"embeddable":true,"href":"https:\/\/espaginasweb.com\/sinalergia\/wp-json\/wp\/v2\/media\/3985"}],"wp:attachment":[{"href":"https:\/\/espaginasweb.com\/sinalergia\/wp-json\/wp\/v2\/media?parent=3984"}],"wp:term":[{"taxonomy":"product_brand","embeddable":true,"href":"https:\/\/espaginasweb.com\/sinalergia\/wp-json\/wp\/v2\/product_brand?post=3984"},{"taxonomy":"product_cat","embeddable":true,"href":"https:\/\/espaginasweb.com\/sinalergia\/wp-json\/wp\/v2\/product_cat?post=3984"},{"taxonomy":"product_tag","embeddable":true,"href":"https:\/\/espaginasweb.com\/sinalergia\/wp-json\/wp\/v2\/product_tag?post=3984"}],"curies":[{"name":"wp","href":"https:\/\/api.w.org\/{rel}","templated":true}]}}