{"id":3973,"date":"2025-05-23T21:20:52","date_gmt":"2025-05-23T21:20:52","guid":{"rendered":"https:\/\/espaginasweb.com\/sinalergia\/?post_type=product&#038;p=3973"},"modified":"2025-09-11T16:43:35","modified_gmt":"2025-09-11T19:43:35","slug":"pulseras-repelentes-animalitos-set","status":"publish","type":"product","link":"https:\/\/espaginasweb.com\/sinalergia\/tienda\/pulseras-repelentes-animalitos-set\/","title":{"rendered":"Set 6 Pulseras Repelentes Animalitos"},"content":{"rendered":"<p>Set Pulseras Repelentes Animalitos<\/p>\n<p>El pack de 6 pulseras repelentes con figuras de animalitos contienen una esencia de aceite natural de citronela que en forma continua libera la fragancia protectora contra mosquitos y otros insectos.<\/p>\n<p>Col\u00f3calas en tu mu\u00f1eca y\/o tobillo<br \/>\nDuraci\u00f3n efectiva: 1 a 2 d\u00edas.<\/p>\n<p>Precauci\u00f3n:<\/p>\n<p>1.- En caso de irritaci\u00f3n en el \u00e1rea de la pulsera, deje de usarla. No se rasque. Asee con agua limpia<br \/>\n2.- Si se es sensible a los cosm\u00e9ticos, no usar el producto<br \/>\n3.- El efecto de la pulsera va a ser menos si se usa con perfumes o alcohol<br \/>\n4.- Aunque alg\u00fan s\u00edntoma de alergia es rar\u00edsimo (como enrojecimiento o inflamaci\u00f3n), consulte con un m\u00e9dico<\/p>\n<p>Composici\u00f3n:<br \/>\nAceite de citronela y silicona<\/p>\n","protected":false},"excerpt":{"rendered":"<p>Set de 6 pulseras repelentes con figuras de animalitos, contienen esencia de citronela para repeler Mosquitos, Zancudos y otros insectos. Son a prueba de agua, no t\u00f3xicas y 100% Natural. Duraci\u00f3n: 1 a 2 d\u00edas por pulsera fuera de su embalaje. No contiene DEET.<\/p>\n","protected":false},"featured_media":4041,"template":"","meta":[],"product_brand":[],"product_cat":[90],"product_tag":[127],"class_list":{"0":"post-3973","1":"product","2":"type-product","3":"status-publish","4":"has-post-thumbnail","6":"product_cat-repelentes","7":"product_tag-picadura-insecto","9":"first","10":"instock","11":"shipping-taxable","12":"purchasable","13":"product-type-simple"},"_links":{"self":[{"href":"https:\/\/espaginasweb.com\/sinalergia\/wp-json\/wp\/v2\/product\/3973","targetHints":{"allow":["GET"]}}],"collection":[{"href":"https:\/\/espaginasweb.com\/sinalergia\/wp-json\/wp\/v2\/product"}],"about":[{"href":"https:\/\/espaginasweb.com\/sinalergia\/wp-json\/wp\/v2\/types\/product"}],"wp:featuredmedia":[{"embeddable":true,"href":"https:\/\/espaginasweb.com\/sinalergia\/wp-json\/wp\/v2\/media\/4041"}],"wp:attachment":[{"href":"https:\/\/espaginasweb.com\/sinalergia\/wp-json\/wp\/v2\/media?parent=3973"}],"wp:term":[{"taxonomy":"product_brand","embeddable":true,"href":"https:\/\/espaginasweb.com\/sinalergia\/wp-json\/wp\/v2\/product_brand?post=3973"},{"taxonomy":"product_cat","embeddable":true,"href":"https:\/\/espaginasweb.com\/sinalergia\/wp-json\/wp\/v2\/product_cat?post=3973"},{"taxonomy":"product_tag","embeddable":true,"href":"https:\/\/espaginasweb.com\/sinalergia\/wp-json\/wp\/v2\/product_tag?post=3973"}],"curies":[{"name":"wp","href":"https:\/\/api.w.org\/{rel}","templated":true}]}}