{"id":3970,"date":"2025-05-22T20:15:48","date_gmt":"2025-05-22T20:15:48","guid":{"rendered":"https:\/\/espaginasweb.com\/sinalergia\/?post_type=product&#038;p=3970"},"modified":"2025-09-11T16:49:20","modified_gmt":"2025-09-11T19:49:20","slug":"adhesitrap-pegatina-antimosca-antiinsecto","status":"publish","type":"product","link":"https:\/\/espaginasweb.com\/sinalergia\/tienda\/adhesitrap-pegatina-antimosca-antiinsecto\/","title":{"rendered":"Adhesitrap Pegatinas anti moscas e insecto 12 un"},"content":{"rendered":"<p>Sab\u00edas que las picaduras de los insectos y moscas pueden causar reacciones al\u00e9rgicas. Esto ocurre cuando el sistema inmunitario reacciona a los al\u00e9rgenos que inyectan los insectos al picar.<\/p>\n<p>Son: 100% ecol\u00f3gicas, el pack contiene 12 unidades, son resistentes al agua y tienen una duraci\u00f3n m\u00ednima de 1 mes<\/p>\n<p>S\u00edntomas de una reacci\u00f3n al\u00e9rgica<\/p>\n<p>&#8211; Enrojecimiento, dolor, hinchaz\u00f3n y picaz\u00f3n alrededor de la picadura<br \/>\n&#8211; Reacciones locales grandes que afectan un brazo, una pierna o gran parte del cuerpo<br \/>\n&#8211; Urticaria (ronchas)<br \/>\n&#8211; Hinchaz\u00f3n de la lengua, la garganta o de otras partes del cuerpo<br \/>\n&#8211; N\u00e1useas, v\u00f3mitos o diarrea<br \/>\n&#8211; Anafilaxia, una reacci\u00f3n grave y potencialmente mortal<\/p>\n<p>\u00bfCu\u00e1les son los s\u00edntomas de las picaduras de insectos? Pueden provocar enrojecimiento, dolor e hinchaz\u00f3n alrededor de la picadura. Tambi\u00e9n comez\u00f3n en cualquier lugar del cuerpo.<\/p>\n<p>\u00bfCu\u00e1les son los s\u00edntomas de la mordedura de las moscas? Pueden provocar una reacci\u00f3n inflamatoria local y en caso de ser moscas de t\u00e1bano pueden llegar a producir anafilaxia.<\/p>\n","protected":false},"excerpt":{"rendered":"<p>Sab\u00edas que las picaduras de los insectos y moscas pueden causar reacciones al\u00e9rgicas. Esto ocurre cuando el sistema inmunitario reacciona a los al\u00e9rgenos que inyectan los insectos al picar. 100% ecol\u00f3gicas, el pack contiene 12 unidades, son resistentes al agua y tienen una duraci\u00f3n m\u00ednima de1 mes<\/p>\n","protected":false},"featured_media":4043,"template":"","meta":[],"product_brand":[],"product_cat":[90],"product_tag":[],"class_list":{"0":"post-3970","1":"product","2":"type-product","3":"status-publish","4":"has-post-thumbnail","6":"product_cat-repelentes","8":"first","9":"instock","10":"shipping-taxable","11":"purchasable","12":"product-type-simple"},"_links":{"self":[{"href":"https:\/\/espaginasweb.com\/sinalergia\/wp-json\/wp\/v2\/product\/3970","targetHints":{"allow":["GET"]}}],"collection":[{"href":"https:\/\/espaginasweb.com\/sinalergia\/wp-json\/wp\/v2\/product"}],"about":[{"href":"https:\/\/espaginasweb.com\/sinalergia\/wp-json\/wp\/v2\/types\/product"}],"wp:featuredmedia":[{"embeddable":true,"href":"https:\/\/espaginasweb.com\/sinalergia\/wp-json\/wp\/v2\/media\/4043"}],"wp:attachment":[{"href":"https:\/\/espaginasweb.com\/sinalergia\/wp-json\/wp\/v2\/media?parent=3970"}],"wp:term":[{"taxonomy":"product_brand","embeddable":true,"href":"https:\/\/espaginasweb.com\/sinalergia\/wp-json\/wp\/v2\/product_brand?post=3970"},{"taxonomy":"product_cat","embeddable":true,"href":"https:\/\/espaginasweb.com\/sinalergia\/wp-json\/wp\/v2\/product_cat?post=3970"},{"taxonomy":"product_tag","embeddable":true,"href":"https:\/\/espaginasweb.com\/sinalergia\/wp-json\/wp\/v2\/product_tag?post=3970"}],"curies":[{"name":"wp","href":"https:\/\/api.w.org\/{rel}","templated":true}]}}