{"id":3965,"date":"2025-05-22T19:41:08","date_gmt":"2025-05-22T19:41:08","guid":{"rendered":"https:\/\/espaginasweb.com\/sinalergia\/?post_type=product&#038;p=3965"},"modified":"2025-09-11T15:13:49","modified_gmt":"2025-09-11T18:13:49","slug":"probio-purificador-biologic-mini-betterair","status":"publish","type":"product","link":"https:\/\/espaginasweb.com\/sinalergia\/tienda\/probio-purificador-biologic-mini-betterair\/","title":{"rendered":"Probio purificador Biologic Mini Better Air"},"content":{"rendered":"<p>El Kit contiene un difusor BioLogic Mini, un cable de alimentaci\u00f3n y un repuesto BioLogic Refill Mini. Cubre 25 m2.<\/p>\n<p>Betterair es una revolucionaria innovaci\u00f3n biotecnol\u00f3gica que utiliza Enviro-Biotics\u00ae, una f\u00f3rmula patentada de probi\u00f3ticos ambientales que, al ser rociados regularmente en un espacio cerrado, limpia el aire, las superficies y los elementos del lugar, incluso penetra tejidos como tapices y alfombras. La f\u00f3rmula de probi\u00f3ticos impide la proliferaci\u00f3n de virus, bacterias, hongos, \u00e1caros y otros agentes pat\u00f3genos que da\u00f1an nuestra salud, eliminando adem\u00e1s malos olores y ayud\u00e1ndonos a convivir mejor con nuestras mascotas.<\/p>\n<p>Betterair fue elegido el mejor inmunizador infantil por la prestigiosa instituci\u00f3n Parent Tested Parent Approved PTPA. Su impacto en la salud respiratoria ha sido certificado por la EPA de EEUU, ISP de Chile entre muchos organismos reguladores.<\/p>\n","protected":false},"excerpt":{"rendered":"<p>Revolucionaria f\u00f3rmula de probi\u00f3ticos ambientales que, al ser rociados regularmente en un espacio cerrado, limpia el aire, las superficies y los elementos del lugar, incluso penetra tejidos como tapices y alfombras. Cubre 25 m2<\/p>\n","protected":false},"featured_media":4037,"template":"","meta":[],"product_brand":[],"product_cat":[91],"product_tag":[122,124,125,123,126],"class_list":{"0":"post-3965","1":"product","2":"type-product","3":"status-publish","4":"has-post-thumbnail","6":"product_cat-purificadores-de-aire","7":"product_tag-acaros","8":"product_tag-caspa-de-animales","9":"product_tag-moho","10":"product_tag-polen","11":"product_tag-virus","13":"first","14":"instock","15":"shipping-taxable","16":"purchasable","17":"product-type-simple"},"_links":{"self":[{"href":"https:\/\/espaginasweb.com\/sinalergia\/wp-json\/wp\/v2\/product\/3965","targetHints":{"allow":["GET"]}}],"collection":[{"href":"https:\/\/espaginasweb.com\/sinalergia\/wp-json\/wp\/v2\/product"}],"about":[{"href":"https:\/\/espaginasweb.com\/sinalergia\/wp-json\/wp\/v2\/types\/product"}],"wp:featuredmedia":[{"embeddable":true,"href":"https:\/\/espaginasweb.com\/sinalergia\/wp-json\/wp\/v2\/media\/4037"}],"wp:attachment":[{"href":"https:\/\/espaginasweb.com\/sinalergia\/wp-json\/wp\/v2\/media?parent=3965"}],"wp:term":[{"taxonomy":"product_brand","embeddable":true,"href":"https:\/\/espaginasweb.com\/sinalergia\/wp-json\/wp\/v2\/product_brand?post=3965"},{"taxonomy":"product_cat","embeddable":true,"href":"https:\/\/espaginasweb.com\/sinalergia\/wp-json\/wp\/v2\/product_cat?post=3965"},{"taxonomy":"product_tag","embeddable":true,"href":"https:\/\/espaginasweb.com\/sinalergia\/wp-json\/wp\/v2\/product_tag?post=3965"}],"curies":[{"name":"wp","href":"https:\/\/api.w.org\/{rel}","templated":true}]}}