{"id":3957,"date":"2025-05-20T22:00:48","date_gmt":"2025-05-20T22:00:48","guid":{"rendered":"https:\/\/espaginasweb.com\/sinalergia\/?post_type=product&#038;p=3957"},"modified":"2025-09-06T13:23:57","modified_gmt":"2025-09-06T13:23:57","slug":"spray-removedor-anticaspa-gato-allersearch-danderless","status":"publish","type":"product","link":"https:\/\/espaginasweb.com\/sinalergia\/tienda\/spray-removedor-anticaspa-gato-allersearch-danderless\/","title":{"rendered":"Spray anticaspa de gatos Allersearch Danderless 473 ml"},"content":{"rendered":"<p>DanderLess\u2122 es un aerosol que elimina la caspa de los gatos y limpia su pelaje de secreciones de gl\u00e1ndulas seb\u00e1ceas, saliva y otros al\u00e9rgenos.<\/p>\n<p>F\u00f3rmula no grasosa, sin fragancia, acondiciona la piel seca y reduce la descamaci\u00f3n. Es seguro de usar incluso si el gato se lame el pelaje directamente despu\u00e9s de la aplicaci\u00f3n<br \/>\nInstrucciones de uso:<\/p>\n<p>Peine o cepille al gato para eliminar la mayor cantidad posible de pelo suelto y caspa.<br \/>\nRoc\u00ede al gato desde la parte posterior de las orejas hasta la cola. Tenga cuidado de evitar los ojos.<br \/>\nPreste especial atenci\u00f3n a las \u00e1reas que su gato lame con m\u00e1s frecuencia. Peine o cepille el pelaje<br \/>\ncon el producto.<br \/>\nRepita el tratamiento seg\u00fan sea necesario, generalmente una o dos veces por semana (recomendado).<br \/>\nGu\u00e1rdelo en un lugar fresco y seco.<br \/>\nTama\u00f1o del envase: 16 fl. oz. \/ 473 ml<\/p>\n\n<p>Hecho en Estados Unidos<\/p>\n","protected":false},"excerpt":{"rendered":"<p>DanderLess\u2122 es una aerosol que elimina la caspa de los gatos y limpia su pelaje de secreciones de las gl\u00e1ndulas seb\u00e1ceas, saliva y otros al\u00e9rgenos. F\u00f3rmula no grasosa, sin fragancia, acondiciona la piel seca y reduce la descamaci\u00f3n. Es seguro de usar incluso si el gato se lame el pelaje directamente despu\u00e9s de la aplicaci\u00f3n<\/p>\n","protected":false},"featured_media":3994,"template":"","meta":[],"product_brand":[],"product_cat":[87],"product_tag":[124],"class_list":{"0":"post-3957","1":"product","2":"type-product","3":"status-publish","4":"has-post-thumbnail","6":"product_cat-mascotas","7":"product_tag-caspa-de-animales","9":"first","10":"instock","11":"shipping-taxable","12":"purchasable","13":"product-type-simple"},"_links":{"self":[{"href":"https:\/\/espaginasweb.com\/sinalergia\/wp-json\/wp\/v2\/product\/3957","targetHints":{"allow":["GET"]}}],"collection":[{"href":"https:\/\/espaginasweb.com\/sinalergia\/wp-json\/wp\/v2\/product"}],"about":[{"href":"https:\/\/espaginasweb.com\/sinalergia\/wp-json\/wp\/v2\/types\/product"}],"wp:featuredmedia":[{"embeddable":true,"href":"https:\/\/espaginasweb.com\/sinalergia\/wp-json\/wp\/v2\/media\/3994"}],"wp:attachment":[{"href":"https:\/\/espaginasweb.com\/sinalergia\/wp-json\/wp\/v2\/media?parent=3957"}],"wp:term":[{"taxonomy":"product_brand","embeddable":true,"href":"https:\/\/espaginasweb.com\/sinalergia\/wp-json\/wp\/v2\/product_brand?post=3957"},{"taxonomy":"product_cat","embeddable":true,"href":"https:\/\/espaginasweb.com\/sinalergia\/wp-json\/wp\/v2\/product_cat?post=3957"},{"taxonomy":"product_tag","embeddable":true,"href":"https:\/\/espaginasweb.com\/sinalergia\/wp-json\/wp\/v2\/product_tag?post=3957"}],"curies":[{"name":"wp","href":"https:\/\/api.w.org\/{rel}","templated":true}]}}