{"id":3934,"date":"2025-05-20T17:41:57","date_gmt":"2025-05-20T17:41:57","guid":{"rendered":"https:\/\/espaginasweb.com\/sinalergia\/?post_type=product&#038;p=3934"},"modified":"2025-09-09T18:04:55","modified_gmt":"2025-09-09T18:04:55","slug":"purificador-mouvair-zen-hepa-h13","status":"publish","type":"product","link":"https:\/\/espaginasweb.com\/sinalergia\/tienda\/purificador-mouvair-zen-hepa-h13\/","title":{"rendered":"Purificador de Aire Mouvair Zen con HEPA H13"},"content":{"rendered":"<p>El purificador de aire Mouvair Zen sanitiza tu ambiente de manera eficaz, ya que elimina hasta el 99.97% de las part\u00edculas contaminantes \u2014como el polvo, al\u00e9rgenos, moho, polen, pelo de mascota, virus o bacterias\u2014 lo que te permite mejorar tu calidad de vida y ayudarte a prevenir y aliviar los s\u00edntomas del asma, alergias y otras enfermedades respiratorias.<\/p>\n<p>Es la soluci\u00f3n ideal para combatir la contaminaci\u00f3n de tus espacios interiores, ya que mediante su moderno sistema de filtrado 6 en 1, captura part\u00edculas que son da\u00f1inas para nuestra salud, pero imperceptibles ante el ojo humano.<\/p>\n","protected":false},"excerpt":{"rendered":"<p>Purifica y elimina el 99,97% de contaminante como polvo, al\u00e9rgenos, moho, polen, pelo de mascota, virus o bacterias, mejorando la calidad de vida y previniendo alergias y enfermedades respiratorias con su sistema de filtrado 6 en 1<\/p>\n","protected":false},"featured_media":3938,"template":"","meta":[],"product_brand":[],"product_cat":[91],"product_tag":[122,124,125,123],"class_list":{"0":"post-3934","1":"product","2":"type-product","3":"status-publish","4":"has-post-thumbnail","6":"product_cat-purificadores-de-aire","7":"product_tag-acaros","8":"product_tag-caspa-de-animales","9":"product_tag-moho","10":"product_tag-polen","12":"first","13":"instock","14":"shipping-taxable","15":"purchasable","16":"product-type-simple"},"_links":{"self":[{"href":"https:\/\/espaginasweb.com\/sinalergia\/wp-json\/wp\/v2\/product\/3934","targetHints":{"allow":["GET"]}}],"collection":[{"href":"https:\/\/espaginasweb.com\/sinalergia\/wp-json\/wp\/v2\/product"}],"about":[{"href":"https:\/\/espaginasweb.com\/sinalergia\/wp-json\/wp\/v2\/types\/product"}],"wp:featuredmedia":[{"embeddable":true,"href":"https:\/\/espaginasweb.com\/sinalergia\/wp-json\/wp\/v2\/media\/3938"}],"wp:attachment":[{"href":"https:\/\/espaginasweb.com\/sinalergia\/wp-json\/wp\/v2\/media?parent=3934"}],"wp:term":[{"taxonomy":"product_brand","embeddable":true,"href":"https:\/\/espaginasweb.com\/sinalergia\/wp-json\/wp\/v2\/product_brand?post=3934"},{"taxonomy":"product_cat","embeddable":true,"href":"https:\/\/espaginasweb.com\/sinalergia\/wp-json\/wp\/v2\/product_cat?post=3934"},{"taxonomy":"product_tag","embeddable":true,"href":"https:\/\/espaginasweb.com\/sinalergia\/wp-json\/wp\/v2\/product_tag?post=3934"}],"curies":[{"name":"wp","href":"https:\/\/api.w.org\/{rel}","templated":true}]}}