{"id":3929,"date":"2025-05-20T17:33:00","date_gmt":"2025-05-20T17:33:00","guid":{"rendered":"https:\/\/espaginasweb.com\/sinalergia\/?post_type=product&#038;p=3929"},"modified":"2025-09-09T18:06:00","modified_gmt":"2025-09-09T18:06:00","slug":"purificador-mouvair-om-negro-hepa-h13","status":"publish","type":"product","link":"https:\/\/espaginasweb.com\/sinalergia\/tienda\/purificador-mouvair-om-negro-hepa-h13\/","title":{"rendered":"Purificador de Aire Mouvair Om Negro con HEPA H13"},"content":{"rendered":"<p>Nuestro purificador de aire Mouvair Om fue creado para limpiar el aire de tus espacios de uso diario, con tal de acompa\u00f1arte en tu rutina y ayudarte a prevenir resfr\u00edos, alergias y otras afecciones respiratorias. Cuenta con una cobertura de hasta 20 mts2 \u2014ideal para tu habitaci\u00f3n u oficina\u2014 y un moderno sistema de filtraci\u00f3n 3 en 1, que absorbe y destruye hasta el 99.97% de los contaminantes presentes en el aire, como polvo, moho, polen, pelos de mascotas, virus, bacterias y mucho m\u00e1s.<\/p>\n<p>Su dise\u00f1o elegante y compacto lo convertir\u00e1 en tu mejor aliado, ya que podr\u00e1s llevarlo contigo a todas partes y mantenerte libre de amenazas en cualquier lugar.<\/p>\n<p>Peso: 2,5 kg<\/p>\n<p>Dimensiones: 25,9&#215;17,8&#215;26,4 cm<\/p>\n<p>Material: Pl\u00e1stico<\/p>\n<p>Garant\u00eda: 24 meses<\/p>\n<p>CADR: 75 m3\/h<\/p>\n<p>Certificaciones: CE, CB, RoHS<\/p>\n<p>Cobertura: 20 metros cuadrados<\/p>\n<p>Nivel de ruido: 28 db &#8211; 54 db<\/p>\n<p>Filtro: Pre-filtro de carb\u00f3n activado, Filtro HEPA H13 y Luz UV-C<\/p>\n<p>Color: Negro<\/p>\n","protected":false},"excerpt":{"rendered":"<p>El purificador Mouvair Om limpia el aire, eliminando el 99,97% de contaminantes gracias a Filtro H13, Carbono activado y Luz UV-C. Compacto y elegante, ideal para espacios peque\u00f1os, previene alergias y problemas respiratorios. Color Negro<\/p>\n","protected":false},"featured_media":3932,"template":"","meta":[],"product_brand":[],"product_cat":[91],"product_tag":[122,124,125,123],"class_list":{"0":"post-3929","1":"product","2":"type-product","3":"status-publish","4":"has-post-thumbnail","6":"product_cat-purificadores-de-aire","7":"product_tag-acaros","8":"product_tag-caspa-de-animales","9":"product_tag-moho","10":"product_tag-polen","12":"first","13":"instock","14":"shipping-taxable","15":"purchasable","16":"product-type-simple"},"_links":{"self":[{"href":"https:\/\/espaginasweb.com\/sinalergia\/wp-json\/wp\/v2\/product\/3929","targetHints":{"allow":["GET"]}}],"collection":[{"href":"https:\/\/espaginasweb.com\/sinalergia\/wp-json\/wp\/v2\/product"}],"about":[{"href":"https:\/\/espaginasweb.com\/sinalergia\/wp-json\/wp\/v2\/types\/product"}],"wp:featuredmedia":[{"embeddable":true,"href":"https:\/\/espaginasweb.com\/sinalergia\/wp-json\/wp\/v2\/media\/3932"}],"wp:attachment":[{"href":"https:\/\/espaginasweb.com\/sinalergia\/wp-json\/wp\/v2\/media?parent=3929"}],"wp:term":[{"taxonomy":"product_brand","embeddable":true,"href":"https:\/\/espaginasweb.com\/sinalergia\/wp-json\/wp\/v2\/product_brand?post=3929"},{"taxonomy":"product_cat","embeddable":true,"href":"https:\/\/espaginasweb.com\/sinalergia\/wp-json\/wp\/v2\/product_cat?post=3929"},{"taxonomy":"product_tag","embeddable":true,"href":"https:\/\/espaginasweb.com\/sinalergia\/wp-json\/wp\/v2\/product_tag?post=3929"}],"curies":[{"name":"wp","href":"https:\/\/api.w.org\/{rel}","templated":true}]}}