{"id":3926,"date":"2025-03-06T20:33:41","date_gmt":"2025-03-06T20:33:41","guid":{"rendered":"https:\/\/espaginasweb.com\/sinalergia\/?post_type=product&#038;p=3926"},"modified":"2025-09-11T14:58:47","modified_gmt":"2025-09-11T17:58:47","slug":"nickel-alert-detector-niquel","status":"publish","type":"product","link":"https:\/\/espaginasweb.com\/sinalergia\/tienda\/nickel-alert-detector-niquel\/","title":{"rendered":"Detector anti n\u00edquel Nickel Alert 1 UN"},"content":{"rendered":"<p>Contiene un Nickel Alert para detectar preventivamente la presencia de n\u00edquel en los elementos de uso personal. Previene o evita la dermatitis que producen los:<br \/>\n&#8211; Aros<br \/>\n&#8211; Tijeras<br \/>\n&#8211; Celulares<br \/>\n&#8211; Relojes<br \/>\n&#8211; Botones de metal<br \/>\n&#8211; Cierres<br \/>\n&#8211; Marcos de lentes<br \/>\n&#8211; Botones de jeans<br \/>\n&#8211; Cierres de sost\u00e9n<br \/>\n&#8211; Etc.<\/p>\n<p>Nickel Alert<br \/>\nNickel Alert testea r\u00e1pido y f\u00e1cilmente sus joyas y otro metales como relojes, botones, jeans e incluso sus lentes para verificar si contienen N\u00edquel<br \/>\n\u00bfC\u00f3mo funciona?<br \/>\n<a href=\"https:\/\/www.youtube.com\/watch?v=yqTWgkr4ngI\">https:\/\/www.youtube.com\/watch?v=yqTWgkr4ngI<\/a><\/p>\n","protected":false},"excerpt":{"rendered":"<p>Detecta la presencia de N\u00edquel en tus cinturones, ropa interior, accesorios y botones con una simple prueba. Utiliza la tecnolog\u00eda recomendada por los principales dermat\u00f3logos para prevenir la dermatitis por n\u00edquel.<\/p>\n","protected":false},"featured_media":4035,"template":"","meta":[],"product_brand":[],"product_cat":[88],"product_tag":[119],"class_list":{"0":"post-3926","1":"product","2":"type-product","3":"status-publish","4":"has-post-thumbnail","6":"product_cat-anti-niquel","7":"product_tag-niquel","9":"first","10":"instock","11":"shipping-taxable","12":"purchasable","13":"product-type-simple"},"_links":{"self":[{"href":"https:\/\/espaginasweb.com\/sinalergia\/wp-json\/wp\/v2\/product\/3926","targetHints":{"allow":["GET"]}}],"collection":[{"href":"https:\/\/espaginasweb.com\/sinalergia\/wp-json\/wp\/v2\/product"}],"about":[{"href":"https:\/\/espaginasweb.com\/sinalergia\/wp-json\/wp\/v2\/types\/product"}],"wp:featuredmedia":[{"embeddable":true,"href":"https:\/\/espaginasweb.com\/sinalergia\/wp-json\/wp\/v2\/media\/4035"}],"wp:attachment":[{"href":"https:\/\/espaginasweb.com\/sinalergia\/wp-json\/wp\/v2\/media?parent=3926"}],"wp:term":[{"taxonomy":"product_brand","embeddable":true,"href":"https:\/\/espaginasweb.com\/sinalergia\/wp-json\/wp\/v2\/product_brand?post=3926"},{"taxonomy":"product_cat","embeddable":true,"href":"https:\/\/espaginasweb.com\/sinalergia\/wp-json\/wp\/v2\/product_cat?post=3926"},{"taxonomy":"product_tag","embeddable":true,"href":"https:\/\/espaginasweb.com\/sinalergia\/wp-json\/wp\/v2\/product_tag?post=3926"}],"curies":[{"name":"wp","href":"https:\/\/api.w.org\/{rel}","templated":true}]}}