{"id":3922,"date":"2025-03-06T20:32:22","date_gmt":"2025-03-06T20:32:22","guid":{"rendered":"https:\/\/espaginasweb.com\/sinalergia\/?post_type=product&#038;p=3922"},"modified":"2025-09-11T15:08:33","modified_gmt":"2025-09-11T18:08:33","slug":"oxigeno-portatil-patagonia-air-o2","status":"publish","type":"product","link":"https:\/\/espaginasweb.com\/sinalergia\/tienda\/oxigeno-portatil-patagonia-air-o2\/","title":{"rendered":"Oxigeno Port\u00e1til Patagonia AIR O2"},"content":{"rendered":"<p>\u00bfSab\u00edas que el aire que respiras contiene s\u00f3lo 21% de ox\u00edgeno?<\/p>\n<p>Patagonia Air O2 Natural contiene hasta 4 veces m\u00e1s ox\u00edgeno, brind\u00e1ndote aire enriquecido con ox\u00edgeno para revitalizar cuerpo y mente de forma natural.<\/p>\n<p>Esta versi\u00f3n sin aromas ofrece una experiencia limpia y pr\u00edstina, ideal para quienes prefieren todos los beneficios del ox\u00edgeno, sin aromas a\u00f1adidos. Perfecto para todo tipo de personas, desde aquellos que desean mejorar su bienestar diario o combatir la fatiga por contaminaci\u00f3n, hasta deportistas y excursionistas que buscan maximizar su rendimiento en cualquier ambiente, incluidos deportes y actividades en altura.<\/p>\n<p>Aqu\u00ed algunos ejemplos de uso:<\/p>\n<p>\u00b7 Favorece una respiraci\u00f3n adecuada.<\/p>\n<p>\u00b7 Aumenta tu concentraci\u00f3n y claridad mental en momentos clave.<\/p>\n<p>\u00b7 Optimiza tu rendimiento f\u00edsico y mental en actividades deportivas.<\/p>\n<p>\u00b7 Previene el mal de altura y mejora tu experiencia en la monta\u00f1a.<\/p>\n<p>\u00b7 Combate la fatiga causada por la contaminaci\u00f3n del aire.<\/p>\n<p>Hasta 200 Shots \/ 89% Ox\u00edgeno<\/p>\n<p>Incluye Inhalador<\/p>\n","protected":false},"excerpt":{"rendered":"<p>Dispositivo ultra port\u00e1til de ox\u00edgeno suplementario dise\u00f1ado para mejorar la calidad de vida de personas con problemas respiratorios como el asma y las alergias. Su portabilidad, facilidad de uso y autonom\u00eda ofrecen alivio de s\u00edntomas permitiendo una vida m\u00e1s activa y sin preocupaciones<\/p>\n","protected":false},"featured_media":4036,"template":"","meta":[],"product_brand":[],"product_cat":[100],"product_tag":[],"class_list":{"0":"post-3922","1":"product","2":"type-product","3":"status-publish","4":"has-post-thumbnail","6":"product_cat-salud-respiratoria","8":"first","9":"instock","10":"shipping-taxable","11":"purchasable","12":"product-type-simple"},"_links":{"self":[{"href":"https:\/\/espaginasweb.com\/sinalergia\/wp-json\/wp\/v2\/product\/3922","targetHints":{"allow":["GET"]}}],"collection":[{"href":"https:\/\/espaginasweb.com\/sinalergia\/wp-json\/wp\/v2\/product"}],"about":[{"href":"https:\/\/espaginasweb.com\/sinalergia\/wp-json\/wp\/v2\/types\/product"}],"wp:featuredmedia":[{"embeddable":true,"href":"https:\/\/espaginasweb.com\/sinalergia\/wp-json\/wp\/v2\/media\/4036"}],"wp:attachment":[{"href":"https:\/\/espaginasweb.com\/sinalergia\/wp-json\/wp\/v2\/media?parent=3922"}],"wp:term":[{"taxonomy":"product_brand","embeddable":true,"href":"https:\/\/espaginasweb.com\/sinalergia\/wp-json\/wp\/v2\/product_brand?post=3922"},{"taxonomy":"product_cat","embeddable":true,"href":"https:\/\/espaginasweb.com\/sinalergia\/wp-json\/wp\/v2\/product_cat?post=3922"},{"taxonomy":"product_tag","embeddable":true,"href":"https:\/\/espaginasweb.com\/sinalergia\/wp-json\/wp\/v2\/product_tag?post=3922"}],"curies":[{"name":"wp","href":"https:\/\/api.w.org\/{rel}","templated":true}]}}