{"id":3918,"date":"2025-03-06T19:29:13","date_gmt":"2025-03-06T19:29:13","guid":{"rendered":"https:\/\/espaginasweb.com\/sinalergia\/?post_type=product&#038;p=3918"},"modified":"2025-09-10T11:22:29","modified_gmt":"2025-09-10T14:22:29","slug":"sinus-rinse-kit-50-sachets-xylitol","status":"publish","type":"product","link":"https:\/\/espaginasweb.com\/sinalergia\/tienda\/sinus-rinse-kit-50-sachets-xylitol\/","title":{"rendered":"Sinus Rinse Kit 50 Sachets con Xylitol"},"content":{"rendered":"<p>Los beneficios de los lavados nasales con xilitol incluyen:<\/p>\n<p>1. Hidrataci\u00f3n: El xilitol ayuda a retener la humedad en las membranas nasales, lo que puede aliviar la sequedad y la irritaci\u00f3n en la nariz.<\/p>\n<p>2. Reducci\u00f3n de la congesti\u00f3n: El lavado nasal con xilitol puede ayudar a eliminar el exceso de moco y las part\u00edculas irritantes de las v\u00edas respiratorias superiores, lo que puede aliviar la congesti\u00f3n nasal y facilitar la respiraci\u00f3n.<\/p>\n<p>3. Acci\u00f3n antimicrobiana: El xilitol ha demostrado tener ciertas propiedades antimicrobianas, lo que significa que puede ayudar a reducir la proliferaci\u00f3n de bacterias y otros pat\u00f3genos en las fosas nasales.<\/p>\n<p>4. Efecto antiinflamatorio: Al reducir la irritaci\u00f3n y la inflamaci\u00f3n en las v\u00edas respiratorias, el xilitol puede contribuir a una mayor comodidad respiratoria.<\/p>\n<p>Guardar a temperatura de entre 15\u00b0C a 30\u00b0C<\/p>\n<p>Utilice para aliviar:<\/p>\n<p>\u2022 S\u00edntomas nasales del resfriado, gripe.<\/p>\n<p>\u2022 Alergias y congesti\u00f3n nasal.<\/p>\n<p>\u2022 Las alergias provenientes del polvo en lugar de trabajo o en casa, caspa de animales, plantas, polen, smog, etc.<\/p>\n<p>\u2022 Presi\u00f3n en los senos nasales y congesti\u00f3n nasal.<\/p>\n<p>\u2022 Asma. \u2022 Ronquidos y apnea del sue\u00f1o.<\/p>\n<p>\u2022 Casi cualquier condici\u00f3n aguda o cr\u00f3nica, donde uno siente mucosidad excesiva en las fosas nasales y senos paranasales.<\/p>\n<p>Ventajas<\/p>\n<p>\u2022 Lavado calmante, sin ardor ni picaz\u00f3n de gran volumen y Sistema de Baja Presi\u00f3n \u2122 para una hidrataci\u00f3n e higiene nasal diaria mediante soluci\u00f3n salina.<\/p>\n<p>\u2022 La tapa est\u00e1 dise\u00f1ada para adaptarse a cualquier abertura nasal.<\/p>\n<p>\u2022 Envase flexible f\u00e1cil de limpiar.<\/p>\n<p>\u2022 Libre de conservantes, drogas, yodo, BPA, gluten y L\u00e1tex<\/p>\n<p>\u2022 Sobres premezclados de Cloruro de sodio y bicarbonato de sodio de grado USP (nivel de pureza del 99% o superior)<\/p>\n<p>\u2022 PH equilibrado e isot\u00f3nica o hipert\u00f3nica con dos o m\u00e1s sobres.<\/p>\n<p>\u2022 Flujo suave con envase f\u00e1cil de comprimir. Principios Activos:<\/p>\n<p>\u2022 Cloruro de Sodio Bicarbonato de Sodio<\/p>\n","protected":false},"excerpt":{"rendered":"<p>Kit de higiene e hidrataci\u00f3n diaria para las fosas nasales y senos paranasales en base a una soluci\u00f3n salina con sistema de lavado de gran volumen y baja presi\u00f3n. Contiene Xylitol, antibacteriano natural.<\/p>\n","protected":false},"featured_media":3919,"template":"","meta":[],"product_brand":[],"product_cat":[89],"product_tag":[137],"class_list":{"0":"post-3918","1":"product","2":"type-product","3":"status-publish","4":"has-post-thumbnail","6":"product_cat-limpieza-nasal","7":"product_tag-rinitis-alergica","9":"first","10":"instock","11":"shipping-taxable","12":"purchasable","13":"product-type-simple"},"_links":{"self":[{"href":"https:\/\/espaginasweb.com\/sinalergia\/wp-json\/wp\/v2\/product\/3918","targetHints":{"allow":["GET"]}}],"collection":[{"href":"https:\/\/espaginasweb.com\/sinalergia\/wp-json\/wp\/v2\/product"}],"about":[{"href":"https:\/\/espaginasweb.com\/sinalergia\/wp-json\/wp\/v2\/types\/product"}],"wp:featuredmedia":[{"embeddable":true,"href":"https:\/\/espaginasweb.com\/sinalergia\/wp-json\/wp\/v2\/media\/3919"}],"wp:attachment":[{"href":"https:\/\/espaginasweb.com\/sinalergia\/wp-json\/wp\/v2\/media?parent=3918"}],"wp:term":[{"taxonomy":"product_brand","embeddable":true,"href":"https:\/\/espaginasweb.com\/sinalergia\/wp-json\/wp\/v2\/product_brand?post=3918"},{"taxonomy":"product_cat","embeddable":true,"href":"https:\/\/espaginasweb.com\/sinalergia\/wp-json\/wp\/v2\/product_cat?post=3918"},{"taxonomy":"product_tag","embeddable":true,"href":"https:\/\/espaginasweb.com\/sinalergia\/wp-json\/wp\/v2\/product_tag?post=3918"}],"curies":[{"name":"wp","href":"https:\/\/api.w.org\/{rel}","templated":true}]}}