{"id":3898,"date":"2025-03-06T14:53:37","date_gmt":"2025-03-06T14:53:37","guid":{"rendered":"https:\/\/espaginasweb.com\/sinalergia\/?post_type=product&#038;p=3898"},"modified":"2025-09-11T16:39:51","modified_gmt":"2025-09-11T19:39:51","slug":"moskinto-parche-inteligente-alivia-picaduras-insecto-42un","status":"publish","type":"product","link":"https:\/\/espaginasweb.com\/sinalergia\/tienda\/moskinto-parche-inteligente-alivia-picaduras-insecto-42un\/","title":{"rendered":"Moskinto parche alivia picaduras 42 UN"},"content":{"rendered":"<p>MOSKINTO proporciona comodidad y alivio hasta entre 4-7 d\u00edas. Adem\u00e1s, su dise\u00f1o impermeable garantiza que el parche se mantenga en su lugar, incluso durante la nataci\u00f3n o el ba\u00f1o.<\/p>\n<p>Su tecnolog\u00eda funciona levantando suavemente la capa exterior de la piel para crear un efecto drenante de las sustancias que dejan los mosquitos.<\/p>\n<p>Inventado el 2016, esta revolucionaria innovaci\u00f3n alemana, est\u00e1 dise\u00f1ado para proporcionar un alivio instant\u00e1neo de las molestas picaduras.<\/p>\n<p>Sin medicamentos, ni qu\u00edmicos, Moskinto est\u00e1 hecho con materiales totalmente naturales, haci\u00e9ndolo seguro para todos en la familia.<\/p>\n\n<p>Son f\u00e1ciles de usar, ya que simplemente se pegan y despegan.<\/p>\n<p>Su tama\u00f1o los hace perfectos para obtener un alivio inmediato, durante un viaje, acampando o simplemente disfrutando de un d\u00eda al aire libre.<\/p>\n<p>Sus coloridos dise\u00f1os, hace que a los ni\u00f1os les encante cuidar sus picaduras de una manera atractiva y aprendan sobre el cuidado personal y la responsabilidad.<\/p>\n<p>Mant\u00e9n Moskinto a mano para todas tus aventuras tanto al aire libre como en casa y disfruta de experiencias sin picaz\u00f3n<\/p>\n","protected":false},"excerpt":{"rendered":"<p>Los parches de Alemania que reducen instant\u00e1neamente la picaz\u00f3n e hinchaz\u00f3n que producen los mosquitos, garrapatas, hormigas y otros insectos. Apto para beb\u00e9s, ni\u00f1os y adultos de todas las edades.<\/p>\n","protected":false},"featured_media":4040,"template":"","meta":[],"product_brand":[],"product_cat":[90],"product_tag":[127],"class_list":{"0":"post-3898","1":"product","2":"type-product","3":"status-publish","4":"has-post-thumbnail","6":"product_cat-repelentes","7":"product_tag-picadura-insecto","9":"first","10":"instock","11":"shipping-taxable","12":"purchasable","13":"product-type-simple"},"_links":{"self":[{"href":"https:\/\/espaginasweb.com\/sinalergia\/wp-json\/wp\/v2\/product\/3898","targetHints":{"allow":["GET"]}}],"collection":[{"href":"https:\/\/espaginasweb.com\/sinalergia\/wp-json\/wp\/v2\/product"}],"about":[{"href":"https:\/\/espaginasweb.com\/sinalergia\/wp-json\/wp\/v2\/types\/product"}],"wp:featuredmedia":[{"embeddable":true,"href":"https:\/\/espaginasweb.com\/sinalergia\/wp-json\/wp\/v2\/media\/4040"}],"wp:attachment":[{"href":"https:\/\/espaginasweb.com\/sinalergia\/wp-json\/wp\/v2\/media?parent=3898"}],"wp:term":[{"taxonomy":"product_brand","embeddable":true,"href":"https:\/\/espaginasweb.com\/sinalergia\/wp-json\/wp\/v2\/product_brand?post=3898"},{"taxonomy":"product_cat","embeddable":true,"href":"https:\/\/espaginasweb.com\/sinalergia\/wp-json\/wp\/v2\/product_cat?post=3898"},{"taxonomy":"product_tag","embeddable":true,"href":"https:\/\/espaginasweb.com\/sinalergia\/wp-json\/wp\/v2\/product_tag?post=3898"}],"curies":[{"name":"wp","href":"https:\/\/api.w.org\/{rel}","templated":true}]}}