{"id":3890,"date":"2025-03-06T14:31:18","date_gmt":"2025-03-06T14:31:18","guid":{"rendered":"https:\/\/espaginasweb.com\/sinalergia\/?post_type=product&#038;p=3890"},"modified":"2025-09-04T20:19:06","modified_gmt":"2025-09-04T20:19:06","slug":"esponja-facial-konjac-carbon-natural-hbm","status":"publish","type":"product","link":"https:\/\/espaginasweb.com\/sinalergia\/tienda\/esponja-facial-konjac-carbon-natural-hbm\/","title":{"rendered":"Esponja facial Konjac Carb\u00f3n Activado HBM"},"content":{"rendered":"<p>Esponja biodegradable y natural. Limpia, exfolia y suaviza pieles grasas y acn\u00e9icas. Contiene 90% de ra\u00edz de Konjac, 10% de Carb\u00f3n de Bamboo activado y minerales que remueven el exceso de grasa, mantiene a raya las bacterias y calma la piel.<\/p>\n<p>Modo de uso:<br \/>\nHumed\u00e9cela con agua hasta que est\u00e9 suave y blanda.<\/p>\n<p>Tambi\u00e9n puedes usarla junto a tu agua micelar o desmaquillante en reemplazo de los p\u00e9talos de algod\u00f3n.<\/p>\n<p>Masajea tu piel durante 1 a 2 minutos con movimientos circulares. Luego enju\u00e1gala bajo el chorro de agua y cuelga para que se seque.<\/p>\n<p>Reempl\u00e1zala cada 1 \u00f3 2 meses.<\/p>\n<p>100% natural<br \/>\n100% sin aditivos<br \/>\n100% biodegradable<br \/>\n100% vegano<\/p>\n","protected":false},"excerpt":{"rendered":"<p>Esponja biodegradable y natural. Limpia, exfolia y suaviza pieles grasas y acn\u00e9icas. Contiene 90% de ra\u00edz de Konjac, 10% de Carb\u00f3n de Bamboo activado y minerales que remueven el exceso de grasa, mantiene a raya las bacterias y calma la piel<\/p>\n","protected":false},"featured_media":3894,"template":"","meta":[],"product_brand":[],"product_cat":[97,98],"product_tag":[120,121],"class_list":{"0":"post-3890","1":"product","2":"type-product","3":"status-publish","4":"has-post-thumbnail","6":"product_cat-cuidado-personal","7":"product_cat-cuidado-de-la-piel","8":"product_tag-limpieza","9":"product_tag-piel-sensible","11":"first","12":"instock","13":"shipping-taxable","14":"purchasable","15":"product-type-simple"},"_links":{"self":[{"href":"https:\/\/espaginasweb.com\/sinalergia\/wp-json\/wp\/v2\/product\/3890","targetHints":{"allow":["GET"]}}],"collection":[{"href":"https:\/\/espaginasweb.com\/sinalergia\/wp-json\/wp\/v2\/product"}],"about":[{"href":"https:\/\/espaginasweb.com\/sinalergia\/wp-json\/wp\/v2\/types\/product"}],"wp:featuredmedia":[{"embeddable":true,"href":"https:\/\/espaginasweb.com\/sinalergia\/wp-json\/wp\/v2\/media\/3894"}],"wp:attachment":[{"href":"https:\/\/espaginasweb.com\/sinalergia\/wp-json\/wp\/v2\/media?parent=3890"}],"wp:term":[{"taxonomy":"product_brand","embeddable":true,"href":"https:\/\/espaginasweb.com\/sinalergia\/wp-json\/wp\/v2\/product_brand?post=3890"},{"taxonomy":"product_cat","embeddable":true,"href":"https:\/\/espaginasweb.com\/sinalergia\/wp-json\/wp\/v2\/product_cat?post=3890"},{"taxonomy":"product_tag","embeddable":true,"href":"https:\/\/espaginasweb.com\/sinalergia\/wp-json\/wp\/v2\/product_tag?post=3890"}],"curies":[{"name":"wp","href":"https:\/\/api.w.org\/{rel}","templated":true}]}}