{"id":3888,"date":"2025-03-06T14:30:34","date_gmt":"2025-03-06T14:30:34","guid":{"rendered":"https:\/\/espaginasweb.com\/sinalergia\/?post_type=product&#038;p=3888"},"modified":"2025-09-10T11:50:41","modified_gmt":"2025-09-10T14:50:41","slug":"travel-spray-better-air-onthego","status":"publish","type":"product","link":"https:\/\/espaginasweb.com\/sinalergia\/tienda\/travel-spray-better-air-onthego\/","title":{"rendered":"Travel Spray Better Air"},"content":{"rendered":"<p>La l\u00ednea On The Go permite de forma sencilla balancear tus espacios inmediatos, fuera del hogar. En su formato spray contiene la f\u00f3rmula de Enviro-Biotics\u00ae. Especialmente dise\u00f1ada para las necesidades de viaje como buses, trenes, habitaciones de hotel, autom\u00f3viles o salas de reuni\u00f3n.<\/p>\n<p>Betterair es una revolucionaria innovaci\u00f3n biotecnol\u00f3gica que utiliza Enviro-Biotics\u00ae, una f\u00f3rmula patentada de probi\u00f3ticos ambientales que, al ser rociados regularmente en un espacio cerrado, limpia el aire, las superficies y los elementos del lugar, incluso penetra tejidos como tapices y alfombras. La f\u00f3rmula de probi\u00f3ticos impide la proliferaci\u00f3n de virus, bacterias, hongos, \u00e1caros y otros agentes pat\u00f3genos que da\u00f1an nuestra salud, eliminando adem\u00e1s malos olores y ayud\u00e1ndonos a convivir mejor con nuestras mascotas.<\/p>\n<p>Betterair fue elegido el mejor inmunizador infantil por la prestigiosa instituci\u00f3n Parent Tested Parent Approved PTPA. Su impacto en la salud respiratoria ha sido certificado por la EPA de EEUU, ISP de Chile entre muchos organismos reguladores.<\/p>\n","protected":false},"excerpt":{"rendered":"<p>Lleva contigo los beneficios de la ProbioPurificaci\u00f3n a todas partes con este formato ideal para cuando necesites moverte. Contiene la f\u00f3rmula de Enviro-Biotics\u00ae.<\/p>\n","protected":false},"featured_media":4013,"template":"","meta":[],"product_brand":[],"product_cat":[100,91],"product_tag":[122,124,125,123,126],"class_list":{"0":"post-3888","1":"product","2":"type-product","3":"status-publish","4":"has-post-thumbnail","6":"product_cat-salud-respiratoria","7":"product_cat-purificadores-de-aire","8":"product_tag-acaros","9":"product_tag-caspa-de-animales","10":"product_tag-moho","11":"product_tag-polen","12":"product_tag-virus","14":"first","15":"instock","16":"shipping-taxable","17":"purchasable","18":"product-type-simple"},"_links":{"self":[{"href":"https:\/\/espaginasweb.com\/sinalergia\/wp-json\/wp\/v2\/product\/3888","targetHints":{"allow":["GET"]}}],"collection":[{"href":"https:\/\/espaginasweb.com\/sinalergia\/wp-json\/wp\/v2\/product"}],"about":[{"href":"https:\/\/espaginasweb.com\/sinalergia\/wp-json\/wp\/v2\/types\/product"}],"wp:featuredmedia":[{"embeddable":true,"href":"https:\/\/espaginasweb.com\/sinalergia\/wp-json\/wp\/v2\/media\/4013"}],"wp:attachment":[{"href":"https:\/\/espaginasweb.com\/sinalergia\/wp-json\/wp\/v2\/media?parent=3888"}],"wp:term":[{"taxonomy":"product_brand","embeddable":true,"href":"https:\/\/espaginasweb.com\/sinalergia\/wp-json\/wp\/v2\/product_brand?post=3888"},{"taxonomy":"product_cat","embeddable":true,"href":"https:\/\/espaginasweb.com\/sinalergia\/wp-json\/wp\/v2\/product_cat?post=3888"},{"taxonomy":"product_tag","embeddable":true,"href":"https:\/\/espaginasweb.com\/sinalergia\/wp-json\/wp\/v2\/product_tag?post=3888"}],"curies":[{"name":"wp","href":"https:\/\/api.w.org\/{rel}","templated":true}]}}