{"id":3878,"date":"2025-03-06T01:13:29","date_gmt":"2025-03-06T01:13:29","guid":{"rendered":"https:\/\/espaginasweb.com\/sinalergia\/?post_type=product&#038;p=3878"},"modified":"2025-03-06T01:13:29","modified_gmt":"2025-03-06T01:13:29","slug":"botones-antiniquel-2un-nickelsmart","status":"publish","type":"product","link":"https:\/\/espaginasweb.com\/sinalergia\/tienda\/botones-antiniquel-2un-nickelsmart\/","title":{"rendered":"Botones Anti N\u00edquel 2 UN Nickelsmart"},"content":{"rendered":"<p>Un sarpullido abdominal con picaz\u00f3n debido al n\u00edquel puede ser causado por los botones y remaches de los jeans y pantalones. C\u00e1mbielos por botones Certified Nickel Free\u2122 en un popular color cobre antiguo. \u00a1Te encantar\u00e1 la diferencia que hace!<\/p>\n<p>El paquete incluye:<\/p>\n<p>2 botones de cobre antiguos<br \/>\n2 tachuelas de aluminio lisas<\/p>\n","protected":false},"excerpt":{"rendered":"<p>Cambia ese bot\u00f3n de tu pantal\u00f3n por tecnolog\u00eda anti n\u00edckel NickelSmart para eliminar esa reacci\u00f3n al\u00e9rgica. 2 botones color cobre antiguo.<\/p>\n","protected":false},"featured_media":3879,"template":"","meta":[],"product_brand":[],"product_cat":[88],"product_tag":[119],"class_list":{"0":"post-3878","1":"product","2":"type-product","3":"status-publish","4":"has-post-thumbnail","6":"product_cat-anti-niquel","7":"product_tag-niquel","9":"first","10":"instock","11":"shipping-taxable","12":"purchasable","13":"product-type-simple"},"_links":{"self":[{"href":"https:\/\/espaginasweb.com\/sinalergia\/wp-json\/wp\/v2\/product\/3878","targetHints":{"allow":["GET"]}}],"collection":[{"href":"https:\/\/espaginasweb.com\/sinalergia\/wp-json\/wp\/v2\/product"}],"about":[{"href":"https:\/\/espaginasweb.com\/sinalergia\/wp-json\/wp\/v2\/types\/product"}],"wp:featuredmedia":[{"embeddable":true,"href":"https:\/\/espaginasweb.com\/sinalergia\/wp-json\/wp\/v2\/media\/3879"}],"wp:attachment":[{"href":"https:\/\/espaginasweb.com\/sinalergia\/wp-json\/wp\/v2\/media?parent=3878"}],"wp:term":[{"taxonomy":"product_brand","embeddable":true,"href":"https:\/\/espaginasweb.com\/sinalergia\/wp-json\/wp\/v2\/product_brand?post=3878"},{"taxonomy":"product_cat","embeddable":true,"href":"https:\/\/espaginasweb.com\/sinalergia\/wp-json\/wp\/v2\/product_cat?post=3878"},{"taxonomy":"product_tag","embeddable":true,"href":"https:\/\/espaginasweb.com\/sinalergia\/wp-json\/wp\/v2\/product_tag?post=3878"}],"curies":[{"name":"wp","href":"https:\/\/api.w.org\/{rel}","templated":true}]}}