{"id":3858,"date":"2023-08-30T23:38:39","date_gmt":"2023-08-30T23:38:39","guid":{"rendered":"https:\/\/espaginasweb.com\/sinalergia\/?post_type=product&#038;p=3858"},"modified":"2025-03-06T16:02:41","modified_gmt":"2025-03-06T16:02:41","slug":"cinturon-millennial-cuero-negro-nickelzero","status":"publish","type":"product","link":"https:\/\/espaginasweb.com\/sinalergia\/tienda\/cinturon-millennial-cuero-negro-nickelzero\/","title":{"rendered":"Cintur\u00f3n anti n\u00edquel Millennial Negro Nickelzero"},"content":{"rendered":"<p>Cintur\u00f3n de cuero con hebilla anti n\u00edquel certificada.<\/p>\n","protected":false},"excerpt":{"rendered":"<p>Cintur\u00f3n de cuero con hebilla anti n\u00edquel certificada. Distintos tama\u00f1os.<\/p>\n","protected":false},"featured_media":3867,"template":"","meta":[],"product_brand":[],"product_cat":[88],"product_tag":[119],"class_list":{"0":"post-3858","1":"product","2":"type-product","3":"status-publish","4":"has-post-thumbnail","6":"product_cat-anti-niquel","7":"product_tag-niquel","9":"first","10":"instock","11":"shipping-taxable","12":"purchasable","13":"product-type-variable"},"_links":{"self":[{"href":"https:\/\/espaginasweb.com\/sinalergia\/wp-json\/wp\/v2\/product\/3858","targetHints":{"allow":["GET"]}}],"collection":[{"href":"https:\/\/espaginasweb.com\/sinalergia\/wp-json\/wp\/v2\/product"}],"about":[{"href":"https:\/\/espaginasweb.com\/sinalergia\/wp-json\/wp\/v2\/types\/product"}],"wp:featuredmedia":[{"embeddable":true,"href":"https:\/\/espaginasweb.com\/sinalergia\/wp-json\/wp\/v2\/media\/3867"}],"wp:attachment":[{"href":"https:\/\/espaginasweb.com\/sinalergia\/wp-json\/wp\/v2\/media?parent=3858"}],"wp:term":[{"taxonomy":"product_brand","embeddable":true,"href":"https:\/\/espaginasweb.com\/sinalergia\/wp-json\/wp\/v2\/product_brand?post=3858"},{"taxonomy":"product_cat","embeddable":true,"href":"https:\/\/espaginasweb.com\/sinalergia\/wp-json\/wp\/v2\/product_cat?post=3858"},{"taxonomy":"product_tag","embeddable":true,"href":"https:\/\/espaginasweb.com\/sinalergia\/wp-json\/wp\/v2\/product_tag?post=3858"}],"curies":[{"name":"wp","href":"https:\/\/api.w.org\/{rel}","templated":true}]}}