{"id":3827,"date":"2023-07-24T16:31:51","date_gmt":"2023-07-24T16:31:51","guid":{"rendered":"https:\/\/espaginasweb.com\/sinalergia\/?post_type=product&#038;p=3827"},"modified":"2025-09-11T15:20:04","modified_gmt":"2025-09-11T18:20:04","slug":"probio-purificador-biologic-kit-better-air","status":"publish","type":"product","link":"https:\/\/espaginasweb.com\/sinalergia\/tienda\/probio-purificador-biologic-kit-better-air\/","title":{"rendered":"Probio Purificador Biologic Kit Better Air"},"content":{"rendered":"<p>La ProbioPurificaci\u00f3n es una revolucionaria innovaci\u00f3n biotecnol\u00f3gica que utiliza Enviro-Biotics\u00ae, una f\u00f3rmula patentada de probi\u00f3ticos ambientales que, al ser rociados regularmente en un ambiente, purifican y sanitizan el aire, las superficie y los elementos del lugar. Nuestra f\u00f3rmula monopoliza la fuente de alimento disponible, impidiendo la proliferaci\u00f3n de virus, bacterias, hongos y otos agentes pat\u00f3genos que da\u00f1an nuestra salud.<\/p>\n<p>Biologic es un dispositivo port\u00e1til y recargable, f\u00e1cil de transportar, adecuado para espacios como dormitorios, oficinas personales y autom\u00f3viles, con una capacidad de cobertura de hasta 45 mt2. El dispositivo roc\u00eda cada una hora de manera autom\u00e1tica, manteniendo protegida y segura el \u00e1rea donde opera.<\/p>\n<p>La revisi\u00f3n y control del dispositivo se realiza a trav\u00e9s de una aplicaci\u00f3n v\u00eda Smartphone.<\/p>\n<p>El dispositivo contiene un frasco de recarga de 75ml (2.54 oz) con Enviro-Biotics\u00ae, lo que permite una operaci\u00f3n continua de 90 d\u00edas.<\/p>\n<p>Especificaciones<\/p>\n<p>Altura: 19 cm<\/p>\n<p>Di\u00e1metro: 7 cm<\/p>\n<p>Peso: 400 gramos con recarga completa<\/p>\n<p>Fuente de Poder: 5v DC<\/p>\n<p>Capacidad Bater\u00eda: 2000 mAh<\/p>\n<p>Input \u2013C- Type USB<\/p>\n","protected":false},"excerpt":{"rendered":"<p>Purifica tu ambiente con probi\u00f3ticos ambientales impidiendo la proliferaci\u00f3n de virus, bacterias, hongos y otros alergenos. Innovaci\u00f3n biotecnol\u00f3gica para tu bienestar.<\/p>\n","protected":false},"featured_media":4038,"template":"","meta":[],"product_brand":[],"product_cat":[91],"product_tag":[122,124,125,123,126],"class_list":{"0":"post-3827","1":"product","2":"type-product","3":"status-publish","4":"has-post-thumbnail","6":"product_cat-purificadores-de-aire","7":"product_tag-acaros","8":"product_tag-caspa-de-animales","9":"product_tag-moho","10":"product_tag-polen","11":"product_tag-virus","13":"first","14":"instock","15":"shipping-taxable","16":"purchasable","17":"product-type-simple"},"_links":{"self":[{"href":"https:\/\/espaginasweb.com\/sinalergia\/wp-json\/wp\/v2\/product\/3827","targetHints":{"allow":["GET"]}}],"collection":[{"href":"https:\/\/espaginasweb.com\/sinalergia\/wp-json\/wp\/v2\/product"}],"about":[{"href":"https:\/\/espaginasweb.com\/sinalergia\/wp-json\/wp\/v2\/types\/product"}],"wp:featuredmedia":[{"embeddable":true,"href":"https:\/\/espaginasweb.com\/sinalergia\/wp-json\/wp\/v2\/media\/4038"}],"wp:attachment":[{"href":"https:\/\/espaginasweb.com\/sinalergia\/wp-json\/wp\/v2\/media?parent=3827"}],"wp:term":[{"taxonomy":"product_brand","embeddable":true,"href":"https:\/\/espaginasweb.com\/sinalergia\/wp-json\/wp\/v2\/product_brand?post=3827"},{"taxonomy":"product_cat","embeddable":true,"href":"https:\/\/espaginasweb.com\/sinalergia\/wp-json\/wp\/v2\/product_cat?post=3827"},{"taxonomy":"product_tag","embeddable":true,"href":"https:\/\/espaginasweb.com\/sinalergia\/wp-json\/wp\/v2\/product_tag?post=3827"}],"curies":[{"name":"wp","href":"https:\/\/api.w.org\/{rel}","templated":true}]}}