{"id":3756,"date":"2023-02-01T23:27:02","date_gmt":"2023-02-01T23:27:02","guid":{"rendered":"https:\/\/espaginasweb.com\/sinalergia\/?post_type=product&#038;p=3756"},"modified":"2025-09-05T19:17:50","modified_gmt":"2025-09-05T19:17:50","slug":"funda-plumon-antiacaro-superking","status":"publish","type":"product","link":"https:\/\/espaginasweb.com\/sinalergia\/tienda\/funda-plumon-antiacaro-superking\/","title":{"rendered":"Funda Anti\u00e1caros Plum\u00f3n Super King"},"content":{"rendered":"<p>FUNDA PLUM\u00d3N ANTI-ACAROS<\/p>\n<p>280 an x 245 la  (S\u00faper King)<\/p>\n<p>Cubren completamente el plum\u00f3n. Se usa debajo de las fundas de sus plumones o sobre el plum\u00f3n si este no tiene funda.<\/p>\n<p>Evite el contacto de los \u00e1caros con el sistema respiratorio y piel, evitando la distribuci\u00f3n y aerotransporte de las part\u00edculas de \u00e1caros debido al movimiento y compresiones propias al uso de plumones.<\/p>\n","protected":false},"excerpt":{"rendered":"<p>Cobertor antial\u00e9rgico para plum\u00f3n, hipoalerg\u00e9nico y antibacteriano, protege efectivamente mucosas nasales, bronquios y piel de los \u00e1caros del polvo. Formato plum\u00f3n tama\u00f1o Super King.<\/p>\n<p>280 an x 245 la  (S\u00faper King)<\/p>\n","protected":false},"featured_media":3549,"template":"","meta":[],"product_brand":[],"product_cat":[80,84],"product_tag":[122],"class_list":{"0":"post-3756","1":"product","2":"type-product","3":"status-publish","4":"has-post-thumbnail","6":"product_cat-fundas-antiacaros","7":"product_cat-fundas-plumon-antiacaros","8":"product_tag-acaros","10":"first","11":"instock","12":"shipping-taxable","13":"purchasable","14":"product-type-simple"},"_links":{"self":[{"href":"https:\/\/espaginasweb.com\/sinalergia\/wp-json\/wp\/v2\/product\/3756","targetHints":{"allow":["GET"]}}],"collection":[{"href":"https:\/\/espaginasweb.com\/sinalergia\/wp-json\/wp\/v2\/product"}],"about":[{"href":"https:\/\/espaginasweb.com\/sinalergia\/wp-json\/wp\/v2\/types\/product"}],"wp:featuredmedia":[{"embeddable":true,"href":"https:\/\/espaginasweb.com\/sinalergia\/wp-json\/wp\/v2\/media\/3549"}],"wp:attachment":[{"href":"https:\/\/espaginasweb.com\/sinalergia\/wp-json\/wp\/v2\/media?parent=3756"}],"wp:term":[{"taxonomy":"product_brand","embeddable":true,"href":"https:\/\/espaginasweb.com\/sinalergia\/wp-json\/wp\/v2\/product_brand?post=3756"},{"taxonomy":"product_cat","embeddable":true,"href":"https:\/\/espaginasweb.com\/sinalergia\/wp-json\/wp\/v2\/product_cat?post=3756"},{"taxonomy":"product_tag","embeddable":true,"href":"https:\/\/espaginasweb.com\/sinalergia\/wp-json\/wp\/v2\/product_tag?post=3756"}],"curies":[{"name":"wp","href":"https:\/\/api.w.org\/{rel}","templated":true}]}}