{"id":3712,"date":"2023-01-11T02:03:51","date_gmt":"2023-01-11T02:03:51","guid":{"rendered":"https:\/\/espaginasweb.com\/sinalergia\/?post_type=product&#038;p=3712"},"modified":"2023-07-16T14:43:34","modified_gmt":"2023-07-16T14:43:34","slug":"airphysio-dispositivo-pepo-para-mejorar-capacidad-pulmonar","status":"publish","type":"product","link":"https:\/\/espaginasweb.com\/sinalergia\/tienda\/airphysio-dispositivo-pepo-para-mejorar-capacidad-pulmonar\/","title":{"rendered":"Airphysio Dispositivo PEPO Para Mejorar Capacidad Pulmonar"},"content":{"rendered":"<p>Una mala higiene pulmonar, el aumento de las secreciones mucosas y principalmente la imposibilidad de eliminar estas secreciones, provoca en muchas personas que padecen las enfermedades antes citadas una disminuci\u00f3n de su capacidad de respirar transform\u00e1ndose en un problema de calidad de vida que hace imposible el llevar una vida normal, afectando su rendimiento laboral y sus relaciones familiares.<\/p>\n<p>Por ello investigadores y cient\u00edficos crearon un dispositivo de tratamiento sin medicamentos ni sustancias qu\u00edmicas, que &#8211; cuando se utiliza &#8211; ayuda a eliminar la mucosidad exagerada y contaminada (esputo) , permitiendo que el aire fluya hacia y desde los pulmones, restituyendo el volumen pulmonar perdido. De esta forma, el dispositivo ayuda al paciente a recuperar parte del flujo de aire en tr\u00e1nsito, expandiendo los pulmones y aumentando su capacidad respiratoria.<\/p>\n<p>Aparte de eso, este innovador dispositivo de presi\u00f3n espiratoria positiva PEPO, le ayudar\u00e1 a ejercitar la musculatura que participa en el proceso respiratorio, ya que &#8211; al recuperarse los niveles normales de aire inspirado y espirado &#8211; dichos m\u00fasculos vuelven a funcionar a plenitud, permitiendo as\u00ed que vuelvan a trabajar partes del pulm\u00f3n que estaban subutilizadas como consecuencia de la baja en el flujo de aire que transitaba por las v\u00edas respiratorias.<\/p>\n<p>\u00bfQu\u00e9 es el dispositivo de presi\u00f3n espiratoria positiva oscilante PEPO Airphysio?<\/p>\n<p>AirPhysio es un dispositivo m\u00e9dico premiado internacionalmente y que ha sido dise\u00f1ado y fabricado en Australia. Su t\u00e9cnica imita el poder sanador de la tos, al impulsar el aire expelido con la fuerza necesaria para soltar la mucosidad adherida a las paredes del sistema respiratorio, permitiendo luego su ascenso hacia la laringe, desde donde el paciente lo expulsa o lo deglute.<\/p>\n<p>Con ello se ampl\u00edan las v\u00edas respiratorias, se moviliza la mucosidad y se respira mas y mejor.<\/p>\n<p>Airphysio est\u00e1 disponible en distintos formatos. Incluido para personas que tienen disminuida su capacidad pulmonar y\/o afecciones respiratorias graves, como tambi\u00e9n para deportistas y ni\u00f1os.<\/p>\n","protected":false},"excerpt":{"rendered":"<p>Nuevo dispositivo para aumentar la capacidad respiratoria de una persona y\/o paciente y aliviar las afecciones respiratorias a trav\u00e9s de la eliminaci\u00f3n de la mucosidad. Trata patolog\u00edas como Enfermedad Pulmonar Obstructiva Cr\u00f3nica (EPOC), el Asma, las Bronquiectasias, Fibrosis Qu\u00edstica, Bronconeumon\u00eda y otras afecciones.<\/p>\n","protected":false},"featured_media":3713,"template":"","meta":[],"product_brand":[],"product_cat":[100],"product_tag":[],"class_list":{"0":"post-3712","1":"product","2":"type-product","3":"status-publish","4":"has-post-thumbnail","6":"product_cat-salud-respiratoria","8":"first","9":"instock","10":"shipping-taxable","11":"purchasable","12":"product-type-variable"},"_links":{"self":[{"href":"https:\/\/espaginasweb.com\/sinalergia\/wp-json\/wp\/v2\/product\/3712","targetHints":{"allow":["GET"]}}],"collection":[{"href":"https:\/\/espaginasweb.com\/sinalergia\/wp-json\/wp\/v2\/product"}],"about":[{"href":"https:\/\/espaginasweb.com\/sinalergia\/wp-json\/wp\/v2\/types\/product"}],"wp:featuredmedia":[{"embeddable":true,"href":"https:\/\/espaginasweb.com\/sinalergia\/wp-json\/wp\/v2\/media\/3713"}],"wp:attachment":[{"href":"https:\/\/espaginasweb.com\/sinalergia\/wp-json\/wp\/v2\/media?parent=3712"}],"wp:term":[{"taxonomy":"product_brand","embeddable":true,"href":"https:\/\/espaginasweb.com\/sinalergia\/wp-json\/wp\/v2\/product_brand?post=3712"},{"taxonomy":"product_cat","embeddable":true,"href":"https:\/\/espaginasweb.com\/sinalergia\/wp-json\/wp\/v2\/product_cat?post=3712"},{"taxonomy":"product_tag","embeddable":true,"href":"https:\/\/espaginasweb.com\/sinalergia\/wp-json\/wp\/v2\/product_tag?post=3712"}],"curies":[{"name":"wp","href":"https:\/\/api.w.org\/{rel}","templated":true}]}}