{"id":3688,"date":"2023-01-11T01:42:33","date_gmt":"2023-01-11T01:42:33","guid":{"rendered":"https:\/\/espaginasweb.com\/sinalergia\/?post_type=product&#038;p=3688"},"modified":"2025-09-05T19:15:09","modified_gmt":"2025-09-05T19:15:09","slug":"desodorante-alumbre-hipoalergenico-hbm","status":"publish","type":"product","link":"https:\/\/espaginasweb.com\/sinalergia\/tienda\/desodorante-alumbre-hipoalergenico-hbm\/","title":{"rendered":"Desodorante Alumbre Hipoalerg\u00e9nico HBM"},"content":{"rendered":"<p>Los desodorantes convencionales dificultan el proceso natural de transpiraci\u00f3n, controlando el sudor y ocultando el mal olor corporal con perfumes. Las sustancias qu\u00edmicas que utilizan este tipo de desodorantes reducen la transpiraci\u00f3n, pero no eliminan las bacterias causantes del mal olor.<\/p>\n<p>Desodorante Alumbre es un desodorante hipoalerg\u00e9nico, indicado para pieles sensibles o con alergias:<\/p>\n<p>&#8211; No obstruye los poros de la piel, no es pegajoso ni deja manchas ni en la piel ni en la ropa.<br \/>\n&#8211; Es un mineral astringente, utilizado despu\u00e9s del afeitado o depilaci\u00f3n para evitar o disminuir la irritaci\u00f3n.<br \/>\n&#8211; Es utilizado para tratar el acn\u00e9 con excelentes resultados disminuyendo la aparici\u00f3n de \u00e9ste y secando nuevos brotes de acn\u00e9.<br \/>\n&#8211; Elimina las durezas del pie.<br \/>\n&#8211; Puede ser utilizado en ni\u00f1os peque\u00f1os sobre los 2 a\u00f1os.<\/p>\n<p>No contiene alcohol ni perfume, clorhidrato de aluminio, derivados del petr\u00f3leo, disolventes ni qu\u00edmicos peligrosos. No contamina.<\/p>\n","protected":false},"excerpt":{"rendered":"<p>Desodorante natural con alumbre pot\u00e1sico, mineral hipoalerg\u00e9nico, antis\u00e9ptico, antibacteriano y astringente. Crea una pel\u00edcula transparente que evita los malos olores y la formaci\u00f3n de bacterias.<\/p>\n","protected":false},"featured_media":3689,"template":"","meta":[],"product_brand":[],"product_cat":[97,98],"product_tag":[121],"class_list":{"0":"post-3688","1":"product","2":"type-product","3":"status-publish","4":"has-post-thumbnail","6":"product_cat-cuidado-personal","7":"product_cat-cuidado-de-la-piel","8":"product_tag-piel-sensible","10":"first","11":"instock","12":"shipping-taxable","13":"purchasable","14":"product-type-simple"},"_links":{"self":[{"href":"https:\/\/espaginasweb.com\/sinalergia\/wp-json\/wp\/v2\/product\/3688","targetHints":{"allow":["GET"]}}],"collection":[{"href":"https:\/\/espaginasweb.com\/sinalergia\/wp-json\/wp\/v2\/product"}],"about":[{"href":"https:\/\/espaginasweb.com\/sinalergia\/wp-json\/wp\/v2\/types\/product"}],"wp:featuredmedia":[{"embeddable":true,"href":"https:\/\/espaginasweb.com\/sinalergia\/wp-json\/wp\/v2\/media\/3689"}],"wp:attachment":[{"href":"https:\/\/espaginasweb.com\/sinalergia\/wp-json\/wp\/v2\/media?parent=3688"}],"wp:term":[{"taxonomy":"product_brand","embeddable":true,"href":"https:\/\/espaginasweb.com\/sinalergia\/wp-json\/wp\/v2\/product_brand?post=3688"},{"taxonomy":"product_cat","embeddable":true,"href":"https:\/\/espaginasweb.com\/sinalergia\/wp-json\/wp\/v2\/product_cat?post=3688"},{"taxonomy":"product_tag","embeddable":true,"href":"https:\/\/espaginasweb.com\/sinalergia\/wp-json\/wp\/v2\/product_tag?post=3688"}],"curies":[{"name":"wp","href":"https:\/\/api.w.org\/{rel}","templated":true}]}}