{"id":3675,"date":"2023-01-11T01:35:51","date_gmt":"2023-01-11T01:35:51","guid":{"rendered":"https:\/\/espaginasweb.com\/sinalergia\/?post_type=product&#038;p=3675"},"modified":"2025-09-10T15:26:25","modified_gmt":"2025-09-10T18:26:25","slug":"nosk-filtro-nasal","status":"publish","type":"product","link":"https:\/\/espaginasweb.com\/sinalergia\/tienda\/nosk-filtro-nasal\/","title":{"rendered":"Filtro Nasal Nosk 2 UN"},"content":{"rendered":"<p>Los filtros nasales NOSK te ayudan a liberarte de los efectos nocivos de la alergia, del asma de la poluci\u00f3n, rinitis y enfermedades respiratorias, entre otros.<\/p>\n<p>\u2022 Es un dispositivo protector compacto, ultra delgado y f\u00e1cil de aplicar en la cavidad nasal, donde reduce de manera \u00fatil el volumen de polvo inhalado, polen, olores fuertes y otras part\u00edculas alerg\u00e9nicas o contaminantes del aire. Ayuda a proteger el tracto respiratorio y las membranas mucosas.<\/p>\n<p>\u2022 El tejido filtrante cuenta con tecnolog\u00eda S\/M\/S (Spunbond\/Meltblown\/Spunbond), material con una gran resistencia y elongaci\u00f3n (no se rompe) y que adem\u00e1s, detiene poderosamente el paso de las part\u00edculas a\u00e9reas.<\/p>\n<p>\u2022 Nuestros filtros nasales son producidos de manera segura, y son revisados concienzudamente uno a uno antes de su puesta en el mercado.<\/p>\n<p>\u2022 La durabilidad promedio recomendada del filtro son de 100 horas lo que no implica que pudiese tener una mayor duraci\u00f3n dependiendo de su uso.<\/p>\n<p>Contiene 2 unidades.<\/p>\n","protected":false},"excerpt":{"rendered":"<p>Reduce la inhalaci\u00f3n de alergenos como polvo, polen y otros contaminantes protegi\u00e9ndote de alergias, rinitis y otras enfermedades respiratorias. El pack contiene 2 unidades.<\/p>\n","protected":false},"featured_media":3676,"template":"","meta":[],"product_brand":[],"product_cat":[97,95],"product_tag":[137],"class_list":{"0":"post-3675","1":"product","2":"type-product","3":"status-publish","4":"has-post-thumbnail","6":"product_cat-cuidado-personal","7":"product_cat-filtro-nasal","8":"product_tag-rinitis-alergica","10":"first","11":"instock","12":"featured","13":"shipping-taxable","14":"purchasable","15":"product-type-simple"},"_links":{"self":[{"href":"https:\/\/espaginasweb.com\/sinalergia\/wp-json\/wp\/v2\/product\/3675","targetHints":{"allow":["GET"]}}],"collection":[{"href":"https:\/\/espaginasweb.com\/sinalergia\/wp-json\/wp\/v2\/product"}],"about":[{"href":"https:\/\/espaginasweb.com\/sinalergia\/wp-json\/wp\/v2\/types\/product"}],"wp:featuredmedia":[{"embeddable":true,"href":"https:\/\/espaginasweb.com\/sinalergia\/wp-json\/wp\/v2\/media\/3676"}],"wp:attachment":[{"href":"https:\/\/espaginasweb.com\/sinalergia\/wp-json\/wp\/v2\/media?parent=3675"}],"wp:term":[{"taxonomy":"product_brand","embeddable":true,"href":"https:\/\/espaginasweb.com\/sinalergia\/wp-json\/wp\/v2\/product_brand?post=3675"},{"taxonomy":"product_cat","embeddable":true,"href":"https:\/\/espaginasweb.com\/sinalergia\/wp-json\/wp\/v2\/product_cat?post=3675"},{"taxonomy":"product_tag","embeddable":true,"href":"https:\/\/espaginasweb.com\/sinalergia\/wp-json\/wp\/v2\/product_tag?post=3675"}],"curies":[{"name":"wp","href":"https:\/\/api.w.org\/{rel}","templated":true}]}}