{"id":3665,"date":"2023-01-11T01:28:48","date_gmt":"2023-01-11T01:28:48","guid":{"rendered":"https:\/\/espaginasweb.com\/sinalergia\/?post_type=product&#038;p=3665"},"modified":"2025-09-05T19:12:42","modified_gmt":"2025-09-05T19:12:42","slug":"coloursafe-tinte-permanente-pelo-chocolate","status":"publish","type":"product","link":"https:\/\/espaginasweb.com\/sinalergia\/tienda\/coloursafe-tinte-permanente-pelo-chocolate\/","title":{"rendered":"Tinte De Pelo Permanente Colour Safe Chocolate"},"content":{"rendered":"<p>L\u00cdNEA DE TINTES PERMANENTES<\/p>\n<p>Tintes Permanentes ColourSafe es una coloraci\u00f3n capilar permanente que no incluye algunos de los principales ingredientes responsables de la mayor\u00eda de las reacciones al\u00e9rgicas en el cuero cabelludo. La l\u00ednea de coloraci\u00f3n permanente ColourSafe de NaturVital, ha eliminado la Parafenilendiamina (PPD), resorcinol, amon\u00edaco y los conservantes parabenos y los ha sustituido por ingredientes menos agresivos para el cabello. Adem\u00e1s, se han a\u00f1adido ingredientes naturales (como Aloe Vera, Girasol y Keratina vegetal) para proteger el color del cabello y darle un aspecto saludable. El tinte permanente ColourSafe se puede usar sobre todo tipo de cabellos ya que proporciona un color intenso, brillante y de larga duraci\u00f3n. Tienen una m\u00e1xima cobertura de las canas. Al ser una coloraci\u00f3n sin amon\u00edaco y con una concentraci\u00f3n baja de agua oxigenada no permite aclarar pero s\u00ed mantener u oscurecer tonos.<\/p>\n<p>NO CONTIENEN \u2022 Parafenilendiamina (PPD): es principalmente utilizada como colorante intermedio para obtener tonos oscuros. Se emplea en casi todos los tintes permanentes del cabello. Es el responsable de la mayor\u00eda de las reacciones al\u00e9rgicas tras el uso de tintes capilares. Los tintes permanentes ColourSafe contienen \u201c2,5 Tolueno Diamino Sulfato\u201d. \u2022 Resorcinol: es utilizado para dar intensidad a los tonos dorados. Puede producir reacciones al\u00e9rgicas. ColourSafe ha sustituido este ingrediente por el Metilresorcinol. \u2022 Amon\u00edaco: es extremadamente alcalino. Da\u00f1a la cut\u00edcula capilar y puede producir reacciones al\u00e9rgicas. Adem\u00e1s, desprende un olor muy desagradable. ColourSafe ha sustituido este ingrediente por la Etanolamina. \u2022 Parabenos: son conservantes qu\u00edmicos muy utilizados en el sector cosm\u00e9tico. La ausencia de estos ingredientes en la f\u00f3rmula podr\u00eda reducir el riesgo de reacciones al\u00e9rgicas en el cuero cabelludo pero los tintes ColourSafe no est\u00e1n exentos de causar ning\u00fan tipo de alergia, sobre todo a aquellas personas con piel sensible a compuestos de este tipo (se informa muy espec\u00edficamente en los estuches y en el folleto interior que se debe realizar el test de alergia 48h. antes de su uso<\/p>\n<p>CONTIENEN<\/p>\n<p>Las f\u00f3rmulas est\u00e1n enriquecidas con Girasol, S\u00e9samo, Aloe Vera y Keratina vegetal.<\/p>\n","protected":false},"excerpt":{"rendered":"<p>Coloraci\u00f3n capilar permanente que no incluye algunos de los principales ingredientes responsables de la mayor\u00eda de las reacciones al\u00e9rgicas en el cuero cabelludo. Entre ellos no contiene Parafenilendiamina (PPD), resorcinol, amon\u00edaco y los conservantes parabenos. Color: Chocolate 5.7<\/p>\n","protected":false},"featured_media":3666,"template":"","meta":[],"product_brand":[],"product_cat":[97,94],"product_tag":[121],"class_list":{"0":"post-3665","1":"product","2":"type-product","3":"status-publish","4":"has-post-thumbnail","6":"product_cat-cuidado-personal","7":"product_cat-tintes-para-el-pelo","8":"product_tag-piel-sensible","10":"first","11":"instock","12":"shipping-taxable","13":"purchasable","14":"product-type-simple"},"_links":{"self":[{"href":"https:\/\/espaginasweb.com\/sinalergia\/wp-json\/wp\/v2\/product\/3665","targetHints":{"allow":["GET"]}}],"collection":[{"href":"https:\/\/espaginasweb.com\/sinalergia\/wp-json\/wp\/v2\/product"}],"about":[{"href":"https:\/\/espaginasweb.com\/sinalergia\/wp-json\/wp\/v2\/types\/product"}],"wp:featuredmedia":[{"embeddable":true,"href":"https:\/\/espaginasweb.com\/sinalergia\/wp-json\/wp\/v2\/media\/3666"}],"wp:attachment":[{"href":"https:\/\/espaginasweb.com\/sinalergia\/wp-json\/wp\/v2\/media?parent=3665"}],"wp:term":[{"taxonomy":"product_brand","embeddable":true,"href":"https:\/\/espaginasweb.com\/sinalergia\/wp-json\/wp\/v2\/product_brand?post=3665"},{"taxonomy":"product_cat","embeddable":true,"href":"https:\/\/espaginasweb.com\/sinalergia\/wp-json\/wp\/v2\/product_cat?post=3665"},{"taxonomy":"product_tag","embeddable":true,"href":"https:\/\/espaginasweb.com\/sinalergia\/wp-json\/wp\/v2\/product_tag?post=3665"}],"curies":[{"name":"wp","href":"https:\/\/api.w.org\/{rel}","templated":true}]}}