{"id":3652,"date":"2023-01-11T01:07:54","date_gmt":"2023-01-11T01:07:54","guid":{"rendered":"https:\/\/espaginasweb.com\/sinalergia\/?post_type=product&#038;p=3652"},"modified":"2023-07-16T20:23:32","modified_gmt":"2023-07-16T20:23:32","slug":"200-kn-95","status":"publish","type":"product","link":"https:\/\/espaginasweb.com\/sinalergia\/tienda\/200-kn-95\/","title":{"rendered":"Mascarilla KN 95 &#8211; 10 Unidades"},"content":{"rendered":"<p>A prueba de polvo y 95% de filtraci\u00f3n: Hecho de tela no tejida, transpirable y flexible, su tasa de eficiencia de filtraci\u00f3n es superior al 95% y el material del filtro es inofensivo para el ser humano.<br \/>\nC\u00f3modo de usar: Tiene un dise\u00f1o arqueado, que puede garantizar un buen ajuste con la forma de la cara y retener una cierta cantidad de espacio en la boca y la nariz, que es c\u00f3modo de llevar.<br \/>\nCertificada por la CE y FDA<br \/>\nConveniente y asegura su salud: Es econ\u00f3mico y f\u00e1cil de usar. La m\u00e1scara no solo puede aislar el polvo en el aire a tiempo, sino que tambi\u00e9n protege mejor el tracto respiratorio y la piel<\/p>\n","protected":false},"excerpt":{"rendered":"<p>A prueba de polvo y 95% de filtraci\u00f3n: Hecho de tela no tejida, transpirable y flexible, su tasa de eficiencia de filtraci\u00f3n es superior al 95% y el material del filtro es inofensivo para el ser humano.<\/p>\n","protected":false},"featured_media":3653,"template":"","meta":[],"product_brand":[],"product_cat":[93],"product_tag":[],"class_list":{"0":"post-3652","1":"product","2":"type-product","3":"status-publish","4":"has-post-thumbnail","6":"product_cat-mascarillas","7":"pa_color-5-color-gris","8":"pa_color-24-color-rosado","9":"pa_color-11-color-negro","10":"pa_color-8-color-blanco","12":"first","13":"instock","14":"shipping-taxable","15":"purchasable","16":"product-type-variable"},"_links":{"self":[{"href":"https:\/\/espaginasweb.com\/sinalergia\/wp-json\/wp\/v2\/product\/3652","targetHints":{"allow":["GET"]}}],"collection":[{"href":"https:\/\/espaginasweb.com\/sinalergia\/wp-json\/wp\/v2\/product"}],"about":[{"href":"https:\/\/espaginasweb.com\/sinalergia\/wp-json\/wp\/v2\/types\/product"}],"wp:featuredmedia":[{"embeddable":true,"href":"https:\/\/espaginasweb.com\/sinalergia\/wp-json\/wp\/v2\/media\/3653"}],"wp:attachment":[{"href":"https:\/\/espaginasweb.com\/sinalergia\/wp-json\/wp\/v2\/media?parent=3652"}],"wp:term":[{"taxonomy":"product_brand","embeddable":true,"href":"https:\/\/espaginasweb.com\/sinalergia\/wp-json\/wp\/v2\/product_brand?post=3652"},{"taxonomy":"product_cat","embeddable":true,"href":"https:\/\/espaginasweb.com\/sinalergia\/wp-json\/wp\/v2\/product_cat?post=3652"},{"taxonomy":"product_tag","embeddable":true,"href":"https:\/\/espaginasweb.com\/sinalergia\/wp-json\/wp\/v2\/product_tag?post=3652"}],"curies":[{"name":"wp","href":"https:\/\/api.w.org\/{rel}","templated":true}]}}