{"id":3639,"date":"2023-01-11T00:58:47","date_gmt":"2023-01-11T00:58:47","guid":{"rendered":"https:\/\/espaginasweb.com\/sinalergia\/?post_type=product&#038;p=3639"},"modified":"2025-09-09T18:04:06","modified_gmt":"2025-09-09T18:04:06","slug":"filtro-repuesto-ionair-2-ultrauv","status":"publish","type":"product","link":"https:\/\/espaginasweb.com\/sinalergia\/tienda\/filtro-repuesto-ionair-2-ultrauv\/","title":{"rendered":"FILTRO REPUESTO IONAIR 2 ULTRAUV"},"content":{"rendered":"<p>Reemplaza tu filtro para mantener la efectividad de tu purificador de aire Ionair 2.<\/p>\n<p>Purificaci\u00f3n en tres etapas:<\/p>\n<p>PRE-FILTRO<\/p>\n<p>Permite eficientemente filtrar part\u00edculas m\u00e1s grandes de alrededor de 2.5mm. Aumenta la vida \u00fatil de los siguientes filtros.<\/p>\n<p>FILTRO CARB\u00d3N ACTIVO<\/p>\n<p>El carb\u00f3n activado es 5 a 10 veces m\u00e1s eficiente que los filtros de carb\u00f3n tradicional. Su funci\u00f3n es retener sustancias qu\u00edmicas vol\u00e1tiles de peque\u00f1o tama\u00f1o.<\/p>\n<p>FILTRO H13 HEPA<\/p>\n<p>Filtro HEPA grado 13, con la capacidad de filtrar material particulado muy peque\u00f1o, de hasta 0,3 micrones, generando una purificaci\u00f3n de un 99,97%.<\/p>\n","protected":false},"excerpt":{"rendered":"<p>Mant\u00e9n la efectividad de tu purificador Ionair 2. Filtro de reemplazo en tres fases de f\u00e1cil instalaci\u00f3n.<\/p>\n","protected":false},"featured_media":3640,"template":"","meta":[],"product_brand":[],"product_cat":[91],"product_tag":[122,124,125,123],"class_list":{"0":"post-3639","1":"product","2":"type-product","3":"status-publish","4":"has-post-thumbnail","6":"product_cat-purificadores-de-aire","7":"product_tag-acaros","8":"product_tag-caspa-de-animales","9":"product_tag-moho","10":"product_tag-polen","12":"first","13":"instock","14":"shipping-taxable","15":"purchasable","16":"product-type-simple"},"_links":{"self":[{"href":"https:\/\/espaginasweb.com\/sinalergia\/wp-json\/wp\/v2\/product\/3639","targetHints":{"allow":["GET"]}}],"collection":[{"href":"https:\/\/espaginasweb.com\/sinalergia\/wp-json\/wp\/v2\/product"}],"about":[{"href":"https:\/\/espaginasweb.com\/sinalergia\/wp-json\/wp\/v2\/types\/product"}],"wp:featuredmedia":[{"embeddable":true,"href":"https:\/\/espaginasweb.com\/sinalergia\/wp-json\/wp\/v2\/media\/3640"}],"wp:attachment":[{"href":"https:\/\/espaginasweb.com\/sinalergia\/wp-json\/wp\/v2\/media?parent=3639"}],"wp:term":[{"taxonomy":"product_brand","embeddable":true,"href":"https:\/\/espaginasweb.com\/sinalergia\/wp-json\/wp\/v2\/product_brand?post=3639"},{"taxonomy":"product_cat","embeddable":true,"href":"https:\/\/espaginasweb.com\/sinalergia\/wp-json\/wp\/v2\/product_cat?post=3639"},{"taxonomy":"product_tag","embeddable":true,"href":"https:\/\/espaginasweb.com\/sinalergia\/wp-json\/wp\/v2\/product_tag?post=3639"}],"curies":[{"name":"wp","href":"https:\/\/api.w.org\/{rel}","templated":true}]}}