{"id":3637,"date":"2023-01-11T00:57:43","date_gmt":"2023-01-11T00:57:43","guid":{"rendered":"https:\/\/espaginasweb.com\/sinalergia\/?post_type=product&#038;p=3637"},"modified":"2023-08-28T16:21:12","modified_gmt":"2023-08-28T16:21:12","slug":"odrx-eliminador-olores","status":"publish","type":"product","link":"https:\/\/espaginasweb.com\/sinalergia\/tienda\/odrx-eliminador-olores\/","title":{"rendered":"Eliminador De Olores ODRX"},"content":{"rendered":"<p>F\u00f3rmula hipoalerg\u00e9nica biodegradable. Elimina Olores de manera prolongada y segura, libre de fragancias y compuestos vol\u00e1tiles org\u00e1nicos que pudiesen agravar un asma o enfermedades al\u00e9rgicas.<\/p>\n<p>Se puede usar como spray o aditivo en agua en la mayor\u00eda de las superficies y ambientes tales como pisos, muros, madera, alfombras, basureros, closets, restaurantes, casas de reposos, cl\u00ednicas, hoteles, etc.<\/p>\n<p>Efectivo contra diversos olores como humedad, hongos, humo, tabaco, perfumes, alimentos, qu\u00edmicos, basura, productos en descomposici\u00f3n, etc.<\/p>\n<p>Si se requiere en lavander\u00eda o como aditivo en agua:<\/p>\n<p>Diluya 120 ml de ODRX por cada 4 litros de agua, en caso de ser usado como spray se recomienda cerrar el dispensador despu\u00e9s de su uso. Una vez abierto el producto puede usarse durante 6 meses.<\/p>\n<p>Considerado seg\u00fan OSHA( Occupational Safety and Health Administration USA) como seguro, no t\u00f3xico, no irrita, sin embargo, para mayor seguridad se sugiere:<\/p>\n<p>No mezcle su uso con vinagre o \u00e1cido ac\u00e9tico, en caso de contacto directo e importante en los ojos enjuague con agua fr\u00eda durante 10 minutos. De persistir irritaci\u00f3n contacte con un m\u00e9dico. En caso de contacto directo en los ojos, enjuague con agua y jab\u00f3n. Si es ingerido induzca el v\u00f3mito y contacte un m\u00e9dico.<\/p>\n<p>Ingredientes: Di\u00f3xido de color, bicarbonato de sodio y oleato de sorbitan.<\/p>\n","protected":false},"excerpt":{"rendered":"<p>F\u00f3rmula hipoalerg\u00e9nica biodegradable. Elimina Olores de manera prolongada y segura, libre de fragancias y compuestos vol\u00e1tiles org\u00e1nicos que pudiesen agravar un asma o enfermedad al\u00e9rgica.<\/p>\n","protected":false},"featured_media":3638,"template":"","meta":[],"product_brand":[],"product_cat":[79,91],"product_tag":[],"class_list":{"0":"post-3637","1":"product","2":"type-product","3":"status-publish","4":"has-post-thumbnail","6":"product_cat-antiacaros-hogar","7":"product_cat-purificadores-de-aire","9":"first","10":"instock","11":"shipping-taxable","12":"purchasable","13":"product-type-simple"},"_links":{"self":[{"href":"https:\/\/espaginasweb.com\/sinalergia\/wp-json\/wp\/v2\/product\/3637","targetHints":{"allow":["GET"]}}],"collection":[{"href":"https:\/\/espaginasweb.com\/sinalergia\/wp-json\/wp\/v2\/product"}],"about":[{"href":"https:\/\/espaginasweb.com\/sinalergia\/wp-json\/wp\/v2\/types\/product"}],"wp:featuredmedia":[{"embeddable":true,"href":"https:\/\/espaginasweb.com\/sinalergia\/wp-json\/wp\/v2\/media\/3638"}],"wp:attachment":[{"href":"https:\/\/espaginasweb.com\/sinalergia\/wp-json\/wp\/v2\/media?parent=3637"}],"wp:term":[{"taxonomy":"product_brand","embeddable":true,"href":"https:\/\/espaginasweb.com\/sinalergia\/wp-json\/wp\/v2\/product_brand?post=3637"},{"taxonomy":"product_cat","embeddable":true,"href":"https:\/\/espaginasweb.com\/sinalergia\/wp-json\/wp\/v2\/product_cat?post=3637"},{"taxonomy":"product_tag","embeddable":true,"href":"https:\/\/espaginasweb.com\/sinalergia\/wp-json\/wp\/v2\/product_tag?post=3637"}],"curies":[{"name":"wp","href":"https:\/\/api.w.org\/{rel}","templated":true}]}}