{"id":3632,"date":"2023-01-11T00:56:44","date_gmt":"2023-01-11T00:56:44","guid":{"rendered":"https:\/\/espaginasweb.com\/sinalergia\/?post_type=product&#038;p=3632"},"modified":"2025-09-09T18:04:15","modified_gmt":"2025-09-09T18:04:15","slug":"purificador-ionizador-de-aire-ionair-2-ultrauv","status":"publish","type":"product","link":"https:\/\/espaginasweb.com\/sinalergia\/tienda\/purificador-ionizador-de-aire-ionair-2-ultrauv\/","title":{"rendered":"Purificador Ionizador De Aire IonAir 2 UltraUV"},"content":{"rendered":"<p>Mejora tu calidad de vida y disminuye las consecuencias de las alergias respiratorias al eliminar sistem\u00e1ticamente el material particulado del aire. Elimina el polvo, polen, \u00e1caros, moho y otros alergenos, adem\u00e1s de filtrar, ionizar y purificar hasta el 99,97% de las part\u00edculas de mayor tama\u00f1o para espacios de hasta 20 metros cuadrados.<\/p>\n<p>1. Pre-Filtro<br \/>\nFiltra con eficacia el polvo, el pelo, la caspa, las part\u00edculas grandes de la flotaci\u00f3n, reduciendo efectivamente el beb\u00e9, los ni\u00f1os a menudo picaz\u00f3n, erupci\u00f3n roja, enrojecimiento, estornudos, secreci\u00f3n nasal y as\u00ed sucesivamente.<\/p>\n<p>2. Filtro HEPA Grado 13 De Alta Eficiencia<br \/>\nPosee un filtros HEPA grado 13, reconocido internacionalmente como uno de los mejores sistema de filtrado del mundo, tienen la capacidad filtrar part\u00edculas de hasta 0,3 m, generando una purificaci\u00f3n de un 99,97%. Purificaci\u00f3n integral, elimina pm2.5, polvo, bacterias y otros contaminantes, haciendo que el aire sea m\u00e1s saludable. Actualmente esta tecnolog\u00eda se utiliza en la industria cl\u00ednica, aeron\u00e1utica, alimenticia, etc.<\/p>\n<p>3. Filtro De Carb\u00f3n Activado<br \/>\nUniformemente, y el efecto de la purificaci\u00f3n por contacto con el aire puede mejorarse de 5 a 10 veces que el del carb\u00f3n activado granular tradicional. Material de carbono microcristalino, negro, estructura de poros interna desarrollada. Compuesto microcristalino capaz de adsorber mol\u00e9culas de gas de material de carbono de diferentes tama\u00f1os, negro, estructura de poros interna desarrollada. Compuesto de gas capaz de adsorber mol\u00e9culas de diferentes tama\u00f1os.<\/p>\n<p>4. Generador De IONES, Sin Ozono<br \/>\nEl modelo ION 20 emite 10\u00d710\u2076 pcs\/cm\u00b3 para que tu ambiente este Ionizado, libre de material particulado permitiendo un ambiente libre de contaminantes. Nuestras m\u00e1quinas no generan Ozono, ya que est\u00e1 catalogado como una sustancia peligrosa para la salud de las personas y que puede provocar c\u00e1ncer.<\/p>\n<p>Adem\u00e1s, incluye opci\u00f3n de aromaterapia:<\/p>\n<p>5. Esponja De Aromaterapia<br \/>\nEn su base posee esponjas que permiten poner aceites o esencias, por lo que tu m\u00e1quina ION AIR 20 adem\u00e1s de mantener tus espacios purificados e ionizados, te permitir\u00e1 realizar aromaterapia en tus lugares preferidos.<\/p>\n<p>Tecnolog\u00eda de iones negativos:<\/p>\n<p>Esteriliza tu ambiente con Iones Negativos<br \/>\nMejora tu bienestar psicoemocional<br \/>\nLimpia el aire haciendo que el material particulado en suspensi\u00f3n descienda<br \/>\nGenera corrosi\u00f3n en pat\u00f3genos impidiendo su reproducci\u00f3n<br \/>\nMejor calidad de Vida<\/p>\n<p>Indicador de calidad del aire PM2.5:<\/p>\n<p>Despu\u00e9s de poner en marcha la m\u00e1quina, comprueba autom\u00e1ticamente el contenido de part\u00edculas en el aire cerca de la m\u00e1quina.<\/p>\n<p>Hay 4 colores de indicador de calidad del aire, que son azul, verde, p\u00farpura y rojo.<\/p>\n<p>El azul representa el contenido de part\u00edculas en el aire de 0-50 \u03bcg\/m3 (la calidad del aire es excelente).<br \/>\nEl verde representa el contenido de part\u00edculas en el aire de 51-100 \u03bcg\/m3 (la calidad del aire es buena).<br \/>\nEl p\u00farpura representa el contenido de part\u00edculas en el aire de 101-200 \u03bcg\/m3 (la calidad del aire es normal).<br \/>\nEl color rojo indica que el contenido de las part\u00edculas en el aire es m\u00e1s de 201 \u03bcg\/m3 (la calidad del aire es &#8220;pobre\u201d).<\/p>\n<p>El modo silencioso, \u00fanico de 3 niveles, es casi imposible de sentir en funcionamiento.<\/p>\n<p>Caracter\u00edsticas del producto:<\/p>\n<p>Modo de suspensi\u00f3n y ajuste de la velocidad del viento 1-2-3<br \/>\nRecordatorio de reemplazo de filtro<br \/>\nBloqueo para ni\u00f1os<br \/>\nFunci\u00f3n de temporizaci\u00f3n 1-2-4-8h<br \/>\nPrefiltro + filtro HEPA 13 + Iones Negativos + Filtro de Carb\u00f3n activo<br \/>\nFunci\u00f3n de aromaterapia<br \/>\nPanel t\u00e1ctil<\/p>\n<p>Estructura de la m\u00e1quina:<\/p>\n<p>Cuerpo principal<br \/>\nFiltro HEPA grado 13<br \/>\nEsponja de aromaterapia<br \/>\nTapa inferior<\/p>\n<p>Mantenimiento de filtros:<br \/>\nMantenimiento periodico y reemplazo de filtros es esencial para mantener la efectividad de tu purificador de aire.<\/p>\n","protected":false},"excerpt":{"rendered":"<p>Mant\u00e9n tu ambiente limpio y fresco con el purificador en 4 etapas IonAir 2: Prefiltro, Filtro HEPA 13, Ionizador y Filtro de carb\u00f3n activo. IONAIR 20 no solo elimina el polvo, polen, \u00e1caros, moho y otros alergenos, sino que adem\u00e1s filtra, ioniza y purifica hasta el 99,97% de las part\u00edculas de mayor tama\u00f1o.<\/p>\n","protected":false},"featured_media":3633,"template":"","meta":[],"product_brand":[],"product_cat":[91],"product_tag":[122,124,125,123],"class_list":{"0":"post-3632","1":"product","2":"type-product","3":"status-publish","4":"has-post-thumbnail","6":"product_cat-purificadores-de-aire","7":"product_tag-acaros","8":"product_tag-caspa-de-animales","9":"product_tag-moho","10":"product_tag-polen","12":"first","13":"instock","14":"shipping-taxable","15":"purchasable","16":"product-type-simple"},"_links":{"self":[{"href":"https:\/\/espaginasweb.com\/sinalergia\/wp-json\/wp\/v2\/product\/3632","targetHints":{"allow":["GET"]}}],"collection":[{"href":"https:\/\/espaginasweb.com\/sinalergia\/wp-json\/wp\/v2\/product"}],"about":[{"href":"https:\/\/espaginasweb.com\/sinalergia\/wp-json\/wp\/v2\/types\/product"}],"wp:featuredmedia":[{"embeddable":true,"href":"https:\/\/espaginasweb.com\/sinalergia\/wp-json\/wp\/v2\/media\/3633"}],"wp:attachment":[{"href":"https:\/\/espaginasweb.com\/sinalergia\/wp-json\/wp\/v2\/media?parent=3632"}],"wp:term":[{"taxonomy":"product_brand","embeddable":true,"href":"https:\/\/espaginasweb.com\/sinalergia\/wp-json\/wp\/v2\/product_brand?post=3632"},{"taxonomy":"product_cat","embeddable":true,"href":"https:\/\/espaginasweb.com\/sinalergia\/wp-json\/wp\/v2\/product_cat?post=3632"},{"taxonomy":"product_tag","embeddable":true,"href":"https:\/\/espaginasweb.com\/sinalergia\/wp-json\/wp\/v2\/product_tag?post=3632"}],"curies":[{"name":"wp","href":"https:\/\/api.w.org\/{rel}","templated":true}]}}