{"id":3628,"date":"2023-01-11T00:53:38","date_gmt":"2023-01-11T00:53:38","guid":{"rendered":"https:\/\/espaginasweb.com\/sinalergia\/?post_type=product&#038;p=3628"},"modified":"2025-09-09T18:04:22","modified_gmt":"2025-09-09T18:04:22","slug":"purificador-de-aire-uv-ion-ultrauv","status":"publish","type":"product","link":"https:\/\/espaginasweb.com\/sinalergia\/tienda\/purificador-de-aire-uv-ion-ultrauv\/","title":{"rendered":"Purificador De Aire UV Ion UltraUV"},"content":{"rendered":"<p>El purificador de aire port\u00e1til UV ION es la soluci\u00f3n ideal para cuidar y mantener todos tus espacios en \u00f3ptimas condiciones. Elimina virus y bacterias en un 99,99% y genera una sensaci\u00f3n de bienestar y una mejor respuesta frente al estr\u00e9s y la ansiedad.<br \/>\nEmite hasta 15 millones de IONES NEGATIVOS por seg\/cm3 y, adem\u00e1s, radiaci\u00f3n ULTRAVIOLETA tipo C en su interior contrarrestando la excesiva carga de iones positivos.<br \/>\n&#8211; ESTERILIZA: El dispositivo genera iones positivos y negativos, mientras se neutralizan, se genera un campo de plasma que bloquear\u00e1 al virus. La combinaci\u00f3n de H2O formada, mata las bacterias. Y a\u00fan despu\u00e9s quedan muchos iones negativos, que seguir\u00e1n trabajando para eliminar el polvo y olores.<br \/>\n&#8211; PURIFICA: Los inestables iones negativos atraen micro part\u00edculas contaminadas en el aire, lo purifica y ioniza.<\/p>\n<p>El resultado es un aire puro, fresco, libre de agentes pat\u00f3genos y alerg\u00e9nicos, que adem\u00e1s de saludable, logra equilibrar los iones negativos y positivos para un resultado de confort y bienestar.<\/p>\n<p>Caracter\u00edsticas:<br \/>\nTiene una bater\u00eda de 1.800mAh, lo que le permite una autonom\u00eda de 240 minutos.<br \/>\nVida \u00fatil de luces UVC: 10.000 horas<br \/>\nIncluye detector PM 2.5 que avisa a trav\u00e9s de sus luces LED la calidad del aire:<br \/>\n&#8211; Azul: PM2.5 0-50 Alta calidad de aire<br \/>\n&#8211; Amarillo: PM 2.5 50-100 Buena calidad de aire<br \/>\n&#8211; Anaranjado: PM 2.5 100-250 Aire con moderada cantidad de part\u00edculas<br \/>\n&#8211; Rojo: PM 2.5 >250 Aire con alta cantidad de part\u00edculas<br \/>\nMaterial: Rubber oil + ABS<br \/>\nExpectro UV: 260-280nm<\/p>\n<p>Para espacios de 10mts3<br \/>\nEs ECO-FRENDLY, no requiere cambio de filtro, su uso es de por vida, y no deja residuos t\u00f3xicos perniciosos para la salud.<\/p>\n<p>Recomendaci\u00f3n: Se recomienda su uso en habitaciones, ba\u00f1os, oficinas, autom\u00f3viles y todo lugar que requiere mantener en \u00f3ptimas condiciones higi\u00e9nicas.<br \/>\nIncluye:<br \/>\n&#8211; Producto<br \/>\n&#8211; Adaptador de auto<br \/>\n&#8211; Cable USB para cargar<br \/>\n&#8211; Manual de uso<br \/>\n&#8211; Servicio Postventa<\/p>\n","protected":false},"excerpt":{"rendered":"<p>Purificador y esterilizador port\u00e1til de aire, ionizador negativo y luz ultravioleta tipo C elimina al\u00e9rgenos, virus y bacterias con un 99,99% de eficiencia.<\/p>\n","protected":false},"featured_media":3629,"template":"","meta":[],"product_brand":[],"product_cat":[91],"product_tag":[122,124,125,123],"class_list":{"0":"post-3628","1":"product","2":"type-product","3":"status-publish","4":"has-post-thumbnail","6":"product_cat-purificadores-de-aire","7":"product_tag-acaros","8":"product_tag-caspa-de-animales","9":"product_tag-moho","10":"product_tag-polen","12":"first","13":"instock","14":"shipping-taxable","15":"purchasable","16":"product-type-simple"},"_links":{"self":[{"href":"https:\/\/espaginasweb.com\/sinalergia\/wp-json\/wp\/v2\/product\/3628","targetHints":{"allow":["GET"]}}],"collection":[{"href":"https:\/\/espaginasweb.com\/sinalergia\/wp-json\/wp\/v2\/product"}],"about":[{"href":"https:\/\/espaginasweb.com\/sinalergia\/wp-json\/wp\/v2\/types\/product"}],"wp:featuredmedia":[{"embeddable":true,"href":"https:\/\/espaginasweb.com\/sinalergia\/wp-json\/wp\/v2\/media\/3629"}],"wp:attachment":[{"href":"https:\/\/espaginasweb.com\/sinalergia\/wp-json\/wp\/v2\/media?parent=3628"}],"wp:term":[{"taxonomy":"product_brand","embeddable":true,"href":"https:\/\/espaginasweb.com\/sinalergia\/wp-json\/wp\/v2\/product_brand?post=3628"},{"taxonomy":"product_cat","embeddable":true,"href":"https:\/\/espaginasweb.com\/sinalergia\/wp-json\/wp\/v2\/product_cat?post=3628"},{"taxonomy":"product_tag","embeddable":true,"href":"https:\/\/espaginasweb.com\/sinalergia\/wp-json\/wp\/v2\/product_tag?post=3628"}],"curies":[{"name":"wp","href":"https:\/\/api.w.org\/{rel}","templated":true}]}}