{"id":3624,"date":"2023-01-11T00:51:24","date_gmt":"2023-01-11T00:51:24","guid":{"rendered":"https:\/\/espaginasweb.com\/sinalergia\/?post_type=product&#038;p=3624"},"modified":"2025-09-09T18:04:31","modified_gmt":"2025-09-09T18:04:31","slug":"lampara-portatil-uv-1003-ultrauv","status":"publish","type":"product","link":"https:\/\/espaginasweb.com\/sinalergia\/tienda\/lampara-portatil-uv-1003-ultrauv\/","title":{"rendered":"L\u00e1mpara Port\u00e1til UV 1003 ULTRAUV"},"content":{"rendered":"<p>PRECAUCI\u00d3N: No exponga su cuerpo a la radiaci\u00f3n ultravioleta, puede causar quemaduras en la piel y cataratas en los ojos.<\/p>\n<p>La luz UVC est\u00e1 comprobada cl\u00ednicamente que desinfecta totalmente el \u00e1rea que recibe la radiaci\u00f3n, incluido el aire. Es ampliamente reconocida por su poder germicida, lo cual la ha posicionado como una de las tecnolog\u00edas protagonistas e innovadoras en el \u00e1mbito de la desinfecci\u00f3n. Asimismo, elimina al\u00e9rgenos del aire.<\/p>\n<p>Su f\u00e1cil dise\u00f1o ergon\u00f3mico, permite que la lleves a todas partes. Puedes llevarla a tu lugar de trabajo, casa, auto, cafeter\u00eda preferida, viajes o ba\u00f1os para asegurar una total desinfecci\u00f3n con tecnolog\u00eda cl\u00ednica.<\/p>\n<p>Emite radiaci\u00f3n UVC a trav\u00e9s de 6 luces LED, lo que permite desinfectar e higienizar toda la superficie que se exponga a esta luz. Nuestras l\u00e1mparas cuentan con un sensor direccional de seguridad, que apaga la l\u00e1mpara en caso de apuntar hacia la cara del usuario.<br \/>\nRecomendaci\u00f3n: Puede ser utilizada en ba\u00f1os, escritorios, oficinas, para desinfectar muebles, asientos, mascarillas, ropa, teclados, computadoras, celulares, encomiendas, cajas y todo aquello que tenga riesgo de ser un veh\u00edculo de enfermedades.<\/p>\n<p>Al encender tu UV-1003 port\u00e1til se activa un ciclo pre-programado de 180 segundos de funcionamiento de radiaci\u00f3n UVC que destruir\u00e1 virus y bacterias. Desinfecta encomiendas, mesones, documentos, compras y todo tipo de productos que quieras desinfectar de manera r\u00e1pida y eficiente.<\/p>\n<p>Incluye:<br \/>\n&#8211; Cable USB para cargar.<br \/>\n&#8211; Un test de comprobaci\u00f3n de radiaci\u00f3n UVC.<br \/>\n&#8211; Manual de uso.<br \/>\n&#8211; Pantalla con ciclo programado de 180 seg.<br \/>\n&#8211; Bot\u00f3n de bloqueo de seguridad<br \/>\n&#8211; Sensor direccional que apaga la l\u00e1mpara en caso de dirigirse en direcci\u00f3n hacia el usuario.<br \/>\n&#8211; Atenci\u00f3n postventa.<\/p>\n<p>Caracter\u00edsticas:<br \/>\n&#8211; Dise\u00f1o ergon\u00f3mico, liviano y port\u00e1til.<br \/>\n&#8211; De f\u00e1cil uso, s\u00f3lo debes apretar un bot\u00f3n.<br \/>\n&#8211; Sensor de seguridad incorporado, que al girar la l\u00e1mpara hacia la persona, la LUZ UVC se desactiva inmediatamente y al volver a girar hacia abajo se activa. Si pasa m\u00e1s de 10 segundos hacia arriba se apaga y se puede volver a encender sin problema.<br \/>\n&#8211; Se carga a trav\u00e9s de un cargador tipo C.<br \/>\n&#8211; Posee una bater\u00eda de 1500 mAh (lo que permite hasta 120 minutos de uso continuo).<br \/>\n&#8211; La l\u00e1mpara tiene una vida \u00fatil de 10.000 horas.<br \/>\n&#8211; Viene programado con un ciclo de desinfecci\u00f3n de 180 segundos para eliminar virus y bacterias.<\/p>\n","protected":false},"excerpt":{"rendered":"<p>L\u00e1mpara UVC para una desinfecci\u00f3n profunda de aire, superficie, objetos y alimentos, capaz de eliminar al\u00e9rgenos, virus y bacterias con 99,99% de efectividad.<\/p>\n","protected":false},"featured_media":3625,"template":"","meta":[],"product_brand":[],"product_cat":[91],"product_tag":[126],"class_list":{"0":"post-3624","1":"product","2":"type-product","3":"status-publish","4":"has-post-thumbnail","6":"product_cat-purificadores-de-aire","7":"product_tag-virus","9":"first","10":"instock","11":"shipping-taxable","12":"purchasable","13":"product-type-simple"},"_links":{"self":[{"href":"https:\/\/espaginasweb.com\/sinalergia\/wp-json\/wp\/v2\/product\/3624","targetHints":{"allow":["GET"]}}],"collection":[{"href":"https:\/\/espaginasweb.com\/sinalergia\/wp-json\/wp\/v2\/product"}],"about":[{"href":"https:\/\/espaginasweb.com\/sinalergia\/wp-json\/wp\/v2\/types\/product"}],"wp:featuredmedia":[{"embeddable":true,"href":"https:\/\/espaginasweb.com\/sinalergia\/wp-json\/wp\/v2\/media\/3625"}],"wp:attachment":[{"href":"https:\/\/espaginasweb.com\/sinalergia\/wp-json\/wp\/v2\/media?parent=3624"}],"wp:term":[{"taxonomy":"product_brand","embeddable":true,"href":"https:\/\/espaginasweb.com\/sinalergia\/wp-json\/wp\/v2\/product_brand?post=3624"},{"taxonomy":"product_cat","embeddable":true,"href":"https:\/\/espaginasweb.com\/sinalergia\/wp-json\/wp\/v2\/product_cat?post=3624"},{"taxonomy":"product_tag","embeddable":true,"href":"https:\/\/espaginasweb.com\/sinalergia\/wp-json\/wp\/v2\/product_tag?post=3624"}],"curies":[{"name":"wp","href":"https:\/\/api.w.org\/{rel}","templated":true}]}}