{"id":3606,"date":"2023-01-11T00:41:39","date_gmt":"2023-01-11T00:41:39","guid":{"rendered":"https:\/\/espaginasweb.com\/sinalergia\/?post_type=product&#038;p=3606"},"modified":"2025-09-10T11:21:50","modified_gmt":"2025-09-10T14:21:50","slug":"nasamist-spray-nasal","status":"publish","type":"product","link":"https:\/\/espaginasweb.com\/sinalergia\/tienda\/nasamist-spray-nasal\/","title":{"rendered":"Nasa Mist Spray Nasal 75ml"},"content":{"rendered":"<p>Use para aliviar:<\/p>\n<p>\u2022 Alergias y sequedad nasal.<\/p>\n<p>\u2022 Sinusitis, Rinitis.<\/p>\n<p>\u2022 Asma al\u00e9rgica.<\/p>\n<p>\u2022 Presi\u00f3n en los senos paranasales y congesti\u00f3n nasal.<\/p>\n<p>\u2022 S\u00edntomas nasales del resfr\u00edo y gripe.<\/p>\n<p>\u2022 Irritaci\u00f3n nasal provocada por polvo en lugar de trabajo o en casa, caspa de animales, plantas, polen, smog, etc.<\/p>\n<p>Ventajas:<\/p>\n<p>\u2022 Su envase y sistema de presurizaci\u00f3n, asegura un producto SIEMPRE EST\u00c9RIL.<\/p>\n<p>\u2022 Su fina niebla permite la correcta humectaci\u00f3n, lubricaci\u00f3n y lavado de las fosas nasales en todas las edades.<\/p>\n<p>\u2022 Su pH neutro previene la sequedad e irritaci\u00f3n de la mucosa nasal al realizar el lavado.<\/p>\n<p>\u2022 Su boquilla especialmente dise\u00f1ada la hace segura para su uso incluso en beb\u00e9s.<\/p>\n<p>\u2022 Principios activos:<\/p>\n<p>\u2022 Cloruro de sodio<\/p>\n<p>\u2022 Bicarbonato de sodio El Kit incluye<\/p>\n<p>\u2022 Un envase de 75 mL<\/p>\n<p>\u2022 Folleto educativo con instrucciones de uso.<\/p>\n","protected":false},"excerpt":{"rendered":"<p>Nasamist 75ml Spray Salino: Spray nasal de soluci\u00f3n salina que ayuda aliviar las alergias, irritaci\u00f3n nasal, sequedad y la congesti\u00f3n del resfriado com\u00fan o gripe. Hidrata y lubrica los conductos nasales secos para adultos, ni\u00f1os y beb\u00e9s de un a\u00f1o en adelante.<\/p>\n","protected":false},"featured_media":3607,"template":"","meta":[],"product_brand":[],"product_cat":[89],"product_tag":[137],"class_list":{"0":"post-3606","1":"product","2":"type-product","3":"status-publish","4":"has-post-thumbnail","6":"product_cat-limpieza-nasal","7":"product_tag-rinitis-alergica","9":"first","10":"instock","11":"shipping-taxable","12":"purchasable","13":"product-type-simple"},"_links":{"self":[{"href":"https:\/\/espaginasweb.com\/sinalergia\/wp-json\/wp\/v2\/product\/3606","targetHints":{"allow":["GET"]}}],"collection":[{"href":"https:\/\/espaginasweb.com\/sinalergia\/wp-json\/wp\/v2\/product"}],"about":[{"href":"https:\/\/espaginasweb.com\/sinalergia\/wp-json\/wp\/v2\/types\/product"}],"wp:featuredmedia":[{"embeddable":true,"href":"https:\/\/espaginasweb.com\/sinalergia\/wp-json\/wp\/v2\/media\/3607"}],"wp:attachment":[{"href":"https:\/\/espaginasweb.com\/sinalergia\/wp-json\/wp\/v2\/media?parent=3606"}],"wp:term":[{"taxonomy":"product_brand","embeddable":true,"href":"https:\/\/espaginasweb.com\/sinalergia\/wp-json\/wp\/v2\/product_brand?post=3606"},{"taxonomy":"product_cat","embeddable":true,"href":"https:\/\/espaginasweb.com\/sinalergia\/wp-json\/wp\/v2\/product_cat?post=3606"},{"taxonomy":"product_tag","embeddable":true,"href":"https:\/\/espaginasweb.com\/sinalergia\/wp-json\/wp\/v2\/product_tag?post=3606"}],"curies":[{"name":"wp","href":"https:\/\/api.w.org\/{rel}","templated":true}]}}