{"id":3604,"date":"2023-01-11T00:40:15","date_gmt":"2023-01-11T00:40:15","guid":{"rendered":"https:\/\/espaginasweb.com\/sinalergia\/?post_type=product&#038;p=3604"},"modified":"2025-09-10T11:22:43","modified_gmt":"2025-09-10T14:22:43","slug":"nasogel-spray-lubricante-nasal","status":"publish","type":"product","link":"https:\/\/espaginasweb.com\/sinalergia\/tienda\/nasogel-spray-lubricante-nasal\/","title":{"rendered":"Nasogel Spray 30 Ml"},"content":{"rendered":"<p>Gel Lubricante que humedece y lubrica los conductos nasales secos e irritados a causa del clima seco, alergias, resfr\u00edo y muchas otras condiciones m\u00e9dicas.<\/p>\n<p>Use para aliviar:<\/p>\n<p>\u2022 Conductos nasales secos e irritados por el clima seco y la calefacci\u00f3n<\/p>\n<p>\u2022 Hidrata y suaviza los conductos nasales<\/p>\n<p>\u2022 Reduce la sequedad nasal que ocurre durante viajes a\u00e9reos, debido al uso de ox\u00edgeno y apnea del sue\u00f1o, as\u00ed como la sequedad causada por otras dolencias<\/p>\n<p>Ventajas:<\/p>\n<p>\u2022 Forma una pel\u00edcula protectora en la mucosa nasal, evitando que los al\u00e9rgenos se adhieran a esta a \u00e9sta<\/p>\n<p>\u2022 Hidrata y lubrica los conductos nasales secos e irritados causados por la sinusitis, alergias, resfr\u00edos, clima, etc.<\/p>\n<p>\u2022 Previene la sequedad causada por uso de oxigenoterapia y CPAP<\/p>\n<p>\u2022 Reduce la sequedad nasal debido a tratamientos con radiaci\u00f3n, cirug\u00eda de senos paranasales y por rinitis atr\u00f3fica.<\/p>\n<p>Principios activos:<\/p>\n<p>\u2022 Cloruro de sodio y bicarbonato de sodio<\/p>\n<p>\u2022 Hialuronato de sodio<\/p>\n<p>\u2022 Alanto\u00edna<\/p>\n<p>\u2022 Aloe vera<\/p>\n","protected":false},"excerpt":{"rendered":"<p>Gel lubricante que hidrata y lubrica los conductos nasales secos e irritados a causa del clima seco, alergias y resfr\u00edo.<\/p>\n","protected":false},"featured_media":3605,"template":"","meta":[],"product_brand":[],"product_cat":[89],"product_tag":[137],"class_list":{"0":"post-3604","1":"product","2":"type-product","3":"status-publish","4":"has-post-thumbnail","6":"product_cat-limpieza-nasal","7":"product_tag-rinitis-alergica","9":"first","10":"instock","11":"featured","12":"shipping-taxable","13":"purchasable","14":"product-type-simple"},"_links":{"self":[{"href":"https:\/\/espaginasweb.com\/sinalergia\/wp-json\/wp\/v2\/product\/3604","targetHints":{"allow":["GET"]}}],"collection":[{"href":"https:\/\/espaginasweb.com\/sinalergia\/wp-json\/wp\/v2\/product"}],"about":[{"href":"https:\/\/espaginasweb.com\/sinalergia\/wp-json\/wp\/v2\/types\/product"}],"wp:featuredmedia":[{"embeddable":true,"href":"https:\/\/espaginasweb.com\/sinalergia\/wp-json\/wp\/v2\/media\/3605"}],"wp:attachment":[{"href":"https:\/\/espaginasweb.com\/sinalergia\/wp-json\/wp\/v2\/media?parent=3604"}],"wp:term":[{"taxonomy":"product_brand","embeddable":true,"href":"https:\/\/espaginasweb.com\/sinalergia\/wp-json\/wp\/v2\/product_brand?post=3604"},{"taxonomy":"product_cat","embeddable":true,"href":"https:\/\/espaginasweb.com\/sinalergia\/wp-json\/wp\/v2\/product_cat?post=3604"},{"taxonomy":"product_tag","embeddable":true,"href":"https:\/\/espaginasweb.com\/sinalergia\/wp-json\/wp\/v2\/product_tag?post=3604"}],"curies":[{"name":"wp","href":"https:\/\/api.w.org\/{rel}","templated":true}]}}