{"id":3596,"date":"2023-01-11T00:31:41","date_gmt":"2023-01-11T00:31:41","guid":{"rendered":"https:\/\/espaginasweb.com\/sinalergia\/?post_type=product&#038;p=3596"},"modified":"2025-05-20T17:31:31","modified_gmt":"2025-05-20T17:31:31","slug":"nickel-solution-2-nickel-guard","status":"publish","type":"product","link":"https:\/\/espaginasweb.com\/sinalergia\/tienda\/nickel-solution-2-nickel-guard\/","title":{"rendered":"Protector Anti N\u00edquel Nickel Guard 2 UN"},"content":{"rendered":"<p>NICKEL SOLUTION<br \/>\nN\u00edquel Solution  es un kit muy \u00fatil y f\u00e1cil de usar.<br \/>\nContiene un Nickel Alert  (detector de N\u00edquel) y  un Nickel Guard (protector de N\u00edquel)<br \/>\nPreviene o evita la dermatitis que producen los:<br \/>\n&#8211;       Aros<br \/>\n&#8211;       Tijeras<br \/>\n&#8211;       Celulares<br \/>\n&#8211;       Relojes<br \/>\n&#8211;       Botones de metal<br \/>\n&#8211;       Cierres<br \/>\n&#8211;       Macos de lentes<br \/>\n&#8211;       Botones de jeans<br \/>\n&#8211;       Cierres de sost\u00e9n<br \/>\n&#8211;       Etc.<\/p>\n<p>Nickel Alert<br \/>\nNickel Alert testea r\u00e1pido y f\u00e1cilmente sus joyas y otro metales. ( Como relojes, botones, jeans e incluso sus lentes), para verificar si \u00e9stos contienen N\u00edquel<\/p>\n<p>Nickel Guard<br \/>\nUtiliza la tecnolog\u00eda recomendada por los principales dermat\u00f3logos para prevenir las dermatitis por N\u00edquel. No contiene tolueno, formaldeh\u00eddo, ni ftalato que podr\u00eda causar una dermatitis de contacto secundario.<\/p>\n<p><iframe loading=\"lazy\" title=\"Nickel Sollution\" width=\"960\" height=\"540\" src=\"https:\/\/www.youtube.com\/embed\/yqTWgkr4ngI?feature=oembed\" frameborder=\"0\" allow=\"accelerometer; autoplay; clipboard-write; encrypted-media; gyroscope; picture-in-picture; web-share\" allowfullscreen><\/iframe><\/p>\n","protected":false},"excerpt":{"rendered":"<p>Contiene 2 Nickel Guard (Protector)<\/p>\n<p>Utiliza la tecnolog\u00eda recomendada por los principales dermat\u00f3logos para prevenir las dermatitis por el n\u00edquel. No contiene tolueno, formaldeh\u00eddo, ni ftalato que podr\u00eda causar una dermatitis de contacto secundario.<\/p>\n","protected":false},"featured_media":3597,"template":"","meta":[],"product_brand":[],"product_cat":[88],"product_tag":[119],"class_list":{"0":"post-3596","1":"product","2":"type-product","3":"status-publish","4":"has-post-thumbnail","6":"product_cat-anti-niquel","7":"product_tag-niquel","9":"first","10":"instock","11":"shipping-taxable","12":"purchasable","13":"product-type-simple"},"_links":{"self":[{"href":"https:\/\/espaginasweb.com\/sinalergia\/wp-json\/wp\/v2\/product\/3596","targetHints":{"allow":["GET"]}}],"collection":[{"href":"https:\/\/espaginasweb.com\/sinalergia\/wp-json\/wp\/v2\/product"}],"about":[{"href":"https:\/\/espaginasweb.com\/sinalergia\/wp-json\/wp\/v2\/types\/product"}],"wp:featuredmedia":[{"embeddable":true,"href":"https:\/\/espaginasweb.com\/sinalergia\/wp-json\/wp\/v2\/media\/3597"}],"wp:attachment":[{"href":"https:\/\/espaginasweb.com\/sinalergia\/wp-json\/wp\/v2\/media?parent=3596"}],"wp:term":[{"taxonomy":"product_brand","embeddable":true,"href":"https:\/\/espaginasweb.com\/sinalergia\/wp-json\/wp\/v2\/product_brand?post=3596"},{"taxonomy":"product_cat","embeddable":true,"href":"https:\/\/espaginasweb.com\/sinalergia\/wp-json\/wp\/v2\/product_cat?post=3596"},{"taxonomy":"product_tag","embeddable":true,"href":"https:\/\/espaginasweb.com\/sinalergia\/wp-json\/wp\/v2\/product_tag?post=3596"}],"curies":[{"name":"wp","href":"https:\/\/api.w.org\/{rel}","templated":true}]}}