{"id":3592,"date":"2023-01-11T00:30:35","date_gmt":"2023-01-11T00:30:35","guid":{"rendered":"https:\/\/espaginasweb.com\/sinalergia\/?post_type=product&#038;p=3592"},"modified":"2025-09-09T18:09:35","modified_gmt":"2025-09-09T18:09:35","slug":"cinturon-cuero-antiniquel-ajustable","status":"publish","type":"product","link":"https:\/\/espaginasweb.com\/sinalergia\/tienda\/cinturon-cuero-antiniquel-ajustable\/","title":{"rendered":"Cintur\u00f3n Anti N\u00edquel"},"content":{"rendered":"<p>Cintur\u00f3n de cuero con hebilla anti n\u00edquel certificada, importada desde EE.UU.<\/p>\n<p>El largo total del cintur\u00f3n es de 122 cm, la hebilla es ajustable por si requieres acortarlo.<\/p>\n","protected":false},"excerpt":{"rendered":"<p>Cintur\u00f3n de cuero con hebilla anti n\u00edquel certificada. Largo: 122 cm con hebilla ajustable. Disponible en colores: Caf\u00e9 y Negro<\/p>\n","protected":false},"featured_media":3593,"template":"","meta":[],"product_brand":[],"product_cat":[88],"product_tag":[119],"class_list":{"0":"post-3592","1":"product","2":"type-product","3":"status-publish","4":"has-post-thumbnail","6":"product_cat-anti-niquel","7":"product_tag-niquel","8":"pa_color-17-color-cafe","9":"pa_color-11-color-negro","11":"first","12":"instock","13":"shipping-taxable","14":"purchasable","15":"product-type-variable"},"_links":{"self":[{"href":"https:\/\/espaginasweb.com\/sinalergia\/wp-json\/wp\/v2\/product\/3592","targetHints":{"allow":["GET"]}}],"collection":[{"href":"https:\/\/espaginasweb.com\/sinalergia\/wp-json\/wp\/v2\/product"}],"about":[{"href":"https:\/\/espaginasweb.com\/sinalergia\/wp-json\/wp\/v2\/types\/product"}],"wp:featuredmedia":[{"embeddable":true,"href":"https:\/\/espaginasweb.com\/sinalergia\/wp-json\/wp\/v2\/media\/3593"}],"wp:attachment":[{"href":"https:\/\/espaginasweb.com\/sinalergia\/wp-json\/wp\/v2\/media?parent=3592"}],"wp:term":[{"taxonomy":"product_brand","embeddable":true,"href":"https:\/\/espaginasweb.com\/sinalergia\/wp-json\/wp\/v2\/product_brand?post=3592"},{"taxonomy":"product_cat","embeddable":true,"href":"https:\/\/espaginasweb.com\/sinalergia\/wp-json\/wp\/v2\/product_cat?post=3592"},{"taxonomy":"product_tag","embeddable":true,"href":"https:\/\/espaginasweb.com\/sinalergia\/wp-json\/wp\/v2\/product_tag?post=3592"}],"curies":[{"name":"wp","href":"https:\/\/api.w.org\/{rel}","templated":true}]}}