{"id":3587,"date":"2023-01-11T00:25:59","date_gmt":"2023-01-11T00:25:59","guid":{"rendered":"https:\/\/espaginasweb.com\/sinalergia\/?post_type=product&#038;p=3587"},"modified":"2025-09-23T10:35:26","modified_gmt":"2025-09-23T13:35:26","slug":"removedor-anticaspa-allerpet-perros","status":"publish","type":"product","link":"https:\/\/espaginasweb.com\/sinalergia\/tienda\/removedor-anticaspa-allerpet-perros\/","title":{"rendered":"Removedor Anticaspa De Perros Allerpet Dog 355 Ml"},"content":{"rendered":"<p>Allerpet Dog no es un champ\u00fa sino que un removedor de caspa con acondicionadores que suavizan la piel de su mascota.   <\/p>\n<p>Es seguro, no irritante y no t\u00f3xico.  <\/p>\n<p>Direcci\u00f3n de uso: Peine a fondo su perro para remover lo m\u00e1s posible la piel suelta. Luego humedezca generosamente una toallita con Allerpet y limpie a su perro frotando el pelaje.  Despu\u00e9s de la limpieza, su pelaje debe quedar h\u00famedo al tacto.  Ponga particular atenci\u00f3n en la zona genital.<\/p>\n<p>Finalmente s\u00e9quelo con una toalla y repita la acci\u00f3n a lo menos una vez por semana.<\/p>\n<p>Allerpet Dog puede ser usado en perros de cualquier raza, cualquier edad e inclusive perritos a partir de las 10 semanas.  <\/p>\n<p>Contenido 355 ml<\/p>\n<p>Producto fabricado en Estados Unidos<\/p>\n<p>Distribuido por Sinalergia S.A.<\/p>\n","protected":false},"excerpt":{"rendered":"<p>Allerpet Dog es un producto cient\u00edficamente probado para eliminar la caspa del pelaje de tu perro. Protege a ti y a tu familia de alergias derivadas de tus mascotas removiendo la caspa y otros al\u00e9rgenos. Se aplica con una toalla h\u00fameda, no es necesario ba\u00f1arlo<\/p>\n","protected":false},"featured_media":3588,"template":"","meta":[],"product_brand":[],"product_cat":[87],"product_tag":[124],"class_list":{"0":"post-3587","1":"product","2":"type-product","3":"status-publish","4":"has-post-thumbnail","6":"product_cat-mascotas","7":"product_tag-caspa-de-animales","9":"first","10":"instock","11":"shipping-taxable","12":"purchasable","13":"product-type-simple"},"_links":{"self":[{"href":"https:\/\/espaginasweb.com\/sinalergia\/wp-json\/wp\/v2\/product\/3587","targetHints":{"allow":["GET"]}}],"collection":[{"href":"https:\/\/espaginasweb.com\/sinalergia\/wp-json\/wp\/v2\/product"}],"about":[{"href":"https:\/\/espaginasweb.com\/sinalergia\/wp-json\/wp\/v2\/types\/product"}],"wp:featuredmedia":[{"embeddable":true,"href":"https:\/\/espaginasweb.com\/sinalergia\/wp-json\/wp\/v2\/media\/3588"}],"wp:attachment":[{"href":"https:\/\/espaginasweb.com\/sinalergia\/wp-json\/wp\/v2\/media?parent=3587"}],"wp:term":[{"taxonomy":"product_brand","embeddable":true,"href":"https:\/\/espaginasweb.com\/sinalergia\/wp-json\/wp\/v2\/product_brand?post=3587"},{"taxonomy":"product_cat","embeddable":true,"href":"https:\/\/espaginasweb.com\/sinalergia\/wp-json\/wp\/v2\/product_cat?post=3587"},{"taxonomy":"product_tag","embeddable":true,"href":"https:\/\/espaginasweb.com\/sinalergia\/wp-json\/wp\/v2\/product_tag?post=3587"}],"curies":[{"name":"wp","href":"https:\/\/api.w.org\/{rel}","templated":true}]}}