{"id":3584,"date":"2023-01-11T00:24:39","date_gmt":"2023-01-11T00:24:39","guid":{"rendered":"https:\/\/espaginasweb.com\/sinalergia\/?post_type=product&#038;p=3584"},"modified":"2025-09-06T13:24:22","modified_gmt":"2025-09-06T13:24:22","slug":"petplus-shampoo-antialergico-mascota-allersearch","status":"publish","type":"product","link":"https:\/\/espaginasweb.com\/sinalergia\/tienda\/petplus-shampoo-antialergico-mascota-allersearch\/","title":{"rendered":"Champ\u00fa Anti Caspa Para Perros Pet + De Allersearch 473 Ml"},"content":{"rendered":"<p>Champ\u00fa anti-al\u00e9rgico para evitar la alergia que las mascotas producen en los humanos.<\/p>\n<p>Este champ\u00fa todo en uno para animales neutraliza alergenos ambientales al remover la caspa de tu perro, eliminando malos olores y protegi\u00e9ndoles de pulgas y garrapatas. Su f\u00f3rmula suave en base a plantas y extractos naturales se enjuaga f\u00e1cilmente y con su pH balanceado, protege la piel de tu mascota.<br \/>\n&#8211; Formulaci\u00f3n segura y no alerg\u00e9nica .<\/p>\n<p>&#8211; Protege de pulgas y garrapatas.<\/p>\n<p>&#8211; Destruye los malos olores de los animales<\/p>\n<p>&#8211; Acondiciona y limpia la piel de los animales.<\/p>\n<p>&#8211; Contenido: 473 ml<\/p>\n<p>Contiene sulfuctantes no i\u00f3nicos, emolientes y bases naturales anti alerg\u00e9nicas.<\/p>\n<p>Seguro, no t\u00f3xico para personas, animales y medio ambiente<\/p>\n","protected":false},"excerpt":{"rendered":"<p>Champ\u00fa anti-al\u00e9rgico para evitar la alergia que las mascotas producen en los humanos. Neutraliza los alergenos ambientales al eliminar la caspa de los perros, neutralizar olores y protegerlos de pulgas y garrapatas.<\/p>\n","protected":false},"featured_media":3585,"template":"","meta":[],"product_brand":[],"product_cat":[87],"product_tag":[124],"class_list":{"0":"post-3584","1":"product","2":"type-product","3":"status-publish","4":"has-post-thumbnail","6":"product_cat-mascotas","7":"product_tag-caspa-de-animales","9":"first","10":"instock","11":"shipping-taxable","12":"purchasable","13":"product-type-simple"},"_links":{"self":[{"href":"https:\/\/espaginasweb.com\/sinalergia\/wp-json\/wp\/v2\/product\/3584","targetHints":{"allow":["GET"]}}],"collection":[{"href":"https:\/\/espaginasweb.com\/sinalergia\/wp-json\/wp\/v2\/product"}],"about":[{"href":"https:\/\/espaginasweb.com\/sinalergia\/wp-json\/wp\/v2\/types\/product"}],"wp:featuredmedia":[{"embeddable":true,"href":"https:\/\/espaginasweb.com\/sinalergia\/wp-json\/wp\/v2\/media\/3585"}],"wp:attachment":[{"href":"https:\/\/espaginasweb.com\/sinalergia\/wp-json\/wp\/v2\/media?parent=3584"}],"wp:term":[{"taxonomy":"product_brand","embeddable":true,"href":"https:\/\/espaginasweb.com\/sinalergia\/wp-json\/wp\/v2\/product_brand?post=3584"},{"taxonomy":"product_cat","embeddable":true,"href":"https:\/\/espaginasweb.com\/sinalergia\/wp-json\/wp\/v2\/product_cat?post=3584"},{"taxonomy":"product_tag","embeddable":true,"href":"https:\/\/espaginasweb.com\/sinalergia\/wp-json\/wp\/v2\/product_tag?post=3584"}],"curies":[{"name":"wp","href":"https:\/\/api.w.org\/{rel}","templated":true}]}}