{"id":3582,"date":"2023-01-11T00:23:08","date_gmt":"2023-01-11T00:23:08","guid":{"rendered":"https:\/\/espaginasweb.com\/sinalergia\/?post_type=product&#038;p=3582"},"modified":"2025-09-06T13:24:31","modified_gmt":"2025-09-06T13:24:31","slug":"petplus-avena-shampoo-antialergico-mascota-allersearch","status":"publish","type":"product","link":"https:\/\/espaginasweb.com\/sinalergia\/tienda\/petplus-avena-shampoo-antialergico-mascota-allersearch\/","title":{"rendered":"Champ\u00fa Anticaspa De Mascotas Pet + Con Avena 473 Ml"},"content":{"rendered":"<p>Este complet\u00edsimo champ\u00fa para perros neutraliza los al\u00e9rgenos ambientales al eliminar y reducir la caspa alerg\u00e9nica, destruye los olores y protege contra las pulgas y garrapatas. Su formulaci\u00f3n suave, que consiste en harina de avena coloidal y harina de grano de avena con aceites de \u00e1rbol de t\u00e9 se lava f\u00e1cilmente y tiene un pH equilibrado para proteger la piel sensible de su perro.<\/p>\n<p>F\u00f3rmula hipoalerg\u00e9nica.<\/p>\n<p>Sin colorantes ni amoniacos.<\/p>\n<p>Elaborado con productos vegetales y naturales.<\/p>\n<p>Todo natural, biodegradable y sin perfume.<\/p>\n<p>Un tratamiento dura hasta 30 d\u00edas.<\/p>\n<p>Contenido: 473 ml<\/p>\n","protected":false},"excerpt":{"rendered":"<p>Champ\u00fa antial\u00e9rgico para perros especialmente dise\u00f1ado para eliminar su caspa, eliminar olores y proteger de pulgas y garrapatas. Prot\u00e9gete a ti y a tu familia de la alergia derivada de la caspa de mascotas con Allersearch\u00ae Pet + Oatmeal \u2122. Formulaci\u00f3n suave que protege la piel de tu perro, pH balanceado.<\/p>\n","protected":false},"featured_media":3583,"template":"","meta":[],"product_brand":[],"product_cat":[87],"product_tag":[124],"class_list":{"0":"post-3582","1":"product","2":"type-product","3":"status-publish","4":"has-post-thumbnail","6":"product_cat-mascotas","7":"product_tag-caspa-de-animales","9":"first","10":"instock","11":"shipping-taxable","12":"purchasable","13":"product-type-simple"},"_links":{"self":[{"href":"https:\/\/espaginasweb.com\/sinalergia\/wp-json\/wp\/v2\/product\/3582","targetHints":{"allow":["GET"]}}],"collection":[{"href":"https:\/\/espaginasweb.com\/sinalergia\/wp-json\/wp\/v2\/product"}],"about":[{"href":"https:\/\/espaginasweb.com\/sinalergia\/wp-json\/wp\/v2\/types\/product"}],"wp:featuredmedia":[{"embeddable":true,"href":"https:\/\/espaginasweb.com\/sinalergia\/wp-json\/wp\/v2\/media\/3583"}],"wp:attachment":[{"href":"https:\/\/espaginasweb.com\/sinalergia\/wp-json\/wp\/v2\/media?parent=3582"}],"wp:term":[{"taxonomy":"product_brand","embeddable":true,"href":"https:\/\/espaginasweb.com\/sinalergia\/wp-json\/wp\/v2\/product_brand?post=3582"},{"taxonomy":"product_cat","embeddable":true,"href":"https:\/\/espaginasweb.com\/sinalergia\/wp-json\/wp\/v2\/product_cat?post=3582"},{"taxonomy":"product_tag","embeddable":true,"href":"https:\/\/espaginasweb.com\/sinalergia\/wp-json\/wp\/v2\/product_tag?post=3582"}],"curies":[{"name":"wp","href":"https:\/\/api.w.org\/{rel}","templated":true}]}}