{"id":3580,"date":"2023-01-11T00:21:59","date_gmt":"2023-01-11T00:21:59","guid":{"rendered":"https:\/\/espaginasweb.com\/sinalergia\/?post_type=product&#038;p=3580"},"modified":"2025-09-23T10:35:34","modified_gmt":"2025-09-23T13:35:34","slug":"removedor-anticaspa-allerpet-mascotas","status":"publish","type":"product","link":"https:\/\/espaginasweb.com\/sinalergia\/tienda\/removedor-anticaspa-allerpet-mascotas\/","title":{"rendered":"Removedor Anticaspa De Mascotas Allerpet Mascotas 355 Ml"},"content":{"rendered":"<p>Removedor de caspa Allerpet para otras mascotas<\/p>\n<p>Muchos hogares tienen varias mascotas: perros, gatos y otros miembros de las familias peludas o emplumadas. El removedor de caspa de mascotas Allerpet est\u00e1 hecho para aquellas familias que conviven con dos o m\u00e1s mascotas diferentes. Se puede utilizar en todas ellas con excelentes resultados y sin da\u00f1arlas. Incluso en roedores u otras mascotas peque\u00f1as.<\/p>\n<p>Por lo tanto, si su hogar tiene m\u00e1s de una mascota y alguien es al\u00e9rgico a alguna de ellas, el removedor de caspa Allerpet Pet es un producto l\u00edquido para limpiar en h\u00famedo y eliminar los al\u00e9rgenos de su mascota.<\/p>\n<p>Utilizando Allerpet Pet Dander las personas y mascotas pueden vivir juntos y c\u00f3modamente.<\/p>\n<p>Contenido: 355 ml<\/p>\n<p>Hecho en Estados Unidos<\/p>\n","protected":false},"excerpt":{"rendered":"<p>Removedor de caspa Allerpet para otras mascotas <\/p>\n<p>Allerpet Mascotas es un producto cient\u00edficamente probado para eliminar la caspa del pelaje de tus mascotas ya sean aves, perros, h\u00e1msters u otros roedores. Protege a ti y a tu familia de alergias derivadas de tus mascotas. Se aplica con una toalla h\u00fameda, sin ba\u00f1arlos<\/p>\n","protected":false},"featured_media":3581,"template":"","meta":[],"product_brand":[],"product_cat":[87],"product_tag":[124],"class_list":{"0":"post-3580","1":"product","2":"type-product","3":"status-publish","4":"has-post-thumbnail","6":"product_cat-mascotas","7":"product_tag-caspa-de-animales","9":"first","10":"instock","11":"shipping-taxable","12":"purchasable","13":"product-type-simple"},"_links":{"self":[{"href":"https:\/\/espaginasweb.com\/sinalergia\/wp-json\/wp\/v2\/product\/3580","targetHints":{"allow":["GET"]}}],"collection":[{"href":"https:\/\/espaginasweb.com\/sinalergia\/wp-json\/wp\/v2\/product"}],"about":[{"href":"https:\/\/espaginasweb.com\/sinalergia\/wp-json\/wp\/v2\/types\/product"}],"wp:featuredmedia":[{"embeddable":true,"href":"https:\/\/espaginasweb.com\/sinalergia\/wp-json\/wp\/v2\/media\/3581"}],"wp:attachment":[{"href":"https:\/\/espaginasweb.com\/sinalergia\/wp-json\/wp\/v2\/media?parent=3580"}],"wp:term":[{"taxonomy":"product_brand","embeddable":true,"href":"https:\/\/espaginasweb.com\/sinalergia\/wp-json\/wp\/v2\/product_brand?post=3580"},{"taxonomy":"product_cat","embeddable":true,"href":"https:\/\/espaginasweb.com\/sinalergia\/wp-json\/wp\/v2\/product_cat?post=3580"},{"taxonomy":"product_tag","embeddable":true,"href":"https:\/\/espaginasweb.com\/sinalergia\/wp-json\/wp\/v2\/product_tag?post=3580"}],"curies":[{"name":"wp","href":"https:\/\/api.w.org\/{rel}","templated":true}]}}