{"id":3569,"date":"2023-01-11T00:14:13","date_gmt":"2023-01-11T00:14:13","guid":{"rendered":"https:\/\/espaginasweb.com\/sinalergia\/?post_type=product&#038;p=3569"},"modified":"2025-09-05T19:20:00","modified_gmt":"2025-09-05T19:20:00","slug":"almohada-antiacaro-antialergica-moises-22x40","status":"publish","type":"product","link":"https:\/\/espaginasweb.com\/sinalergia\/tienda\/almohada-antiacaro-antialergica-moises-22x40\/","title":{"rendered":"Almohada Moises Antiacaros 22&#215;40"},"content":{"rendered":"<p>Almohada 100% antial\u00e9rgica &#8211; anti\u00e1caros. Fabricada con tela Pristine (EE.UU.), \u00fanica tela tejida con microporos que bloquea el 100% del paso de los \u00e1caros del polvo y otros al\u00e9rgenos.<\/p>\n<p>Contiene la perfecta protecci\u00f3n hipoalerg\u00e9nica con la limpieza y comodidad. Rellena con FullSoft Hollow que permite una m\u00e1xima elasticidad y suavidad. 100% micro fibra.<\/p>\n<p>Recomendada por m\u00e9dicos y otros especialistas.<\/p>\n","protected":false},"excerpt":{"rendered":"<p>Almohada 100% antial\u00e9rgica &#8211; anti\u00e1caros. Fabricada con tela Pristine, \u00fanica tela tejida con microporos que bloquea el paso de los \u00e1caros del polvo y otros alergenos. Dimensi\u00f3n: 22&#215;40 cm<\/p>\n","protected":false},"featured_media":3570,"template":"","meta":[],"product_brand":[],"product_cat":[80,86],"product_tag":[122],"class_list":{"0":"post-3569","1":"product","2":"type-product","3":"status-publish","4":"has-post-thumbnail","6":"product_cat-fundas-antiacaros","7":"product_cat-almohadas-antiacaros","8":"product_tag-acaros","10":"first","11":"instock","12":"shipping-taxable","13":"purchasable","14":"product-type-simple"},"_links":{"self":[{"href":"https:\/\/espaginasweb.com\/sinalergia\/wp-json\/wp\/v2\/product\/3569","targetHints":{"allow":["GET"]}}],"collection":[{"href":"https:\/\/espaginasweb.com\/sinalergia\/wp-json\/wp\/v2\/product"}],"about":[{"href":"https:\/\/espaginasweb.com\/sinalergia\/wp-json\/wp\/v2\/types\/product"}],"wp:featuredmedia":[{"embeddable":true,"href":"https:\/\/espaginasweb.com\/sinalergia\/wp-json\/wp\/v2\/media\/3570"}],"wp:attachment":[{"href":"https:\/\/espaginasweb.com\/sinalergia\/wp-json\/wp\/v2\/media?parent=3569"}],"wp:term":[{"taxonomy":"product_brand","embeddable":true,"href":"https:\/\/espaginasweb.com\/sinalergia\/wp-json\/wp\/v2\/product_brand?post=3569"},{"taxonomy":"product_cat","embeddable":true,"href":"https:\/\/espaginasweb.com\/sinalergia\/wp-json\/wp\/v2\/product_cat?post=3569"},{"taxonomy":"product_tag","embeddable":true,"href":"https:\/\/espaginasweb.com\/sinalergia\/wp-json\/wp\/v2\/product_tag?post=3569"}],"curies":[{"name":"wp","href":"https:\/\/api.w.org\/{rel}","templated":true}]}}