{"id":3562,"date":"2023-01-11T00:09:14","date_gmt":"2023-01-11T00:09:14","guid":{"rendered":"https:\/\/espaginasweb.com\/sinalergia\/?post_type=product&#038;p=3562"},"modified":"2025-09-05T19:18:35","modified_gmt":"2025-09-05T19:18:35","slug":"funda-almohada-antiacaro-queen-50x70","status":"publish","type":"product","link":"https:\/\/espaginasweb.com\/sinalergia\/tienda\/funda-almohada-antiacaro-queen-50x70\/","title":{"rendered":"Funda Almohada 1.0 \/ 1.5 \/ 2.0 Plaza"},"content":{"rendered":"<p>FUNDA ALMOHADA ANTI-\u00c1CAROS<\/p>\n<p>50 an x 70 la (1 Plaza, 1,5 Plaza y 2 Plazas)<\/p>\n<p>Cubren completamente su almohada.<\/p>\n<p>Usan avanzada tecnolog\u00eda manteniendo el mejor confort.<\/p>\n<p>Se usa debajo de las fundas corriente. Evita el de las mucosas nasales, bronquios y piel con los \u00e1caros del polvo, a la vez, disminuye la poblaci\u00f3n de estos en los colchones al interferir con su principal fuente de alimentaci\u00f3n que es la piel y caspa que usted descama todas las noches.<\/p>\n","protected":false},"excerpt":{"rendered":"<p>Cobertor antial\u00e9rgico para almohada, hipoalerg\u00e9nico y antibacteriano, protege efectivamente mucosas nasales, bronquios y piel de los \u00e1caros del polvo. Formato 50cm x 70cm, recomendado para camas de 1 plaza, 1 1\/2 plazas y 2 plazas.<\/p>\n<p>50 an x 70 la (1 Plaza, 1,5 Plaza y 2 Plazas)<\/p>\n","protected":false},"featured_media":3564,"template":"","meta":[],"product_brand":[],"product_cat":[80,85],"product_tag":[122],"class_list":{"0":"post-3562","1":"product","2":"type-product","3":"status-publish","4":"has-post-thumbnail","6":"product_cat-fundas-antiacaros","7":"product_cat-fundas-almohadas-antiacaros","8":"product_tag-acaros","10":"first","11":"instock","12":"shipping-taxable","13":"purchasable","14":"product-type-simple"},"_links":{"self":[{"href":"https:\/\/espaginasweb.com\/sinalergia\/wp-json\/wp\/v2\/product\/3562","targetHints":{"allow":["GET"]}}],"collection":[{"href":"https:\/\/espaginasweb.com\/sinalergia\/wp-json\/wp\/v2\/product"}],"about":[{"href":"https:\/\/espaginasweb.com\/sinalergia\/wp-json\/wp\/v2\/types\/product"}],"wp:featuredmedia":[{"embeddable":true,"href":"https:\/\/espaginasweb.com\/sinalergia\/wp-json\/wp\/v2\/media\/3564"}],"wp:attachment":[{"href":"https:\/\/espaginasweb.com\/sinalergia\/wp-json\/wp\/v2\/media?parent=3562"}],"wp:term":[{"taxonomy":"product_brand","embeddable":true,"href":"https:\/\/espaginasweb.com\/sinalergia\/wp-json\/wp\/v2\/product_brand?post=3562"},{"taxonomy":"product_cat","embeddable":true,"href":"https:\/\/espaginasweb.com\/sinalergia\/wp-json\/wp\/v2\/product_cat?post=3562"},{"taxonomy":"product_tag","embeddable":true,"href":"https:\/\/espaginasweb.com\/sinalergia\/wp-json\/wp\/v2\/product_tag?post=3562"}],"curies":[{"name":"wp","href":"https:\/\/api.w.org\/{rel}","templated":true}]}}