{"id":3560,"date":"2023-01-11T00:07:00","date_gmt":"2023-01-11T00:07:00","guid":{"rendered":"https:\/\/espaginasweb.com\/sinalergia\/?post_type=product&#038;p=3560"},"modified":"2025-09-05T19:18:46","modified_gmt":"2025-09-05T19:18:46","slug":"cubre-colchon-antiacaro-cuna","status":"publish","type":"product","link":"https:\/\/espaginasweb.com\/sinalergia\/tienda\/cubre-colchon-antiacaro-cuna\/","title":{"rendered":"Funda Colch\u00f3n Cuna"},"content":{"rendered":"<p>CUBRE COLCH\u00d3N ANTI-\u00c1CAROS<\/p>\n<p>70 cm x 140 cm x 12 cm alto  (Cama Cuna)<\/p>\n<p>Cubre completamente el colch\u00f3n. Usa avanzada tecnolog\u00eda manteniendo el mejor confort. Se usa debajo de las s\u00e1banas.<\/p>\n<p>Evita el contacto de las mucosas nasales, bronquios y piel con los \u00e1caros del polvo, a la vez, baja la poblaci\u00f3n de estos en los colchones, al interferir con su principal fuente de alimentaci\u00f3n que es a la piel que usted descama todas las noches.<\/p>\n","protected":false},"excerpt":{"rendered":"<p>Cobertor antial\u00e9rgico para colch\u00f3n, hipoalerg\u00e9nico y antibacteriano, protege efectivamente mucosas nasales, bronquios y piel contra los \u00e1caros del polvo. Formato colch\u00f3n 70 cm x 140 cm x 12 cm alto<\/p>\n","protected":false},"featured_media":3549,"template":"","meta":[],"product_brand":[],"product_cat":[80,81],"product_tag":[122],"class_list":{"0":"post-3560","1":"product","2":"type-product","3":"status-publish","4":"has-post-thumbnail","6":"product_cat-fundas-antiacaros","7":"product_cat-funda-colchon-antiacaros","8":"product_tag-acaros","10":"first","11":"instock","12":"shipping-taxable","13":"purchasable","14":"product-type-simple"},"_links":{"self":[{"href":"https:\/\/espaginasweb.com\/sinalergia\/wp-json\/wp\/v2\/product\/3560","targetHints":{"allow":["GET"]}}],"collection":[{"href":"https:\/\/espaginasweb.com\/sinalergia\/wp-json\/wp\/v2\/product"}],"about":[{"href":"https:\/\/espaginasweb.com\/sinalergia\/wp-json\/wp\/v2\/types\/product"}],"wp:featuredmedia":[{"embeddable":true,"href":"https:\/\/espaginasweb.com\/sinalergia\/wp-json\/wp\/v2\/media\/3549"}],"wp:attachment":[{"href":"https:\/\/espaginasweb.com\/sinalergia\/wp-json\/wp\/v2\/media?parent=3560"}],"wp:term":[{"taxonomy":"product_brand","embeddable":true,"href":"https:\/\/espaginasweb.com\/sinalergia\/wp-json\/wp\/v2\/product_brand?post=3560"},{"taxonomy":"product_cat","embeddable":true,"href":"https:\/\/espaginasweb.com\/sinalergia\/wp-json\/wp\/v2\/product_cat?post=3560"},{"taxonomy":"product_tag","embeddable":true,"href":"https:\/\/espaginasweb.com\/sinalergia\/wp-json\/wp\/v2\/product_tag?post=3560"}],"curies":[{"name":"wp","href":"https:\/\/api.w.org\/{rel}","templated":true}]}}