{"id":3546,"date":"2023-01-10T23:43:36","date_gmt":"2023-01-10T23:43:36","guid":{"rendered":"https:\/\/espaginasweb.com\/sinalergia\/?post_type=product&#038;p=3546"},"modified":"2025-09-23T10:27:33","modified_gmt":"2025-09-23T13:27:33","slug":"detergente-antialergico-concentrado-allergen-wash","status":"publish","type":"product","link":"https:\/\/espaginasweb.com\/sinalergia\/tienda\/detergente-antialergico-concentrado-allergen-wash\/","title":{"rendered":"Detergente Anti Al\u00e9rgico Concentrado Allergen Wash"},"content":{"rendered":"<p>Elimina los s\u00edntomas de la alergia, no tu ropa.<\/p>\n<p>Allergen Wash contiene el potente ingrediente ACARIL que elimina los al\u00e9rgenos de los tejidos incluidos los \u00e1caros del polvo, la caspa del gato y perro y otros al\u00e9rgenos, como el polen.<\/p>\n<p>Los elimina a cualquier temperatura del agua.<\/p>\n<p>Para uso con todo tipo de lavadoras: carga superior, carga frontal y alta eficiencia<br \/>\nPuede utilizarse para ropa de cama, ropa en general, alfombras y mucho m\u00e1s<br \/>\nAllergen Wash es seguro para las personas, las mascotas y el medio ambiente.<\/p>\n<p>En el compartimiento o dispositivo de detergente de su lavadora, agregue \u00be de cuchara roja (incluida con producto) de Allergen Wash \u2122. No mezcle el prodcuto directamente con la ropa seca.<\/p>\n<p>Para Lavadoras de Alta Eficiencia, solo agregue 1\u20442 cuchara roja (incluida en el producto) de Allergen Wash en el compartimiento del detergente.<\/p>\n<p>Tama\u00f1o de 24 onzas \/ 710 ml que lava 30 cargas de tama\u00f1o mediano.<\/p>\n<p>En caso de contacto con los ojos, l\u00e1velos por 10 minutos.<\/p>\n","protected":false},"excerpt":{"rendered":"<p>Detergente de ropa que lava las telas mientras elimina de manera segura y eficaz los al\u00e9rgenos ambientales a cualquier temperatura del agua utilizando su poderoso ingrediente ACARIL\u00ae. Allergen Wash \u2122 elimina los al\u00e9rgenos de los \u00e1caros del polvo, la caspa de las mascotas, el polen y el moho en todo tipo de telas, incluso las m\u00e1s delicadas.<\/p>\n","protected":false},"featured_media":3547,"template":"","meta":[],"product_brand":[],"product_cat":[79],"product_tag":[122,124,125,123],"class_list":{"0":"post-3546","1":"product","2":"type-product","3":"status-publish","4":"has-post-thumbnail","6":"product_cat-antiacaros-hogar","7":"product_tag-acaros","8":"product_tag-caspa-de-animales","9":"product_tag-moho","10":"product_tag-polen","12":"first","13":"instock","14":"featured","15":"shipping-taxable","16":"purchasable","17":"product-type-simple"},"_links":{"self":[{"href":"https:\/\/espaginasweb.com\/sinalergia\/wp-json\/wp\/v2\/product\/3546","targetHints":{"allow":["GET"]}}],"collection":[{"href":"https:\/\/espaginasweb.com\/sinalergia\/wp-json\/wp\/v2\/product"}],"about":[{"href":"https:\/\/espaginasweb.com\/sinalergia\/wp-json\/wp\/v2\/types\/product"}],"wp:featuredmedia":[{"embeddable":true,"href":"https:\/\/espaginasweb.com\/sinalergia\/wp-json\/wp\/v2\/media\/3547"}],"wp:attachment":[{"href":"https:\/\/espaginasweb.com\/sinalergia\/wp-json\/wp\/v2\/media?parent=3546"}],"wp:term":[{"taxonomy":"product_brand","embeddable":true,"href":"https:\/\/espaginasweb.com\/sinalergia\/wp-json\/wp\/v2\/product_brand?post=3546"},{"taxonomy":"product_cat","embeddable":true,"href":"https:\/\/espaginasweb.com\/sinalergia\/wp-json\/wp\/v2\/product_cat?post=3546"},{"taxonomy":"product_tag","embeddable":true,"href":"https:\/\/espaginasweb.com\/sinalergia\/wp-json\/wp\/v2\/product_tag?post=3546"}],"curies":[{"name":"wp","href":"https:\/\/api.w.org\/{rel}","templated":true}]}}