{"id":3540,"date":"2023-01-10T23:40:07","date_gmt":"2023-01-10T23:40:07","guid":{"rendered":"https:\/\/espaginasweb.com\/sinalergia\/?post_type=product&#038;p=3540"},"modified":"2025-09-23T10:27:58","modified_gmt":"2025-09-23T13:27:58","slug":"spray-antialergico-ads-allersearch","status":"publish","type":"product","link":"https:\/\/espaginasweb.com\/sinalergia\/tienda\/spray-antialergico-ads-allersearch\/","title":{"rendered":"Spray Anti Al\u00e9rgico ADS"},"content":{"rendered":"<p>Este spray m\u00e9dicamente probado neutraliza los al\u00e9rgenos al contacto hasta por 3 meses. El ingrediente activo de este aerosol es el \u00e1cido t\u00e1nico, que se ha demostrado m\u00e9dicamente que desnaturaliza las prote\u00ednas alerg\u00e9nicas de \u00e1caros y gatos, lo que lo hace permanentemente no alerg\u00e9nico. ADS\u2122 tambi\u00e9n neutralizar\u00e1 los al\u00e9rgenos de los p\u00f3lenes de las plantas y las gram\u00edneas, el moho y los hongos.<\/p>\n<p>Recomendado para personas que sufran de asma, rinitis y dermatitis at\u00f3pica, etc.<\/p>\n<p>ADS\u2122 se puede usar de forma segura en alfombras, tapices, sillones, mesones, cortinas y todo tipo de superficies que se puedan humedecer de forma segura.<\/p>\n<p>Aplicaci\u00f3n:<\/p>\n<p>&#8211; Roc\u00ede una fina niebla de ADS\u2122 para humedecer las fibras externas de la superficie que se est\u00e1 tratando.<\/p>\n<p>&#8211; Deje que la superficie tratada se seque durante aproximadamente tres horas.<\/p>\n<p>&#8211; Una vez que la superficie est\u00e9 seca, aspire para recoger cualquier exceso de residuo.<\/p>\n<p>&#8211; El tratamiento otorga una protecci\u00f3n m\u00e1xima de 90 d\u00edas. Luego, vuelva a tratar las superficies para obtener un beneficio \u00f3ptimo.<\/p>\n<p>No t\u00f3xico: seguro para personas, mascotas y medio ambiente.<\/p>\n<p>Contiene \u00e1cido t\u00e1nico.<\/p>\n<p>Otorga una protecci\u00f3n desde 60 y hasta por 90 d\u00edas.<\/p>\n","protected":false},"excerpt":{"rendered":"<p>Spray m\u00e9dicamente probado que neutraliza los al\u00e9rgenos como \u00e1caros del polvo, caspa de animales, p\u00f3lenes, moho y hongos al contacto hasta por\u00a03\u00a0meses.<\/p>\n","protected":false},"featured_media":3542,"template":"","meta":[],"product_brand":[],"product_cat":[79],"product_tag":[122,124,125,123],"class_list":{"0":"post-3540","1":"product","2":"type-product","3":"status-publish","4":"has-post-thumbnail","6":"product_cat-antiacaros-hogar","7":"product_tag-acaros","8":"product_tag-caspa-de-animales","9":"product_tag-moho","10":"product_tag-polen","12":"first","13":"instock","14":"shipping-taxable","15":"purchasable","16":"product-type-simple"},"_links":{"self":[{"href":"https:\/\/espaginasweb.com\/sinalergia\/wp-json\/wp\/v2\/product\/3540","targetHints":{"allow":["GET"]}}],"collection":[{"href":"https:\/\/espaginasweb.com\/sinalergia\/wp-json\/wp\/v2\/product"}],"about":[{"href":"https:\/\/espaginasweb.com\/sinalergia\/wp-json\/wp\/v2\/types\/product"}],"wp:featuredmedia":[{"embeddable":true,"href":"https:\/\/espaginasweb.com\/sinalergia\/wp-json\/wp\/v2\/media\/3542"}],"wp:attachment":[{"href":"https:\/\/espaginasweb.com\/sinalergia\/wp-json\/wp\/v2\/media?parent=3540"}],"wp:term":[{"taxonomy":"product_brand","embeddable":true,"href":"https:\/\/espaginasweb.com\/sinalergia\/wp-json\/wp\/v2\/product_brand?post=3540"},{"taxonomy":"product_cat","embeddable":true,"href":"https:\/\/espaginasweb.com\/sinalergia\/wp-json\/wp\/v2\/product_cat?post=3540"},{"taxonomy":"product_tag","embeddable":true,"href":"https:\/\/espaginasweb.com\/sinalergia\/wp-json\/wp\/v2\/product_tag?post=3540"}],"curies":[{"name":"wp","href":"https:\/\/api.w.org\/{rel}","templated":true}]}}