{"id":3537,"date":"2023-01-10T23:38:03","date_gmt":"2023-01-10T23:38:03","guid":{"rendered":"https:\/\/espaginasweb.com\/sinalergia\/?post_type=product&#038;p=3537"},"modified":"2025-09-23T10:28:17","modified_gmt":"2025-09-23T13:28:17","slug":"acaril-aditivo-detergente-antialergico","status":"publish","type":"product","link":"https:\/\/espaginasweb.com\/sinalergia\/tienda\/acaril-aditivo-detergente-antialergico\/","title":{"rendered":"Aditivo Hipoalerg\u00e9nico Para Lavadora Acaril"},"content":{"rendered":"<p>Aditivo antialerg\u00e9nico que elimina \u00e1caros del polvo, caspa de animales, moho y p\u00f3lenes de todo tipo de telas durante el proceso de lavado. Es compatible con todos los detergentes y aditivos.<\/p>\n<p>Recomendado por m\u00e9dicos para su uso en el lavado de la ropa de cama y otras telas.<\/p>\n<p>Acaril se puede usar tanto agua fr\u00eda como caliente y no desti\u00f1e. Los \u00e1caros son una de las principales causas de asma, rinitis al\u00e9rgica y en ocasiones dermatitis at\u00f3pica siendo dif\u00edciles de eliminar con el lavado normal debido a que se requieren altas temperaturas que pueden da\u00f1ar y descolorar la ropa.<\/p>\n<p>Direcciones de uso: Usar 20cc de Acaril por cada carga de ropa en su lavadora ya sea directamente o en el compartimiento del detergente.<\/p>\n<p>Componentes: Surfactantes, alcoholes y aceites de \u00e1rbol de t\u00e9 en suspensi\u00f3n de Metil salicilato.<\/p>\n<p>Rendimiento: Contiene 240 ml rendimiento 12 cargas en lavadora<\/p>\n<p>Precauciones: El contacto directo puede producir irritaci\u00f3n de ojos o piel. En este caso enjuague los ojos o piel con abundante agua. Mant\u00e9ngalo fuera del alcance de los ni\u00f1os. No ingerir.<\/p>\n","protected":false},"excerpt":{"rendered":"<p>Aditivo anti\u00e1caros para el lavado de ropa de cama y otras telas como: ropa, cortinas, frazadas, fundas, cobertores y sacos de dormir, entre otros. Elimina \u00e1caros del polvo, caspa de animales, p\u00f3lenes y moho entre otros alergenos.<\/p>\n","protected":false},"featured_media":3538,"template":"","meta":[],"product_brand":[],"product_cat":[79],"product_tag":[122,124,125,123],"class_list":{"0":"post-3537","1":"product","2":"type-product","3":"status-publish","4":"has-post-thumbnail","6":"product_cat-antiacaros-hogar","7":"product_tag-acaros","8":"product_tag-caspa-de-animales","9":"product_tag-moho","10":"product_tag-polen","12":"first","13":"instock","14":"shipping-taxable","15":"purchasable","16":"product-type-simple"},"_links":{"self":[{"href":"https:\/\/espaginasweb.com\/sinalergia\/wp-json\/wp\/v2\/product\/3537","targetHints":{"allow":["GET"]}}],"collection":[{"href":"https:\/\/espaginasweb.com\/sinalergia\/wp-json\/wp\/v2\/product"}],"about":[{"href":"https:\/\/espaginasweb.com\/sinalergia\/wp-json\/wp\/v2\/types\/product"}],"wp:featuredmedia":[{"embeddable":true,"href":"https:\/\/espaginasweb.com\/sinalergia\/wp-json\/wp\/v2\/media\/3538"}],"wp:attachment":[{"href":"https:\/\/espaginasweb.com\/sinalergia\/wp-json\/wp\/v2\/media?parent=3537"}],"wp:term":[{"taxonomy":"product_brand","embeddable":true,"href":"https:\/\/espaginasweb.com\/sinalergia\/wp-json\/wp\/v2\/product_brand?post=3537"},{"taxonomy":"product_cat","embeddable":true,"href":"https:\/\/espaginasweb.com\/sinalergia\/wp-json\/wp\/v2\/product_cat?post=3537"},{"taxonomy":"product_tag","embeddable":true,"href":"https:\/\/espaginasweb.com\/sinalergia\/wp-json\/wp\/v2\/product_tag?post=3537"}],"curies":[{"name":"wp","href":"https:\/\/api.w.org\/{rel}","templated":true}]}}