{"id":3534,"date":"2023-01-10T23:31:44","date_gmt":"2023-01-10T23:31:44","guid":{"rendered":"https:\/\/espaginasweb.com\/sinalergia\/?post_type=product&#038;p=3534"},"modified":"2025-09-23T10:28:32","modified_gmt":"2025-09-23T13:28:32","slug":"spray-antialergico-adms-allersearch","status":"publish","type":"product","link":"https:\/\/espaginasweb.com\/sinalergia\/tienda\/spray-antialergico-adms-allersearch\/","title":{"rendered":"Spray Anti Al\u00e9rgico ADMS"},"content":{"rendered":"<p>Este spray inorg\u00e1nico antialerg\u00e9nico utiliza un compuesto oxidante que destruye los al\u00e9rgenos de los \u00e1caros del polvo, la caspa de las mascotas, el polen, el moho y los hongos al contacto. Recomendado personas que sufran de asma, rinitis y dermatitis at\u00f3pica, entre otras.<\/p>\n<p>ADMS\u2122 se puede usar de forma segura en alfombras, tapices, sillones, mesones, cortinas y todo tipo de superficies que se puedan humedecer de forma segura. Su f\u00f3rmula que no mancha no contiene \u00e1cido t\u00e1nico ni benzoato de bencilo, por lo que es seguro usarlo en todos los colores, incluido el blanco.<\/p>\n<p>Aplicaci\u00f3n:<\/p>\n<p>&#8211; Roc\u00ede una fina niebla de ADMS \u2122 para humedecer las fibras externas de la superficie que se est\u00e1 tratando.<\/p>\n<p>&#8211; Deje que la superficie tratada se seque durante aproximadamente tres horas.<\/p>\n<p>&#8211; Una vez que la superficie est\u00e9 seca, aspire para recoger cualquier exceso de residuo.<\/p>\n<p>&#8211; Vuelva a tratar las superficies cada 30 d\u00edas para obtener un beneficio \u00f3ptimo del tratamiento.<\/p>\n<p>Productos ecol\u00f3gico a base de agua deionizada, sulfactantes y extractos antialerg\u00e9nicos naturales.<\/p>\n<p>No t\u00f3xico: seguro para personas, mascotas y medio ambiente.<\/p>\n<p>No contiene \u00e1cido t\u00e1nico ni benzoato de bencilo.<\/p>\n<p>Tratamiento cada 30 d\u00edas.<\/p>\n","protected":false},"excerpt":{"rendered":"<p>Spray ecol\u00f3gico antialerg\u00e9nico que elimina los al\u00e9rgenos de ambientes interiores como \u00e1caros del polvo, hongos, caspa del gato y de otros animales dom\u00e9sticos.<\/p>\n","protected":false},"featured_media":3535,"template":"","meta":[],"product_brand":[],"product_cat":[79],"product_tag":[122,124,125,123],"class_list":{"0":"post-3534","1":"product","2":"type-product","3":"status-publish","4":"has-post-thumbnail","6":"product_cat-antiacaros-hogar","7":"product_tag-acaros","8":"product_tag-caspa-de-animales","9":"product_tag-moho","10":"product_tag-polen","12":"first","13":"instock","14":"shipping-taxable","15":"purchasable","16":"product-type-simple"},"_links":{"self":[{"href":"https:\/\/espaginasweb.com\/sinalergia\/wp-json\/wp\/v2\/product\/3534","targetHints":{"allow":["GET"]}}],"collection":[{"href":"https:\/\/espaginasweb.com\/sinalergia\/wp-json\/wp\/v2\/product"}],"about":[{"href":"https:\/\/espaginasweb.com\/sinalergia\/wp-json\/wp\/v2\/types\/product"}],"wp:featuredmedia":[{"embeddable":true,"href":"https:\/\/espaginasweb.com\/sinalergia\/wp-json\/wp\/v2\/media\/3535"}],"wp:attachment":[{"href":"https:\/\/espaginasweb.com\/sinalergia\/wp-json\/wp\/v2\/media?parent=3534"}],"wp:term":[{"taxonomy":"product_brand","embeddable":true,"href":"https:\/\/espaginasweb.com\/sinalergia\/wp-json\/wp\/v2\/product_brand?post=3534"},{"taxonomy":"product_cat","embeddable":true,"href":"https:\/\/espaginasweb.com\/sinalergia\/wp-json\/wp\/v2\/product_cat?post=3534"},{"taxonomy":"product_tag","embeddable":true,"href":"https:\/\/espaginasweb.com\/sinalergia\/wp-json\/wp\/v2\/product_tag?post=3534"}],"curies":[{"name":"wp","href":"https:\/\/api.w.org\/{rel}","templated":true}]}}