{"id":3522,"date":"2023-01-09T23:35:26","date_gmt":"2023-01-09T23:35:26","guid":{"rendered":"https:\/\/espaginasweb.com\/sinalergia\/?post_type=product&#038;p=3522"},"modified":"2025-09-23T10:31:44","modified_gmt":"2025-09-23T13:31:44","slug":"xmite-antilaergico-alfombra-allersearch","status":"publish","type":"product","link":"https:\/\/espaginasweb.com\/sinalergia\/tienda\/xmite-antilaergico-alfombra-allersearch\/","title":{"rendered":"X- MITE Champ\u00fa Anti \u00c1caros Para Alfombras"},"content":{"rendered":"<p>Tratamiento de limpieza para alfombras y cubre pisos DOS EN UNO que junto con el lavado neutraliza y desactiva los al\u00e9rgenos de \u00e1caros del polvo, hongos, mascotas, caspa de gatos y otros.<\/p>\n<p>Direcciones de uso:<\/p>\n<p>-Espolvorear uniformemente sobre alfombras y\/o los muebles tapizados<\/p>\n<p>-Cepille el X-Mite sobre la alfombra o tapizado con un cepillo limpio o escoba<\/p>\n<p>-Espere 3 horas antes de aspirar, para permitir que el X-Mite surta efecto<\/p>\n<p>-Cada X-Mite contiene 454 grs. Sirve para tratar app 14 Mts.2. Aplicar cada 90 d\u00edas.<\/p>\n<p>-Para mayor informaci\u00f3n, observe el video que se encuentra en el link del producto.<\/p>\n<p>Precauciones:<\/p>\n<p>-Evite el contacto con los ojos o digesti\u00f3n. Si fue ingerido induzca un v\u00f3mito y consulte a un m\u00e9dico. Si tuvo contacto con los ojos, lave con agua tibia por 10 minutos y consulte a un m\u00e9dico.<\/p>\n<p>-Guarde en un lugar seco y alejado de los ni\u00f1os.<\/p>\n<p>-Producto fabricado en USA<\/p>\n","protected":false},"excerpt":{"rendered":"<p>Neutraliza y desactiva los al\u00e9rgenos de \u00e1caros del polvo, hongos, caspa de mascotas y otros de alfombras y pisos. Producto no t\u00f3xico, seguro para las personas, mascotas y medio ambiente.<\/p>\n","protected":false},"featured_media":3532,"template":"","meta":[],"product_brand":[],"product_cat":[79],"product_tag":[122,124,125,123],"class_list":{"0":"post-3522","1":"product","2":"type-product","3":"status-publish","4":"has-post-thumbnail","6":"product_cat-antiacaros-hogar","7":"product_tag-acaros","8":"product_tag-caspa-de-animales","9":"product_tag-moho","10":"product_tag-polen","12":"first","13":"instock","14":"shipping-taxable","15":"purchasable","16":"product-type-simple"},"_links":{"self":[{"href":"https:\/\/espaginasweb.com\/sinalergia\/wp-json\/wp\/v2\/product\/3522","targetHints":{"allow":["GET"]}}],"collection":[{"href":"https:\/\/espaginasweb.com\/sinalergia\/wp-json\/wp\/v2\/product"}],"about":[{"href":"https:\/\/espaginasweb.com\/sinalergia\/wp-json\/wp\/v2\/types\/product"}],"wp:featuredmedia":[{"embeddable":true,"href":"https:\/\/espaginasweb.com\/sinalergia\/wp-json\/wp\/v2\/media\/3532"}],"wp:attachment":[{"href":"https:\/\/espaginasweb.com\/sinalergia\/wp-json\/wp\/v2\/media?parent=3522"}],"wp:term":[{"taxonomy":"product_brand","embeddable":true,"href":"https:\/\/espaginasweb.com\/sinalergia\/wp-json\/wp\/v2\/product_brand?post=3522"},{"taxonomy":"product_cat","embeddable":true,"href":"https:\/\/espaginasweb.com\/sinalergia\/wp-json\/wp\/v2\/product_cat?post=3522"},{"taxonomy":"product_tag","embeddable":true,"href":"https:\/\/espaginasweb.com\/sinalergia\/wp-json\/wp\/v2\/product_tag?post=3522"}],"curies":[{"name":"wp","href":"https:\/\/api.w.org\/{rel}","templated":true}]}}