{"id":3783,"date":"2025-09-11T14:38:03","date_gmt":"2025-09-11T17:38:03","guid":{"rendered":"https:\/\/espaginasweb.com\/sinalergia\/?page_id=3783"},"modified":"2025-09-11T17:00:02","modified_gmt":"2025-09-11T20:00:02","slug":"reembolso-devoluciones","status":"publish","type":"page","link":"https:\/\/espaginasweb.com\/sinalergia\/reembolso-devoluciones\/","title":{"rendered":"Devoluciones y reembolsos"},"content":{"rendered":"\n<p><h2><span style=\"color: revert; font-size: revert; font-weight: revert;\">Compromiso<\/span><\/h2><\/p>\n\n\n\n<p>Queremos que tu experiencia de compra sea satisfactoria. Si por cualquier motivo no est\u00e1s conforme con tu pedido, ponemos a tu disposici\u00f3n nuestra pol\u00edtica de devoluciones y reembolsos, simple y transparente.<\/p>\n\n\n\n<p><h2>Retracto<\/h2><\/p>\n\n\n\n<p>En compras realizadas por internet, el consumidor tiene un plazo de 10 d\u00edas desde que recibe el producto para retractarse.<\/p>\n\n\n\n<p><h2>Garant\u00eda<\/h2><\/p>\n\n\n\n<p>Si el producto nuevo presenta fallas de f\u00e1brica o no es apto para el uso que deber\u00eda tener, el consumidor puede exigir, dentro de los primeros 6 meses desde la recepci\u00f3n:<\/p>\n\n\n\n<p>La devoluci\u00f3n del dinero (reembolso), el cambio del producto o la reparaci\u00f3n gratuita.<\/p>\n\n\n\n<p>No procede retracto en productos de uso personal, higiene, alimentos, software abierto o bienes confeccionados a medida, salvo que vengan con fallas.<br><h2>Cambios o devoluciones<\/h2><\/p>\n\n\n\n<p>Escr\u00edbenos a contacto@sinalergia.cl con el n\u00famero de tu pedido y el motivo de la devoluci\u00f3n.<\/p>\n\n\n\n<p>Te enviaremos las instrucciones para coordinar el retiro o el env\u00edo del producto.<\/p>\n\n\n\n<p>Una vez recibido y revisado, te notificaremos la aceptaci\u00f3n o rechazo de tu solicitud.<\/p>\n","protected":false},"excerpt":{"rendered":"<p>Compromiso Queremos que tu experiencia de compra sea satisfactoria. Si por cualquier motivo no est\u00e1s conforme con tu pedido, ponemos a tu disposici\u00f3n nuestra pol\u00edtica de devoluciones y reembolsos, simple y transparente. Retracto En compras realizadas por internet, el consumidor tiene un plazo de 10 d\u00edas desde que recibe el producto para retractarse. Garant\u00eda Si<\/p>\n<p class=\"link-more\"><a href=\"https:\/\/espaginasweb.com\/sinalergia\/reembolso-devoluciones\/\" class=\"more-link\"><span>Read More<\/span><span class=\"meta-nav\">&#8594;<\/span><\/a><\/p>\n","protected":false},"author":1,"featured_media":0,"parent":0,"menu_order":0,"comment_status":"closed","ping_status":"closed","template":"","meta":{"footnotes":""},"class_list":["post-3783","page","type-page","status-publish","hentry"],"_links":{"self":[{"href":"https:\/\/espaginasweb.com\/sinalergia\/wp-json\/wp\/v2\/pages\/3783","targetHints":{"allow":["GET"]}}],"collection":[{"href":"https:\/\/espaginasweb.com\/sinalergia\/wp-json\/wp\/v2\/pages"}],"about":[{"href":"https:\/\/espaginasweb.com\/sinalergia\/wp-json\/wp\/v2\/types\/page"}],"author":[{"embeddable":true,"href":"https:\/\/espaginasweb.com\/sinalergia\/wp-json\/wp\/v2\/users\/1"}],"replies":[{"embeddable":true,"href":"https:\/\/espaginasweb.com\/sinalergia\/wp-json\/wp\/v2\/comments?post=3783"}],"version-history":[{"count":2,"href":"https:\/\/espaginasweb.com\/sinalergia\/wp-json\/wp\/v2\/pages\/3783\/revisions"}],"predecessor-version":[{"id":4045,"href":"https:\/\/espaginasweb.com\/sinalergia\/wp-json\/wp\/v2\/pages\/3783\/revisions\/4045"}],"wp:attachment":[{"href":"https:\/\/espaginasweb.com\/sinalergia\/wp-json\/wp\/v2\/media?parent=3783"}],"curies":[{"name":"wp","href":"https:\/\/api.w.org\/{rel}","templated":true}]}}